{"id":1049,"date":"2025-09-10T14:35:30","date_gmt":"2025-09-10T14:35:30","guid":{"rendered":"https:\/\/startersites.io\/elementor\/landscape\/?page_id=1049"},"modified":"2026-03-11T12:41:52","modified_gmt":"2026-03-11T15:41:52","slug":"contact","status":"publish","type":"page","link":"https:\/\/metahospitalar.com.br\/en\/contact\/","title":{"rendered":"Hist\u00f3ria da metahospitalar"},"content":{"rendered":"\t\t<div data-elementor-type=\"wp-page\" data-elementor-id=\"1049\" class=\"elementor elementor-1049\" data-elementor-post-type=\"page\">\n\t\t\t\t<div class=\"elementor-element elementor-element-d1f74cb e-flex e-con-boxed e-con e-parent\" data-id=\"d1f74cb\" data-element_type=\"container\" data-e-type=\"container\" data-settings=\"{&quot;background_background&quot;:&quot;classic&quot;}\">\n\t\t\t\t\t<div class=\"e-con-inner\">\n\t\t\t\t<div class=\"elementor-element elementor-element-5878664 elementor-widget elementor-widget-heading\" data-id=\"5878664\" data-element_type=\"widget\" data-e-type=\"widget\" data-widget_type=\"heading.default\">\n\t\t\t\t\t<h2 class=\"elementor-heading-title elementor-size-default\">Desde 1997, transformando engenharia hospitalar em solu\u00e7\u00f5es para o cuidado com a vida.<\/h2>\t\t\t\t<\/div>\n\t\t\t\t<div class=\"elementor-element elementor-element-2ab832d elementor-widget__width-initial elementor-widget elementor-widget-text-editor\" data-id=\"2ab832d\" data-element_type=\"widget\" data-e-type=\"widget\" data-widget_type=\"text-editor.default\">\n\t\t\t\t\t\t\t\t\t<p>Hoje somos uma ind\u00fastria hospitalar guiada por engenharia, inova\u00e7\u00e3o e tecnologia de produ\u00e7\u00e3o.<br data-start=\"331\" data-end=\"334\" \/>Cada solu\u00e7\u00e3o que desenvolvemos reflete nosso prop\u00f3sito: criar equipamentos que elevam a qualidade do cuidado e a efici\u00eancia hospitalar.<\/p>\t\t\t\t\t\t\t\t<\/div>\n\t\t\t\t\t<\/div>\n\t\t\t\t<\/div>\n\t\t<div class=\"elementor-element elementor-element-756f5a4 e-flex e-con-boxed e-con e-parent\" data-id=\"756f5a4\" data-element_type=\"container\" data-e-type=\"container\">\n\t\t\t\t\t<div class=\"e-con-inner\">\n\t\t<div class=\"elementor-element elementor-element-e779be8 e-con-full e-flex e-con e-child\" data-id=\"e779be8\" data-element_type=\"container\" data-e-type=\"container\" data-settings=\"{&quot;background_background&quot;:&quot;classic&quot;}\">\n\t\t<div class=\"elementor-element elementor-element-4606173 e-con-full ct-backdrop e-flex e-con e-child\" data-id=\"4606173\" data-element_type=\"container\" data-e-type=\"container\" data-settings=\"{&quot;background_background&quot;:&quot;classic&quot;}\">\n\t\t\t\t<div class=\"elementor-element elementor-element-780342a elementor-view-stacked elementor-position-inline-start elementor-tablet-position-inline-start elementor-shape-circle elementor-mobile-position-block-start elementor-widget elementor-widget-icon-box\" data-id=\"780342a\" data-element_type=\"widget\" data-e-type=\"widget\" data-widget_type=\"icon-box.default\">\n\t\t\t\t\t\t\t<div class=\"elementor-icon-box-wrapper\">\n\n\t\t\t\t\t\t<div class=\"elementor-icon-box-icon\">\n\t\t\t\t<span  class=\"elementor-icon\">\n\t\t\t\t<svg aria-hidden=\"true\" class=\"e-font-icon-svg e-fas-hand-holding-medical\" viewBox=\"0 0 576 512\" xmlns=\"http:\/\/www.w3.org\/2000\/svg\"><path d=\"M159.88,175.82h64v64a16,16,0,0,0,16,16h64a16,16,0,0,0,16-16v-64h64a16,16,0,0,0,16-16v-64a16,16,0,0,0-16-16h-64v-64a16,16,0,0,0-16-16h-64a16,16,0,0,0-16,16v64h-64a16,16,0,0,0-16,16v64A16,16,0,0,0,159.88,175.82ZM568.07,336.13a39.91,39.91,0,0,0-55.93-8.47L392.47,415.84H271.86a16,16,0,0,1,0-32H350.1c16,0,30.75-10.87,33.37-26.61a32.06,32.06,0,0,0-31.62-37.38h-160a117.7,117.7,0,0,0-74.12,26.25l-46.5,37.74H15.87a16.11,16.11,0,0,0-16,16v96a16.11,16.11,0,0,0,16,16h347a104.8,104.8,0,0,0,61.7-20.27L559.6,392A40,40,0,0,0,568.07,336.13Z\"><\/path><\/svg>\t\t\t\t<\/span>\n\t\t\t<\/div>\n\t\t\t\n\t\t\t\t\t\t<div class=\"elementor-icon-box-content\">\n\n\t\t\t\t\t\t\t\t\t<h6 class=\"elementor-icon-box-title\">\n\t\t\t\t\t\t<span  >\n\t\t\t\t\t\t\tMetahospitalar 2024\t\t\t\t\t\t<\/span>\n\t\t\t\t\t<\/h6>\n\t\t\t\t\n\t\t\t\t\t\t\t\t\t<p class=\"elementor-icon-box-description\">\n\t\t\t\t\t\tS\u00e3o mais de 10.000m\u00b2 de ind\u00fastria, com tecnologia de ponta.\t\t\t\t\t<\/p>\n\t\t\t\t\n\t\t\t<\/div>\n\t\t\t\n\t\t<\/div>\n\t\t\t\t\t\t<\/div>\n\t\t\t\t<\/div>\n\t\t\t\t<\/div>\n\t\t<div class=\"elementor-element elementor-element-8e78cb4 e-con-full e-flex e-con e-child\" data-id=\"8e78cb4\" data-element_type=\"container\" data-e-type=\"container\" data-settings=\"{&quot;background_background&quot;:&quot;classic&quot;}\">\n\t\t\t\t<div class=\"elementor-element elementor-element-77552fd elementor-widget__width-initial elementor-widget elementor-widget-heading\" data-id=\"77552fd\" data-element_type=\"widget\" data-e-type=\"widget\" data-widget_type=\"heading.default\">\n\t\t\t\t\t<h4 class=\"elementor-heading-title elementor-size-default\">O In\u00edcio<\/h4>\t\t\t\t<\/div>\n\t\t<div class=\"elementor-element elementor-element-efb280e e-con-full e-flex e-con e-child\" data-id=\"efb280e\" data-element_type=\"container\" data-e-type=\"container\">\n\t\t\t\t<div class=\"elementor-element elementor-element-3e275d5 elementor-widget elementor-widget-text-editor\" data-id=\"3e275d5\" data-element_type=\"widget\" data-e-type=\"widget\" data-widget_type=\"text-editor.default\">\n\t\t\t\t\t\t\t\t\t<p>\u00a0Fundada em 1997, a Metahospitalar \u00e9 uma companhia especializada em leitos e macas hospitalares.<\/p><p>Desde sua funda\u00e7\u00e3o, dedica-se \u00e0 fabrica\u00e7\u00e3o de leitos, macas, equipamentos e m\u00f3veis hospitalares.<\/p><p>A Metahospitalar completou 30 anos de experi\u00eancia e ao longo de sua jornada conquistou a lideran\u00e7a do mercado de equipamentos m\u00e9dicos hospitalares.<\/p><p>\u00a0A Metahospitalar tem sido desde a sua origem inovadora. Apresenta um crescimento inspirador que impressiona o mercado do segmento m\u00e9dico hospitalar. L\u00edder nacional em fornecimento de leitos hospitalares no Brasil. Tanto no mercado p\u00fablico como no privado. A marca Metahospitalar est\u00e1 presente em todo territ\u00f3rio nacional.<\/p>\t\t\t\t\t\t\t\t<\/div>\n\t\t\t\t<\/div>\n\t\t\t\t<\/div>\n\t\t\t\t\t<\/div>\n\t\t\t\t<\/div>\n\t\t<div class=\"elementor-element elementor-element-561b895 e-flex e-con-boxed e-con e-parent\" data-id=\"561b895\" data-element_type=\"container\" data-e-type=\"container\" data-settings=\"{&quot;background_background&quot;:&quot;classic&quot;}\">\n\t\t\t\t\t<div class=\"e-con-inner\">\n\t\t\t\t<div class=\"elementor-element elementor-element-8fbb82c elementor-widget elementor-widget-heading\" data-id=\"8fbb82c\" data-element_type=\"widget\" data-e-type=\"widget\" data-widget_type=\"heading.default\">\n\t\t\t\t\t<h2 class=\"elementor-heading-title elementor-size-default\">Hospital modelo no Centro-Oeste<\/h2>\t\t\t\t<\/div>\n\t\t\t\t<div class=\"elementor-element elementor-element-814308b elementor-widget elementor-widget-text-editor\" data-id=\"814308b\" data-element_type=\"widget\" data-e-type=\"widget\" data-widget_type=\"text-editor.default\">\n\t\t\t\t\t\t\t\t\t<p>O Hospital HMU &#8211; Hospital Municipal Universit\u00e1rio possue mais de 300 leitos do SUS, sendo 275 de enfermaria e 36 de UTI, al\u00e9m de 15 leitos de observa\u00e7\u00e3o no Pronto Socorro e 21 unidades ambulatoriais.<\/p>\t\t\t\t\t\t\t\t<\/div>\n\t\t\t\t\t<\/div>\n\t\t\t\t<\/div>\n\t\t<div class=\"elementor-element elementor-element-7da7c2c e-flex e-con-boxed e-con e-parent\" data-id=\"7da7c2c\" data-element_type=\"container\" data-e-type=\"container\">\n\t\t\t\t\t<div class=\"e-con-inner\">\n\t\t<div class=\"elementor-element elementor-element-aa7bff4 e-con-full e-flex e-con e-child\" data-id=\"aa7bff4\" data-element_type=\"container\" data-e-type=\"container\" data-settings=\"{&quot;background_background&quot;:&quot;classic&quot;}\">\n\t\t\t\t<\/div>\n\t\t<div class=\"elementor-element elementor-element-a85d51d e-con-full e-flex e-con e-child\" data-id=\"a85d51d\" data-element_type=\"container\" data-e-type=\"container\" data-settings=\"{&quot;background_background&quot;:&quot;classic&quot;}\">\n\t\t\t\t<div class=\"elementor-element elementor-element-14026cb elementor-widget__width-initial elementor-widget elementor-widget-heading\" data-id=\"14026cb\" data-element_type=\"widget\" data-e-type=\"widget\" data-widget_type=\"heading.default\">\n\t\t\t\t\t<h4 class=\"elementor-heading-title elementor-size-default\">Exporta\u00e7\u00e3o<\/h4>\t\t\t\t<\/div>\n\t\t<div class=\"elementor-element elementor-element-c4549aa e-con-full e-flex e-con e-child\" data-id=\"c4549aa\" data-element_type=\"container\" data-e-type=\"container\">\n\t\t\t\t<div class=\"elementor-element elementor-element-7b35c31 elementor-widget elementor-widget-text-editor\" data-id=\"7b35c31\" data-element_type=\"widget\" data-e-type=\"widget\" data-widget_type=\"text-editor.default\">\n\t\t\t\t\t\t\t\t\t<p><span style=\"font-weight: 400;\">Em\u00a0 2016 decidimos internacionalizar a marca quebrando as fronteiras e paradigmas. Colocamos em pr\u00e1tica o planejamento estrat\u00e9gico de exporta\u00e7\u00e3o.<\/span><\/p><p><span style=\"font-weight: 400;\">Hoje exportamos para os pa\u00edses da Am\u00e9rica do Sul, Am\u00e9rica do Norte e para o Continente Africano. Dentre eles: Argentina,\u00a0 Chile, Paraguai, Uruguai, Venezuela, Estados Unidos, Rep\u00fablica do Congo e\u00a0<\/span><span style=\"background-color: var(--palettecolor8); text-align: inherit;\">Ghana.<\/span><span style=\"font-size: inherit; text-align: inherit; background-color: var(--palettecolor8); color: var(--color); font-family: var(--fontFamily); font-style: var(--fontStyle, inherit); letter-spacing: var(--letterSpacing); text-transform: var(--textTransform);\">\u00a0<\/span><\/p><p><span style=\"font-weight: 400;\">No ano de 2020 a 2021 a Metahospitalar teve um salto produtivo e recorde com mais de 8.000 camas hospitalares para unidades de terapia intensiva e 38.000 produtos hospitalares.\u00a0<\/span><\/p>\t\t\t\t\t\t\t\t<\/div>\n\t\t\t\t<\/div>\n\t\t\t\t<\/div>\n\t\t\t\t\t<\/div>\n\t\t\t\t<\/div>\n\t\t<div class=\"elementor-element elementor-element-350c8fb e-flex e-con-boxed e-con e-parent\" data-id=\"350c8fb\" data-element_type=\"container\" data-e-type=\"container\">\n\t\t\t\t\t<div class=\"e-con-inner\">\n\t\t<div class=\"elementor-element elementor-element-0cc2acf e-con-full e-flex e-con e-child\" data-id=\"0cc2acf\" data-element_type=\"container\" data-e-type=\"container\" data-settings=\"{&quot;background_background&quot;:&quot;classic&quot;}\">\n\t\t\t\t<\/div>\n\t\t<div class=\"elementor-element elementor-element-c423afd e-con-full e-flex e-con e-child\" data-id=\"c423afd\" data-element_type=\"container\" data-e-type=\"container\" data-settings=\"{&quot;background_background&quot;:&quot;classic&quot;}\">\n\t\t\t\t<div class=\"elementor-element elementor-element-86f7687 elementor-widget__width-initial elementor-widget elementor-widget-heading\" data-id=\"86f7687\" data-element_type=\"widget\" data-e-type=\"widget\" data-widget_type=\"heading.default\">\n\t\t\t\t\t<h4 class=\"elementor-heading-title elementor-size-default\">+ Tecnologia + Produ\u00e7\u00e3o<\/h4>\t\t\t\t<\/div>\n\t\t<div class=\"elementor-element elementor-element-f5f713a e-con-full e-flex e-con e-child\" data-id=\"f5f713a\" data-element_type=\"container\" data-e-type=\"container\">\n\t\t\t\t<div class=\"elementor-element elementor-element-9c7fc3b elementor-widget elementor-widget-text-editor\" data-id=\"9c7fc3b\" data-element_type=\"widget\" data-e-type=\"widget\" data-widget_type=\"text-editor.default\">\n\t\t\t\t\t\t\t\t\t<p dir=\"ltr\">O parque tecnol\u00f3gico da Metahospitalar est\u00e1 preparado para grandes demandas de leitos hospitalares mundiais.<\/p><p dir=\"ltr\">Possui em seus recursos humanos profissionais dedicados e comprometidos, tudo para garantir a qualidade de nossos produtos.<\/p><p dir=\"ltr\">Seguimos todos os rigores que o mercado da sa\u00fade necessita.<\/p><p dir=\"ltr\">Al\u00e9m de toda a tecnologia embarcada na produ\u00e7\u00e3o de leitos, macas, poltronas de reabilita\u00e7\u00e3o ou n\u00e3o, temos m\u00f3veis para hotelaria hospitalar compreendendo sof\u00e1-cama, mesa de cabeceira, suporte para soro e estativa para U.T.I.<\/p><p dir=\"ltr\">A Metahospitalar se preocupa com o meio ambiente, com isso temos nossa pr\u00f3pria Esta\u00e7\u00e3o de Tratamento de Efluentes E.T.E.<\/p>\t\t\t\t\t\t\t\t<\/div>\n\t\t\t\t<\/div>\n\t\t\t\t<\/div>\n\t\t\t\t\t<\/div>\n\t\t\t\t<\/div>\n\t\t<div class=\"elementor-element elementor-element-de5f614 e-flex e-con-boxed e-con e-parent\" data-id=\"de5f614\" data-element_type=\"container\" data-e-type=\"container\">\n\t\t\t\t\t<div class=\"e-con-inner\">\n\t\t<div class=\"elementor-element elementor-element-1787780 e-con-full e-flex e-con e-child\" data-id=\"1787780\" data-element_type=\"container\" data-e-type=\"container\" data-settings=\"{&quot;background_background&quot;:&quot;classic&quot;}\">\n\t\t\t\t<\/div>\n\t\t<div class=\"elementor-element elementor-element-a1ceee4 e-con-full e-flex e-con e-child\" data-id=\"a1ceee4\" data-element_type=\"container\" data-e-type=\"container\" data-settings=\"{&quot;background_background&quot;:&quot;classic&quot;}\">\n\t\t\t\t<\/div>\n\t\t<div class=\"elementor-element elementor-element-c5d34b0 e-con-full e-flex e-con e-child\" data-id=\"c5d34b0\" data-element_type=\"container\" data-e-type=\"container\" data-settings=\"{&quot;background_background&quot;:&quot;classic&quot;}\">\n\t\t<div class=\"elementor-element elementor-element-afe5a2d e-con-full e-flex e-con e-child\" data-id=\"afe5a2d\" data-element_type=\"container\" data-e-type=\"container\">\n\t\t\t\t<div class=\"elementor-element elementor-element-1f06051 elementor-widget elementor-widget-text-editor\" data-id=\"1f06051\" data-element_type=\"widget\" data-e-type=\"widget\" data-widget_type=\"text-editor.default\">\n\t\t\t\t\t\t\t\t\t<p style=\"margin-bottom: var(--content-spacing); font-size: 16px; text-align: start;\">Tamb\u00e9m usamos\u00a0 fontes de energia renov\u00e1vel de pain\u00e9is solares, tudo isso para a sustentabilidade ambiental.\u00a0<\/p><p style=\"margin-bottom: var(--content-spacing); font-size: 16px; text-align: start;\">Preocupamos em tratar os res\u00edduos do processo produtivo em conformidade com a legisla\u00e7\u00e3o ambiental. Pensamos em um mundo mais sustent\u00e1vel e saud\u00e1vel.\u00a0<br \/><br \/>Seguimos e aplicamos as normas internacionais de Boas Pr\u00e1ticas de Fabrica\u00e7\u00e3o para o segmento de equipamentos eletro-m\u00e9dicos.<\/p><p style=\"font-size: 16px; text-align: start;\">\u00a0<\/p>\t\t\t\t\t\t\t\t<\/div>\n\t\t\t\t<\/div>\n\t\t\t\t<\/div>\n\t\t\t\t\t<\/div>\n\t\t\t\t<\/div>\n\t\t<div class=\"elementor-element elementor-element-4c90524 e-flex e-con-boxed e-con e-parent\" data-id=\"4c90524\" data-element_type=\"container\" data-e-type=\"container\" data-settings=\"{&quot;background_background&quot;:&quot;classic&quot;}\">\n\t\t\t\t\t<div class=\"e-con-inner\">\n\t\t\t\t<div class=\"elementor-element elementor-element-9d46cfc elementor-widget elementor-widget-heading\" data-id=\"9d46cfc\" data-element_type=\"widget\" data-e-type=\"widget\" data-widget_type=\"heading.default\">\n\t\t\t\t\t<h2 class=\"elementor-heading-title elementor-size-default\">F\u00e1brica e Produtos 100% certificados!<\/h2>\t\t\t\t<\/div>\n\t\t\t\t<div class=\"elementor-element elementor-element-5854380 elementor-widget elementor-widget-text-editor\" data-id=\"5854380\" data-element_type=\"widget\" data-e-type=\"widget\" data-widget_type=\"text-editor.default\">\n\t\t\t\t\t\t\t\t\t<p style=\"margin-bottom: var(--content-spacing); font-size: 16px; text-align: start;\">Temos o certificado do FDA americano para as camas hospitalares eletr\u00f4nicas e macas.<\/p><p style=\"margin-bottom: var(--content-spacing); font-size: 16px; text-align: start;\">Al\u00e9m dos certificados da ISO 9001 e ISO 13485 espec\u00edfica de produtos para sa\u00fade.\u00a0<\/p><p style=\"margin-bottom: var(--content-spacing); font-size: 16px; text-align: start;\">A Metahospitalar possui registro, cadastro e autoriza\u00e7\u00e3o de funcionamento junto \u00e0 ANVISA.<\/p><p style=\"margin-bottom: var(--content-spacing); font-size: 16px; text-align: start;\">Garantimos total proced\u00eancia e controle de produtos para a sa\u00fade.\u00a0<\/p><p style=\"margin-bottom: var(--content-spacing); font-size: 16px; text-align: start;\">Nossos produtos eletro-m\u00e9dicos s\u00e3o testados e aprovados pelo INMETRO com\u00a0 a fundamenta\u00e7\u00e3o\u00a0 cient\u00edfica das normas da ABNT e das engenharias aplicadas a pesquisa e desenvolvimento de produto, envolvendo a engenharia eletromec\u00e2nica.<\/p><p style=\"font-size: 16px; text-align: start;\">Tudo isso para garantir e assegurar a todos os usu\u00e1rios e profissionais multidisciplinares da sa\u00fade um ambiente seguro, testado e aprovado.<\/p>\t\t\t\t\t\t\t\t<\/div>\n\t\t\t\t\t<\/div>\n\t\t\t\t<\/div>\n\t\t\t\t<\/div>\n\t\t","protected":false},"excerpt":{"rendered":"<p>Desde 1997, transformando engenharia hospitalar em solu\u00e7\u00f5es para o cuidado com a vida. Hoje somos uma ind\u00fastria hospitalar guiada por engenharia, inova\u00e7\u00e3o e tecnologia de produ\u00e7\u00e3o.Cada solu\u00e7\u00e3o que desenvolvemos reflete nosso prop\u00f3sito: criar equipamentos que elevam a qualidade do cuidado e a efici\u00eancia hospitalar. Metahospitalar 2024 S\u00e3o mais de 10.000m\u00b2 de ind\u00fastria, com tecnologia de [&hellip;]<\/p>\n","protected":false},"author":1,"featured_media":0,"parent":0,"menu_order":0,"comment_status":"closed","ping_status":"closed","template":"","meta":{"googlesitekit_rrm_CAow0fHbCw:productID":"","content-type":"","footnotes":""},"class_list":["post-1049","page","type-page","status-publish","hentry"],"blocksy_meta":{"has_hero_section":"disabled","vertical_spacing_source":"custom","content_area_spacing":"none","styles_descriptor":{"styles":{"desktop":"","tablet":"","mobile":""},"google_fonts":[],"version":6}},"yoast_head":"<!-- This site is optimized with the Yoast SEO plugin v27.5 - https:\/\/yoast.com\/product\/yoast-seo-wordpress\/ -->\n<title>Hist\u00f3ria da metahospitalar - Metahospitalar<\/title>\n<meta name=\"robots\" content=\"index, follow, max-snippet:-1, max-image-preview:large, max-video-preview:-1\" \/>\n<link rel=\"canonical\" href=\"https:\/\/metahospitalar.com.br\/en\/contact\/\" \/>\n<meta property=\"og:locale\" content=\"en_US\" \/>\n<meta property=\"og:type\" content=\"article\" \/>\n<meta property=\"og:title\" content=\"Hist\u00f3ria da metahospitalar - Metahospitalar\" \/>\n<meta property=\"og:description\" content=\"Desde 1997, transformando engenharia hospitalar em solu\u00e7\u00f5es para o cuidado com a vida. Hoje somos uma ind\u00fastria hospitalar guiada por engenharia, inova\u00e7\u00e3o e tecnologia de produ\u00e7\u00e3o.Cada solu\u00e7\u00e3o que desenvolvemos reflete nosso prop\u00f3sito: criar equipamentos que elevam a qualidade do cuidado e a efici\u00eancia hospitalar. Metahospitalar 2024 S\u00e3o mais de 10.000m\u00b2 de ind\u00fastria, com tecnologia de [&hellip;]\" \/>\n<meta property=\"og:url\" content=\"https:\/\/metahospitalar.com.br\/en\/contact\/\" \/>\n<meta property=\"og:site_name\" content=\"Metahospitalar\" \/>\n<meta property=\"article:publisher\" content=\"https:\/\/www.facebook.com\/metahospitalar\" \/>\n<meta property=\"article:modified_time\" content=\"2026-03-11T15:41:52+00:00\" \/>\n<meta property=\"og:image\" content=\"https:\/\/metahospitalar.com.br\/wp-content\/uploads\/2024\/07\/base-em-termoplastico-copiar.webp\" \/>\n\t<meta property=\"og:image:width\" content=\"2400\" \/>\n\t<meta property=\"og:image:height\" content=\"1956\" \/>\n\t<meta property=\"og:image:type\" content=\"image\/webp\" \/>\n<meta name=\"twitter:card\" content=\"summary_large_image\" \/>\n<meta name=\"twitter:site\" content=\"@Metahospitalar\" \/>\n<meta name=\"twitter:label1\" content=\"Est. reading time\" \/>\n\t<meta name=\"twitter:data1\" content=\"3 minutes\" \/>\n<script type=\"application\/ld+json\" class=\"yoast-schema-graph\">{\"@context\":\"https:\\\/\\\/schema.org\",\"@graph\":[{\"@type\":\"WebPage\",\"@id\":\"https:\\\/\\\/metahospitalar.com.br\\\/en\\\/contact\\\/\",\"url\":\"https:\\\/\\\/metahospitalar.com.br\\\/en\\\/contact\\\/\",\"name\":\"Hist\u00f3ria da metahospitalar - Metahospitalar\",\"isPartOf\":{\"@id\":\"https:\\\/\\\/metahospitalar.com.br\\\/en\\\/#website\"},\"datePublished\":\"2025-09-10T14:35:30+00:00\",\"dateModified\":\"2026-03-11T15:41:52+00:00\",\"breadcrumb\":{\"@id\":\"https:\\\/\\\/metahospitalar.com.br\\\/en\\\/contact\\\/#breadcrumb\"},\"inLanguage\":\"en-US\",\"potentialAction\":[{\"@type\":\"ReadAction\",\"target\":[\"https:\\\/\\\/metahospitalar.com.br\\\/en\\\/contact\\\/\"]}]},{\"@type\":\"BreadcrumbList\",\"@id\":\"https:\\\/\\\/metahospitalar.com.br\\\/en\\\/contact\\\/#breadcrumb\",\"itemListElement\":[{\"@type\":\"ListItem\",\"position\":1,\"name\":\"In\u00edcio\",\"item\":\"https:\\\/\\\/metahospitalar.com.br\\\/en\\\/\"},{\"@type\":\"ListItem\",\"position\":2,\"name\":\"Hist\u00f3ria da metahospitalar\"}]},{\"@type\":\"WebSite\",\"@id\":\"https:\\\/\\\/metahospitalar.com.br\\\/en\\\/#website\",\"url\":\"https:\\\/\\\/metahospitalar.com.br\\\/en\\\/\",\"name\":\"Metahospitalar\",\"description\":\"M\u00f3veis hospitalares\",\"publisher\":{\"@id\":\"https:\\\/\\\/metahospitalar.com.br\\\/en\\\/#organization\"},\"potentialAction\":[{\"@type\":\"SearchAction\",\"target\":{\"@type\":\"EntryPoint\",\"urlTemplate\":\"https:\\\/\\\/metahospitalar.com.br\\\/en\\\/?s={search_term_string}\"},\"query-input\":{\"@type\":\"PropertyValueSpecification\",\"valueRequired\":true,\"valueName\":\"search_term_string\"}}],\"inLanguage\":\"en-US\"},{\"@type\":\"Organization\",\"@id\":\"https:\\\/\\\/metahospitalar.com.br\\\/en\\\/#organization\",\"name\":\"metahospitalar\",\"alternateName\":\"Meta m\u00f3veis\",\"url\":\"https:\\\/\\\/metahospitalar.com.br\\\/en\\\/\",\"logo\":{\"@type\":\"ImageObject\",\"inLanguage\":\"en-US\",\"@id\":\"https:\\\/\\\/metahospitalar.com.br\\\/en\\\/#\\\/schema\\\/logo\\\/image\\\/\",\"url\":\"https:\\\/\\\/metahospitalar.com.br\\\/wp-content\\\/uploads\\\/2022\\\/06\\\/META-HOSPITALAR-curva-icone-copiar.webp\",\"contentUrl\":\"https:\\\/\\\/metahospitalar.com.br\\\/wp-content\\\/uploads\\\/2022\\\/06\\\/META-HOSPITALAR-curva-icone-copiar.webp\",\"width\":512,\"height\":512,\"caption\":\"metahospitalar\"},\"image\":{\"@id\":\"https:\\\/\\\/metahospitalar.com.br\\\/en\\\/#\\\/schema\\\/logo\\\/image\\\/\"},\"sameAs\":[\"https:\\\/\\\/www.facebook.com\\\/metahospitalar\",\"https:\\\/\\\/x.com\\\/Metahospitalar\",\"https:\\\/\\\/www.instagram.com\\\/metahospitalar\\\/\",\"https:\\\/\\\/www.linkedin.com\\\/company\\\/metahospitalar\\\/\"]}]}<\/script>\n<!-- \/ Yoast SEO plugin. -->","yoast_head_json":{"title":"Hist\u00f3ria da metahospitalar - Metahospitalar","robots":{"index":"index","follow":"follow","max-snippet":"max-snippet:-1","max-image-preview":"max-image-preview:large","max-video-preview":"max-video-preview:-1"},"canonical":"https:\/\/metahospitalar.com.br\/en\/contact\/","og_locale":"en_US","og_type":"article","og_title":"Hist\u00f3ria da metahospitalar - Metahospitalar","og_description":"Desde 1997, transformando engenharia hospitalar em solu\u00e7\u00f5es para o cuidado com a vida. Hoje somos uma ind\u00fastria hospitalar guiada por engenharia, inova\u00e7\u00e3o e tecnologia de produ\u00e7\u00e3o.Cada solu\u00e7\u00e3o que desenvolvemos reflete nosso prop\u00f3sito: criar equipamentos que elevam a qualidade do cuidado e a efici\u00eancia hospitalar. Metahospitalar 2024 S\u00e3o mais de 10.000m\u00b2 de ind\u00fastria, com tecnologia de [&hellip;]","og_url":"https:\/\/metahospitalar.com.br\/en\/contact\/","og_site_name":"Metahospitalar","article_publisher":"https:\/\/www.facebook.com\/metahospitalar","article_modified_time":"2026-03-11T15:41:52+00:00","og_image":[{"width":2400,"height":1956,"url":"https:\/\/metahospitalar.com.br\/wp-content\/uploads\/2024\/07\/base-em-termoplastico-copiar.webp","type":"image\/webp"}],"twitter_card":"summary_large_image","twitter_site":"@Metahospitalar","twitter_misc":{"Est. reading time":"3 minutes"},"schema":{"@context":"https:\/\/schema.org","@graph":[{"@type":"WebPage","@id":"https:\/\/metahospitalar.com.br\/en\/contact\/","url":"https:\/\/metahospitalar.com.br\/en\/contact\/","name":"Hist\u00f3ria da metahospitalar - Metahospitalar","isPartOf":{"@id":"https:\/\/metahospitalar.com.br\/en\/#website"},"datePublished":"2025-09-10T14:35:30+00:00","dateModified":"2026-03-11T15:41:52+00:00","breadcrumb":{"@id":"https:\/\/metahospitalar.com.br\/en\/contact\/#breadcrumb"},"inLanguage":"en-US","potentialAction":[{"@type":"ReadAction","target":["https:\/\/metahospitalar.com.br\/en\/contact\/"]}]},{"@type":"BreadcrumbList","@id":"https:\/\/metahospitalar.com.br\/en\/contact\/#breadcrumb","itemListElement":[{"@type":"ListItem","position":1,"name":"In\u00edcio","item":"https:\/\/metahospitalar.com.br\/en\/"},{"@type":"ListItem","position":2,"name":"Hist\u00f3ria da metahospitalar"}]},{"@type":"WebSite","@id":"https:\/\/metahospitalar.com.br\/en\/#website","url":"https:\/\/metahospitalar.com.br\/en\/","name":"Metahospitalar","description":"M\u00f3veis hospitalares","publisher":{"@id":"https:\/\/metahospitalar.com.br\/en\/#organization"},"potentialAction":[{"@type":"SearchAction","target":{"@type":"EntryPoint","urlTemplate":"https:\/\/metahospitalar.com.br\/en\/?s={search_term_string}"},"query-input":{"@type":"PropertyValueSpecification","valueRequired":true,"valueName":"search_term_string"}}],"inLanguage":"en-US"},{"@type":"Organization","@id":"https:\/\/metahospitalar.com.br\/en\/#organization","name":"metahospitalar","alternateName":"Meta m\u00f3veis","url":"https:\/\/metahospitalar.com.br\/en\/","logo":{"@type":"ImageObject","inLanguage":"en-US","@id":"https:\/\/metahospitalar.com.br\/en\/#\/schema\/logo\/image\/","url":"https:\/\/metahospitalar.com.br\/wp-content\/uploads\/2022\/06\/META-HOSPITALAR-curva-icone-copiar.webp","contentUrl":"https:\/\/metahospitalar.com.br\/wp-content\/uploads\/2022\/06\/META-HOSPITALAR-curva-icone-copiar.webp","width":512,"height":512,"caption":"metahospitalar"},"image":{"@id":"https:\/\/metahospitalar.com.br\/en\/#\/schema\/logo\/image\/"},"sameAs":["https:\/\/www.facebook.com\/metahospitalar","https:\/\/x.com\/Metahospitalar","https:\/\/www.instagram.com\/metahospitalar\/","https:\/\/www.linkedin.com\/company\/metahospitalar\/"]}]}},"_links":{"self":[{"href":"https:\/\/metahospitalar.com.br\/en\/wp-json\/wp\/v2\/pages\/1049","targetHints":{"allow":["GET"]}}],"collection":[{"href":"https:\/\/metahospitalar.com.br\/en\/wp-json\/wp\/v2\/pages"}],"about":[{"href":"https:\/\/metahospitalar.com.br\/en\/wp-json\/wp\/v2\/types\/page"}],"author":[{"embeddable":true,"href":"https:\/\/metahospitalar.com.br\/en\/wp-json\/wp\/v2\/users\/1"}],"replies":[{"embeddable":true,"href":"https:\/\/metahospitalar.com.br\/en\/wp-json\/wp\/v2\/comments?post=1049"}],"version-history":[{"count":12,"href":"https:\/\/metahospitalar.com.br\/en\/wp-json\/wp\/v2\/pages\/1049\/revisions"}],"predecessor-version":[{"id":34099,"href":"https:\/\/metahospitalar.com.br\/en\/wp-json\/wp\/v2\/pages\/1049\/revisions\/34099"}],"wp:attachment":[{"href":"https:\/\/metahospitalar.com.br\/en\/wp-json\/wp\/v2\/media?parent=1049"}],"curies":[{"name":"wp","href":"https:\/\/api.w.org\/{rel}","templated":true}]}}