{"id":12651,"date":"2024-03-19T11:12:53","date_gmt":"2024-03-19T14:12:53","guid":{"rendered":"https:\/\/metahospitalar.com.br\/?page_id=12651"},"modified":"2025-07-01T14:34:33","modified_gmt":"2025-07-01T17:34:33","slug":"catalogo-digital","status":"publish","type":"page","link":"https:\/\/metahospitalar.com.br\/en\/catalogo-digital\/","title":{"rendered":"Catalogo Digital"},"content":{"rendered":"\t\t<div data-elementor-type=\"wp-page\" data-elementor-id=\"12651\" class=\"elementor elementor-12651\" data-elementor-post-type=\"page\">\n\t\t\t\t\t\t<section class=\"elementor-section elementor-top-section elementor-element elementor-element-a071281 ct-section-stretched elementor-section-height-min-height elementor-section-content-top elementor-section-full_width elementor-section-height-default elementor-section-items-middle\" data-id=\"a071281\" data-element_type=\"section\" data-e-type=\"section\" data-settings=\"{&quot;background_background&quot;:&quot;classic&quot;}\">\n\t\t\t\t\t\t\t<div class=\"elementor-background-overlay\"><\/div>\n\t\t\t\t\t\t\t<div class=\"elementor-container elementor-column-gap-default\">\n\t\t\t\t\t<div class=\"elementor-column elementor-col-50 elementor-top-column elementor-element elementor-element-6b6e624\" data-id=\"6b6e624\" data-element_type=\"column\" data-e-type=\"column\" data-settings=\"{&quot;background_background&quot;:&quot;classic&quot;}\">\n\t\t\t<div class=\"elementor-widget-wrap elementor-element-populated\">\n\t\t\t\t\t\t<div class=\"elementor-element elementor-element-37ededc elementor-widget__width-inherit elementor-widget elementor-widget-heading\" data-id=\"37ededc\" data-element_type=\"widget\" data-e-type=\"widget\" data-widget_type=\"heading.default\">\n\t\t\t\t\t<h1 class=\"elementor-heading-title elementor-size-default\">Meta \nSustent\u00e1vel<\/h1>\t\t\t\t<\/div>\n\t\t\t\t<div class=\"elementor-element elementor-element-0e4cb3d elementor-widget elementor-widget-text-editor\" data-id=\"0e4cb3d\" data-element_type=\"widget\" data-e-type=\"widget\" data-widget_type=\"text-editor.default\">\n\t\t\t\t\t\t\t\t\t<p>O uso excessivo de papel tem causado s\u00e9rios danos ambientais ao longo dos anos, incluindo desmatamento, emiss\u00f5es de carbono, consumo de recursos h\u00eddricos e gera\u00e7\u00e3o de res\u00edduos s\u00f3lidos.<\/p><p>A transi\u00e7\u00e3o do papel para o digital \u00e9 fundamental para a sustentabilidade, pois reduziria o impacto ambiental negativo. A aboli\u00e7\u00e3o do papel convencional incentivaria pr\u00e1ticas mais sustent\u00e1veis, como o uso de tecnologias digitais e materiais recicl\u00e1veis.<\/p>\t\t\t\t\t\t\t\t<\/div>\n\t\t\t\t\t<\/div>\n\t\t<\/div>\n\t\t\t\t<div class=\"elementor-column elementor-col-50 elementor-top-column elementor-element elementor-element-54a8b43 elementor-invisible\" data-id=\"54a8b43\" data-element_type=\"column\" data-e-type=\"column\" data-settings=\"{&quot;motion_fx_motion_fx_mouse&quot;:&quot;yes&quot;,&quot;animation&quot;:&quot;fadeIn&quot;,&quot;background_background&quot;:&quot;classic&quot;}\">\n\t\t\t<div class=\"elementor-widget-wrap elementor-element-populated\">\n\t\t\t\t\t<div class=\"elementor-background-overlay\"><\/div>\n\t\t\t\t\t\t<div class=\"elementor-element elementor-element-ec2e8f3 elementor-widget elementor-widget-image\" data-id=\"ec2e8f3\" data-element_type=\"widget\" data-e-type=\"widget\" data-widget_type=\"image.default\">\n\t\t\t\t\t\t\t\t\t\t\t\t\t\t\t<img decoding=\"async\" src=\"https:\/\/metahospitalar.com.br\/wp-content\/uploads\/elementor\/thumbs\/reciclagem-qlg0ogc4r58e95dbfro17javpfpvqh07xll4taq5by.png\" title=\"reciclagem\" alt=\"reciclagem\" loading=\"lazy\" \/>\t\t\t\t\t\t\t\t\t\t\t\t\t\t\t<\/div>\n\t\t\t\t<div class=\"elementor-element elementor-element-45afcf2 elementor-widget elementor-widget-text-editor\" data-id=\"45afcf2\" data-element_type=\"widget\" data-e-type=\"widget\" data-widget_type=\"text-editor.default\">\n\t\t\t\t\t\t\t\t\t<p>Gere ZERO de CO\u00b2<\/p>\t\t\t\t\t\t\t\t<\/div>\n\t\t\t\t<div class=\"elementor-element elementor-element-388dd99 elementor-widget__width-initial elementor-widget-tablet__width-initial elementor-widget-mobile__width-inherit elementor-widget elementor-widget-wpforms\" data-id=\"388dd99\" data-element_type=\"widget\" data-e-type=\"widget\" data-settings=\"{&quot;_animation_mobile&quot;:&quot;slideInDown&quot;}\" data-widget_type=\"wpforms.default\">\n\t\t\t\t<div class=\"elementor-widget-container\">\n\t\t\t\t\t<div class=\"wpforms-container \" id=\"wpforms-8242\"><form id=\"wpforms-form-8242\" class=\"wpforms-validate wpforms-form wpforms-ajax-form\" data-formid=\"8242\" method=\"post\" enctype=\"multipart\/form-data\" action=\"\/en\/wp-json\/wp\/v2\/pages\/12651\" data-token=\"5a1b0da3ed8e37b63ccf2fcecee0165c\" data-token-time=\"1776956475\"><noscript class=\"wpforms-error-noscript\">Please enable JavaScript in your browser to complete this form.<\/noscript><div class=\"wpforms-field-container\"><div id=\"wpforms-8242-field_1-container\" class=\"wpforms-field wpforms-field-name\" data-field-id=\"1\"><label class=\"wpforms-field-label\" for=\"wpforms-8242-field_1\">Nome <span class=\"wpforms-required-label\">*<\/span><\/label><input type=\"text\" id=\"wpforms-8242-field_1\" class=\"wpforms-field-medium wpforms-field-required\" name=\"wpforms[fields][1]\" required><\/div><div id=\"wpforms-8242-field_6-container\" class=\"wpforms-field wpforms-field-phone\" data-field-id=\"6\"><label class=\"wpforms-field-label\" for=\"wpforms-8242-field_6\">Telefone<\/label><input type=\"tel\" id=\"wpforms-8242-field_6\" class=\"wpforms-field-medium wpforms-smart-phone-field\" data-rule-smart-phone-field=\"true\" name=\"wpforms[fields][6]\" aria-label=\"Telefone\" ><\/div><div id=\"wpforms-8242-field_2-container\" class=\"wpforms-field wpforms-field-email\" data-field-id=\"2\"><label class=\"wpforms-field-label\" for=\"wpforms-8242-field_2\">E-mail <span class=\"wpforms-required-label\">*<\/span><\/label><input type=\"email\" id=\"wpforms-8242-field_2\" class=\"wpforms-field-medium wpforms-field-required\" name=\"wpforms[fields][2]\" spellcheck=\"false\" required><\/div><\/div><!-- .wpforms-field-container --><div class=\"wpforms-recaptcha-container wpforms-is-recaptcha wpforms-is-recaptcha-type-v3\" ><input type=\"hidden\" name=\"wpforms[recaptcha]\" value=\"\"><\/div><div class=\"wpforms-submit-container\" ><input type=\"hidden\" name=\"wpforms[id]\" value=\"8242\"><input type=\"hidden\" name=\"page_title\" value=\"\"><input type=\"hidden\" name=\"page_url\" value=\"https:\/\/metahospitalar.com.br\/en\/wp-json\/wp\/v2\/pages\/12651\"><input type=\"hidden\" name=\"url_referer\" value=\"\"><button type=\"submit\" name=\"wpforms[submit]\" id=\"wpforms-submit-8242\" class=\"wpforms-submit\" data-alt-text=\"Enviando...\" data-submit-text=\"Baixar Catalogo\" aria-live=\"assertive\" value=\"wpforms-submit\">Baixar Catalogo<\/button><img decoding=\"async\" src=\"https:\/\/metahospitalar.com.br\/wp-content\/plugins\/wpforms\/assets\/images\/submit-spin.svg\" class=\"wpforms-submit-spinner\" style=\"display: none;\" width=\"26\" height=\"26\" alt=\"Loading\"><\/div><\/form><\/div>  <!-- .wpforms-container -->\t\t\t\t<\/div>\n\t\t\t\t<\/div>\n\t\t\t\t\t<\/div>\n\t\t<\/div>\n\t\t\t\t\t<\/div>\n\t\t<\/section>\n\t\t\t\t<section class=\"elementor-section elementor-top-section elementor-element elementor-element-63dee19 elementor-section-boxed elementor-section-height-default elementor-section-height-default\" data-id=\"63dee19\" data-element_type=\"section\" data-e-type=\"section\">\n\t\t\t\t\t\t<div class=\"elementor-container elementor-column-gap-default\">\n\t\t\t\t\t<div class=\"elementor-column elementor-col-100 elementor-top-column elementor-element elementor-element-80c31ee\" data-id=\"80c31ee\" data-element_type=\"column\" data-e-type=\"column\">\n\t\t\t<div class=\"elementor-widget-wrap elementor-element-populated\">\n\t\t\t\t\t\t<div class=\"elementor-element elementor-element-d891503 elementor-widget elementor-widget-text-editor\" data-id=\"d891503\" data-element_type=\"widget\" data-e-type=\"widget\" data-widget_type=\"text-editor.default\">\n\t\t\t\t\t\t\t\t\t<p>Fontes:<br \/>\u00b9 Bridging Digital and Environmental Goals: A Framework for Business Action, World Economic Forum. <br \/>Acesso em Abril de 2024.<\/p><p>\u00b2 O que \u00e9 ODS e quais s\u00e3o seus Objetivos?. eCycle. Acesso em Abril de 2024.<\/p><p>Sobre o nosso trabalho para alcan\u00e7ar os Objetivos de Desenvolvimento Sustent\u00e1vel no Brasil. <br \/>Na\u00e7\u00f5es Unidas Brasil. Acesso em Abril de 2024.<\/p><p>\u00b3 Conhe\u00e7a o Sistema Eletr\u00f4nico de Informa\u00e7\u00f5es (SEI). Secretaria de Estado de Sa\u00fade. <br \/>Acesso em Abril de 2024.<\/p><p>\u2074 SAIBA TUDO SOBRE A RECICLAGEM DO PAPEL. Recicla Sampa. <br \/>Acesso em Abril de 2024.<\/p>\t\t\t\t\t\t\t\t<\/div>\n\t\t\t\t\t<\/div>\n\t\t<\/div>\n\t\t\t\t\t<\/div>\n\t\t<\/section>\n\t\t\t\t<\/div>\n\t\t","protected":false},"excerpt":{"rendered":"<p>Meta Sustent\u00e1vel O uso excessivo de papel tem causado s\u00e9rios danos ambientais ao longo dos anos, incluindo desmatamento, emiss\u00f5es de carbono, consumo de recursos h\u00eddricos e gera\u00e7\u00e3o de res\u00edduos s\u00f3lidos. A transi\u00e7\u00e3o do papel para o digital \u00e9 fundamental para a sustentabilidade, pois reduziria o impacto ambiental negativo. A aboli\u00e7\u00e3o do papel convencional incentivaria pr\u00e1ticas [&hellip;]<\/p>\n","protected":false},"author":1,"featured_media":12652,"parent":0,"menu_order":0,"comment_status":"closed","ping_status":"closed","template":"","meta":{"googlesitekit_rrm_CAow0fHbCw:productID":"","content-type":"","footnotes":""},"class_list":["post-12651","page","type-page","status-publish","has-post-thumbnail","hentry"],"blocksy_meta":[],"yoast_head":"<!-- This site is optimized with the Yoast SEO plugin v27.2 - https:\/\/yoast.com\/product\/yoast-seo-wordpress\/ -->\n<title>Catalogo Digital - Metahospitalar<\/title>\n<meta name=\"robots\" content=\"index, follow, max-snippet:-1, max-image-preview:large, max-video-preview:-1\" \/>\n<link rel=\"canonical\" href=\"https:\/\/metahospitalar.com.br\/en\/catalogo-digital\/\" \/>\n<meta property=\"og:locale\" content=\"en_US\" \/>\n<meta property=\"og:type\" content=\"article\" \/>\n<meta property=\"og:title\" content=\"Catalogo Digital - Metahospitalar\" \/>\n<meta property=\"og:description\" content=\"Meta Sustent\u00e1vel O uso excessivo de papel tem causado s\u00e9rios danos ambientais ao longo dos anos, incluindo desmatamento, emiss\u00f5es de carbono, consumo de recursos h\u00eddricos e gera\u00e7\u00e3o de res\u00edduos s\u00f3lidos. A transi\u00e7\u00e3o do papel para o digital \u00e9 fundamental para a sustentabilidade, pois reduziria o impacto ambiental negativo. A aboli\u00e7\u00e3o do papel convencional incentivaria pr\u00e1ticas [&hellip;]\" \/>\n<meta property=\"og:url\" content=\"https:\/\/metahospitalar.com.br\/en\/catalogo-digital\/\" \/>\n<meta property=\"og:site_name\" content=\"Metahospitalar\" \/>\n<meta property=\"article:publisher\" content=\"https:\/\/www.facebook.com\/metahospitalar\" \/>\n<meta property=\"article:modified_time\" content=\"2025-07-01T17:34:33+00:00\" \/>\n<meta property=\"og:image\" content=\"https:\/\/metahospitalar.com.br\/wp-content\/uploads\/2024\/03\/reciclagem.png\" \/>\n\t<meta property=\"og:image:width\" content=\"200\" \/>\n\t<meta property=\"og:image:height\" content=\"189\" \/>\n\t<meta property=\"og:image:type\" content=\"image\/png\" \/>\n<meta name=\"twitter:card\" content=\"summary_large_image\" \/>\n<meta name=\"twitter:site\" content=\"@Metahospitalar\" \/>\n<meta name=\"twitter:label1\" content=\"Est. reading time\" \/>\n\t<meta name=\"twitter:data1\" content=\"1 minute\" \/>\n<script type=\"application\/ld+json\" class=\"yoast-schema-graph\">{\"@context\":\"https:\/\/schema.org\",\"@graph\":[{\"@type\":\"WebPage\",\"@id\":\"https:\/\/metahospitalar.com.br\/en\/catalogo-digital\/\",\"url\":\"https:\/\/metahospitalar.com.br\/en\/catalogo-digital\/\",\"name\":\"Catalogo Digital - Metahospitalar\",\"isPartOf\":{\"@id\":\"https:\/\/metahospitalar.com.br\/en\/#website\"},\"primaryImageOfPage\":{\"@id\":\"https:\/\/metahospitalar.com.br\/en\/catalogo-digital\/#primaryimage\"},\"image\":{\"@id\":\"https:\/\/metahospitalar.com.br\/en\/catalogo-digital\/#primaryimage\"},\"thumbnailUrl\":\"https:\/\/metahospitalar.com.br\/wp-content\/uploads\/2024\/03\/reciclagem.png\",\"datePublished\":\"2024-03-19T14:12:53+00:00\",\"dateModified\":\"2025-07-01T17:34:33+00:00\",\"breadcrumb\":{\"@id\":\"https:\/\/metahospitalar.com.br\/en\/catalogo-digital\/#breadcrumb\"},\"inLanguage\":\"en-US\",\"potentialAction\":[{\"@type\":\"ReadAction\",\"target\":[\"https:\/\/metahospitalar.com.br\/en\/catalogo-digital\/\"]}]},{\"@type\":\"ImageObject\",\"inLanguage\":\"en-US\",\"@id\":\"https:\/\/metahospitalar.com.br\/en\/catalogo-digital\/#primaryimage\",\"url\":\"https:\/\/metahospitalar.com.br\/wp-content\/uploads\/2024\/03\/reciclagem.png\",\"contentUrl\":\"https:\/\/metahospitalar.com.br\/wp-content\/uploads\/2024\/03\/reciclagem.png\",\"width\":200,\"height\":189},{\"@type\":\"BreadcrumbList\",\"@id\":\"https:\/\/metahospitalar.com.br\/en\/catalogo-digital\/#breadcrumb\",\"itemListElement\":[{\"@type\":\"ListItem\",\"position\":1,\"name\":\"In\u00edcio\",\"item\":\"https:\/\/metahospitalar.com.br\/en\/\"},{\"@type\":\"ListItem\",\"position\":2,\"name\":\"Catalogo Digital\"}]},{\"@type\":\"WebSite\",\"@id\":\"https:\/\/metahospitalar.com.br\/en\/#website\",\"url\":\"https:\/\/metahospitalar.com.br\/en\/\",\"name\":\"Metahospitalar\",\"description\":\"M\u00f3veis hospitalares\",\"publisher\":{\"@id\":\"https:\/\/metahospitalar.com.br\/en\/#organization\"},\"potentialAction\":[{\"@type\":\"SearchAction\",\"target\":{\"@type\":\"EntryPoint\",\"urlTemplate\":\"https:\/\/metahospitalar.com.br\/en\/?s={search_term_string}\"},\"query-input\":{\"@type\":\"PropertyValueSpecification\",\"valueRequired\":true,\"valueName\":\"search_term_string\"}}],\"inLanguage\":\"en-US\"},{\"@type\":\"Organization\",\"@id\":\"https:\/\/metahospitalar.com.br\/en\/#organization\",\"name\":\"metahospitalar\",\"alternateName\":\"Meta m\u00f3veis\",\"url\":\"https:\/\/metahospitalar.com.br\/en\/\",\"logo\":{\"@type\":\"ImageObject\",\"inLanguage\":\"en-US\",\"@id\":\"https:\/\/metahospitalar.com.br\/en\/#\/schema\/logo\/image\/\",\"url\":\"https:\/\/metahospitalar.com.br\/wp-content\/uploads\/2022\/06\/META-HOSPITALAR-curva-icone-copiar.webp\",\"contentUrl\":\"https:\/\/metahospitalar.com.br\/wp-content\/uploads\/2022\/06\/META-HOSPITALAR-curva-icone-copiar.webp\",\"width\":512,\"height\":512,\"caption\":\"metahospitalar\"},\"image\":{\"@id\":\"https:\/\/metahospitalar.com.br\/en\/#\/schema\/logo\/image\/\"},\"sameAs\":[\"https:\/\/www.facebook.com\/metahospitalar\",\"https:\/\/x.com\/Metahospitalar\",\"https:\/\/www.instagram.com\/metahospitalar\/\",\"https:\/\/www.linkedin.com\/company\/metahospitalar\/\"]}]}<\/script>\n<!-- \/ Yoast SEO plugin. -->","yoast_head_json":{"title":"Catalogo Digital - Metahospitalar","robots":{"index":"index","follow":"follow","max-snippet":"max-snippet:-1","max-image-preview":"max-image-preview:large","max-video-preview":"max-video-preview:-1"},"canonical":"https:\/\/metahospitalar.com.br\/en\/catalogo-digital\/","og_locale":"en_US","og_type":"article","og_title":"Catalogo Digital - Metahospitalar","og_description":"Meta Sustent\u00e1vel O uso excessivo de papel tem causado s\u00e9rios danos ambientais ao longo dos anos, incluindo desmatamento, emiss\u00f5es de carbono, consumo de recursos h\u00eddricos e gera\u00e7\u00e3o de res\u00edduos s\u00f3lidos. A transi\u00e7\u00e3o do papel para o digital \u00e9 fundamental para a sustentabilidade, pois reduziria o impacto ambiental negativo. A aboli\u00e7\u00e3o do papel convencional incentivaria pr\u00e1ticas [&hellip;]","og_url":"https:\/\/metahospitalar.com.br\/en\/catalogo-digital\/","og_site_name":"Metahospitalar","article_publisher":"https:\/\/www.facebook.com\/metahospitalar","article_modified_time":"2025-07-01T17:34:33+00:00","og_image":[{"width":200,"height":189,"url":"https:\/\/metahospitalar.com.br\/wp-content\/uploads\/2024\/03\/reciclagem.png","type":"image\/png"}],"twitter_card":"summary_large_image","twitter_site":"@Metahospitalar","twitter_misc":{"Est. reading time":"1 minute"},"schema":{"@context":"https:\/\/schema.org","@graph":[{"@type":"WebPage","@id":"https:\/\/metahospitalar.com.br\/en\/catalogo-digital\/","url":"https:\/\/metahospitalar.com.br\/en\/catalogo-digital\/","name":"Catalogo Digital - Metahospitalar","isPartOf":{"@id":"https:\/\/metahospitalar.com.br\/en\/#website"},"primaryImageOfPage":{"@id":"https:\/\/metahospitalar.com.br\/en\/catalogo-digital\/#primaryimage"},"image":{"@id":"https:\/\/metahospitalar.com.br\/en\/catalogo-digital\/#primaryimage"},"thumbnailUrl":"https:\/\/metahospitalar.com.br\/wp-content\/uploads\/2024\/03\/reciclagem.png","datePublished":"2024-03-19T14:12:53+00:00","dateModified":"2025-07-01T17:34:33+00:00","breadcrumb":{"@id":"https:\/\/metahospitalar.com.br\/en\/catalogo-digital\/#breadcrumb"},"inLanguage":"en-US","potentialAction":[{"@type":"ReadAction","target":["https:\/\/metahospitalar.com.br\/en\/catalogo-digital\/"]}]},{"@type":"ImageObject","inLanguage":"en-US","@id":"https:\/\/metahospitalar.com.br\/en\/catalogo-digital\/#primaryimage","url":"https:\/\/metahospitalar.com.br\/wp-content\/uploads\/2024\/03\/reciclagem.png","contentUrl":"https:\/\/metahospitalar.com.br\/wp-content\/uploads\/2024\/03\/reciclagem.png","width":200,"height":189},{"@type":"BreadcrumbList","@id":"https:\/\/metahospitalar.com.br\/en\/catalogo-digital\/#breadcrumb","itemListElement":[{"@type":"ListItem","position":1,"name":"In\u00edcio","item":"https:\/\/metahospitalar.com.br\/en\/"},{"@type":"ListItem","position":2,"name":"Catalogo Digital"}]},{"@type":"WebSite","@id":"https:\/\/metahospitalar.com.br\/en\/#website","url":"https:\/\/metahospitalar.com.br\/en\/","name":"Metahospitalar","description":"M\u00f3veis hospitalares","publisher":{"@id":"https:\/\/metahospitalar.com.br\/en\/#organization"},"potentialAction":[{"@type":"SearchAction","target":{"@type":"EntryPoint","urlTemplate":"https:\/\/metahospitalar.com.br\/en\/?s={search_term_string}"},"query-input":{"@type":"PropertyValueSpecification","valueRequired":true,"valueName":"search_term_string"}}],"inLanguage":"en-US"},{"@type":"Organization","@id":"https:\/\/metahospitalar.com.br\/en\/#organization","name":"metahospitalar","alternateName":"Meta m\u00f3veis","url":"https:\/\/metahospitalar.com.br\/en\/","logo":{"@type":"ImageObject","inLanguage":"en-US","@id":"https:\/\/metahospitalar.com.br\/en\/#\/schema\/logo\/image\/","url":"https:\/\/metahospitalar.com.br\/wp-content\/uploads\/2022\/06\/META-HOSPITALAR-curva-icone-copiar.webp","contentUrl":"https:\/\/metahospitalar.com.br\/wp-content\/uploads\/2022\/06\/META-HOSPITALAR-curva-icone-copiar.webp","width":512,"height":512,"caption":"metahospitalar"},"image":{"@id":"https:\/\/metahospitalar.com.br\/en\/#\/schema\/logo\/image\/"},"sameAs":["https:\/\/www.facebook.com\/metahospitalar","https:\/\/x.com\/Metahospitalar","https:\/\/www.instagram.com\/metahospitalar\/","https:\/\/www.linkedin.com\/company\/metahospitalar\/"]}]}},"_links":{"self":[{"href":"https:\/\/metahospitalar.com.br\/en\/wp-json\/wp\/v2\/pages\/12651","targetHints":{"allow":["GET"]}}],"collection":[{"href":"https:\/\/metahospitalar.com.br\/en\/wp-json\/wp\/v2\/pages"}],"about":[{"href":"https:\/\/metahospitalar.com.br\/en\/wp-json\/wp\/v2\/types\/page"}],"author":[{"embeddable":true,"href":"https:\/\/metahospitalar.com.br\/en\/wp-json\/wp\/v2\/users\/1"}],"replies":[{"embeddable":true,"href":"https:\/\/metahospitalar.com.br\/en\/wp-json\/wp\/v2\/comments?post=12651"}],"version-history":[{"count":3,"href":"https:\/\/metahospitalar.com.br\/en\/wp-json\/wp\/v2\/pages\/12651\/revisions"}],"predecessor-version":[{"id":28232,"href":"https:\/\/metahospitalar.com.br\/en\/wp-json\/wp\/v2\/pages\/12651\/revisions\/28232"}],"wp:featuredmedia":[{"embeddable":true,"href":"https:\/\/metahospitalar.com.br\/en\/wp-json\/wp\/v2\/media\/12652"}],"wp:attachment":[{"href":"https:\/\/metahospitalar.com.br\/en\/wp-json\/wp\/v2\/media?parent=12651"}],"curies":[{"name":"wp","href":"https:\/\/api.w.org\/{rel}","templated":true}]}}