{"id":1478,"date":"2021-12-21T08:50:45","date_gmt":"2021-12-21T08:50:45","guid":{"rendered":"https:\/\/demo.creativethemes.com\/elementor\/homi\/?page_id=3"},"modified":"2025-11-04T07:44:44","modified_gmt":"2025-11-04T10:44:44","slug":"privacy-policy","status":"publish","type":"page","link":"https:\/\/metahospitalar.com.br\/en\/privacy-policy\/","title":{"rendered":"Pol\u00edticas de privacidade"},"content":{"rendered":"\t\t<div data-elementor-type=\"wp-page\" data-elementor-id=\"1478\" class=\"elementor elementor-1478\" data-elementor-post-type=\"page\">\n\t\t\t\t\t\t<section class=\"elementor-section elementor-top-section elementor-element elementor-element-6815852c elementor-section-boxed elementor-section-height-default elementor-section-height-default\" data-id=\"6815852c\" data-element_type=\"section\" data-e-type=\"section\">\n\t\t\t\t\t\t<div class=\"elementor-container elementor-column-gap-default\">\n\t\t\t\t\t<div class=\"elementor-column elementor-col-100 elementor-top-column elementor-element elementor-element-2b0bd583\" data-id=\"2b0bd583\" data-element_type=\"column\" data-e-type=\"column\">\n\t\t\t<div class=\"elementor-widget-wrap elementor-element-populated\">\n\t\t\t\t\t\t<div class=\"elementor-element elementor-element-562b802a elementor-widget elementor-widget-text-editor\" data-id=\"562b802a\" data-element_type=\"widget\" data-e-type=\"widget\" data-widget_type=\"text-editor.default\">\n\t\t\t\t\t\t\t\t\t<p><\/p>\n<p><span style=\"font-weight: 400;\">Que bom que voc\u00ea est\u00e1 aqui!&nbsp;<\/span><\/p>\n<p><span style=\"font-weight: 400;\">Obrigado por visitar o site da Meta M\u00f3veis de Metais Industria e Comercio LTDA<\/span><\/p>\n<p><span style=\"font-weight: 400;\">Quando voc\u00ea utiliza o nosso site, nos comprometemos a manter a seguran\u00e7a das suas informa\u00e7\u00f5es e dados pessoais, em conformidade com a Lei Geral de Prote\u00e7\u00e3o de Dados (LGPD).<\/span><\/p>\n<p><span style=\"font-weight: 400;\">Esta Pol\u00edtica de Privacidade explica como as suas informa\u00e7\u00f5es e dados ser\u00e3o coletados, usados, compartilhados e armazenados.<\/span><\/p>\n<p><span style=\"font-weight: 400;\">Ao fornecer informa\u00e7\u00f5es pessoais como nome, telefone, CPF, CNPJ, endere\u00e7o e outros dados cadastrais em nosso site e clicar no bot\u00e3o ACEITAR, entendemos que voc\u00ea est\u00e1 de acordo com a coleta e utiliza\u00e7\u00e3o desses dados por n\u00f3s. Caso voc\u00ea mude de ideia no futuro, basta reiniciar o seu navegador acessando as configura\u00e7\u00f5es e limpar os cookies, ou entrar em contato conosco atrav\u00e9s do e-mail: <\/span><a href=\"mailto:assessoriajuridica@metahospitalar.com.br\"><span style=\"font-weight: 400;\">assessoriajuridica@metahospitalar.com.br<\/span><\/a><span style=\"font-weight: 400;\"> e solicitar a remo\u00e7\u00e3o de seu cadastro.<\/span><\/p>\n<ul>\n<li style=\"list-style-type: none;\">\n<ul>\n<li style=\"font-weight: 400;\" aria-level=\"1\"><b>Dados Pessoais Sens\u00edveis: S\u00e3o dados pessoais relacionados \u00e0 origem racial ou \u00e9tnica,convic\u00e7\u00e3o religiosa, opini\u00e3o pol\u00edtica, filia\u00e7\u00e3o a sindicato ou a organiza\u00e7\u00e3o de car\u00e1ter religioso, filos\u00f3fico ou pol\u00edtico, dado referente \u00e0 sa\u00fade ou \u00e0 vida sexual, dado gen\u00e9tico ou biom\u00e9trico, quando vinculados a Voc\u00ea.<\/b><\/li>\n<li style=\"font-weight: 400;\" aria-level=\"1\"><b>Tratamento de Dados Pessoais: Significa qualquer opera\u00e7\u00e3o, como a coleta, produ\u00e7\u00e3o, recep\u00e7\u00e3o, classifica\u00e7\u00e3o, utiliza\u00e7\u00e3o, acesso, reprodu\u00e7\u00e3o, transmiss\u00e3o, distribui\u00e7\u00e3o, processamento, arquivamento, armazenamento, elimina\u00e7\u00e3o, avalia\u00e7\u00e3o ou controle da informa\u00e7\u00e3o, modifica\u00e7\u00e3o, comunica\u00e7\u00e3o, transfer\u00eancia, difus\u00e3o ou extra\u00e7\u00e3o, realizada com dados pessoais.<\/b><\/li>\n<li style=\"font-weight: 400;\" aria-level=\"1\"><b>Titular de Dados: s\u00e3o todas as pessoas naturais a quem se referem os Dados Pessoais e Dados Sens\u00edveis que s\u00e3o objeto do Tratamento (voc\u00ea).<\/b><\/li>\n<li style=\"font-weight: 400;\" aria-level=\"1\"><b>LGPD: Lei Geral de Prote\u00e7\u00e3o de Dados.<\/b><\/li>\n<li style=\"font-weight: 400;\" aria-level=\"1\"><b>ANPD: Autoridade Nacional de Prote\u00e7\u00e3o de Dados, \u00f3rg\u00e3o respons\u00e1vel pela fiscaliza\u00e7\u00e3o do cumprimento da LGPD.&nbsp;<\/b><\/li>\n<\/ul>\n<\/li>\n<\/ul>\n<p><b>DADOS PESSOAIS COLETADOS<\/b><\/p>\n<p><span style=\"font-weight: 400;\">Voc\u00ea \u00e9 livre para recusar a nossa solicita\u00e7\u00e3o de informa\u00e7\u00f5es pessoais, sendo que para isso, basta n\u00e3o inserir nenhum dado pessoal seu em qualquer formul\u00e1rio deste site. O uso continuado de nosso site com o preenchimento de qualquer formul\u00e1rio aqui presente ser\u00e1 considerado como aceita\u00e7\u00e3o de nossas pr\u00e1ticas em torno de privacidade e informa\u00e7\u00f5es pessoais.<\/span><\/p>\n<p><span style=\"font-weight: 400;\">Coletamos: Nome pessoal ou da institui\u00e7\u00e3o, telefone, CEP, CPF ou CNPJ para finalidade de retornar o contato de solicita\u00e7\u00e3o de or\u00e7amento, remarketing em campanhas e an\u00e1lises de dados como Google Analytics e Google Ads.<\/span><\/p>\n<p><b>OS SEUS DIREITOS COMO TITULAR DOS DADOS PESSOAIS<\/b><\/p>\n<p><span style=\"font-weight: 400;\">Segue abaixo todos os direitos que voc\u00ea tem ref. \u00e0 prote\u00e7\u00e3o de dados e \u00e0 Lei Geral de Prote\u00e7\u00e3o de Dados (\u201cLGPD\u201d):<\/span><\/p>\n<ul>\n<li style=\"font-weight: 400;\" aria-level=\"1\"><b>1.<\/b><span style=\"font-weight: 400;\"> Direito de acesso. Este direito permite requisitar e acessar uma c\u00f3pia dos dados pessoais que nossa empresa possui sobre voc\u00ea.<\/span><\/li>\n<li style=\"font-weight: 400;\" aria-level=\"1\"><b>2.<\/b><span style=\"font-weight: 400;\"> Direito de retifica\u00e7\u00e3o. Este direito permite solicitar a corre\u00e7\u00e3o e\/ou retifica\u00e7\u00e3o dos seus dados pessoais, caso identifique esta necessidade.<\/span><\/li>\n<li style=\"font-weight: 400;\" aria-level=\"1\"><b>3.<\/b><span style=\"font-weight: 400;\"> Direito de exclus\u00e3o. Este direito permite que voc\u00ea possa solicitar a exclus\u00e3o dos seus dados pessoais. Todos os dados coletados ser\u00e3o exclu\u00eddos de nossos servidores quando voc\u00ea assim requisitar ou quando estes n\u00e3o forem mais necess\u00e1rios ou relevantes para lhe oferecermos nossos produtos\/servi\u00e7os, salvo se houver qualquer outra raz\u00e3o para a sua manuten\u00e7\u00e3o, como eventuais obriga\u00e7\u00f5es legais, contratuais, de presta\u00e7\u00e3o de contas ou requisi\u00e7\u00e3o de autoridades competentes.<\/span><\/li>\n<li style=\"font-weight: 400;\" aria-level=\"1\"><b>4.<\/b><span style=\"font-weight: 400;\"> Direito de oposi\u00e7\u00e3o ao processamento. Voc\u00ea tamb\u00e9m tem o direito de contestar onde e em que contexto estamos tratando seus dados pessoais para diferentes finalidades. Em determinadas situa\u00e7\u00f5es, podemos demonstrar que temos motivos leg\u00edtimos para tratar seus dados, os quais se sobrep\u00f5em aos seus direitos, caso, por exemplo, para o fornecimento das informa\u00e7\u00f5es solicitadas.<\/span><\/li>\n<li style=\"font-weight: 400;\" aria-level=\"1\"><b>5.<\/b><span style=\"font-weight: 400;\"> Direito de solicitar anonimiza\u00e7\u00e3o, bloqueio ou elimina\u00e7\u00e3o. Este direito permite que voc\u00ea nos pe\u00e7a para suspender o processamento de seus dados pessoais nos seguintes cen\u00e1rios: (a) se voc\u00ea quiser que n\u00f3s estabele\u00e7amos a precis\u00e3o dos dados; (b) quando voc\u00ea precisar que sejam mantidos os dados mesmo se n\u00e3o precisarmos mais deles, conforme necess\u00e1rio, para estabelecer, exercer ou defender reivindica\u00e7\u00f5es legais; ou (c) se voc\u00ea se op\u00f4s ao uso de seus dados, mas nesta hip\u00f3tese precisamos verificar se temos motivos leg\u00edtimos para us\u00e1-los.<\/span><\/li>\n<li style=\"font-weight: 400;\" aria-level=\"1\"><b>6.<\/b><span style=\"font-weight: 400;\"> Direito de retirar o seu consentimento. Voc\u00ea tem o direito de retirar o seu consentimento em rela\u00e7\u00e3o aos termos desta Pol\u00edtica de Privacidade. No entanto, isso n\u00e3o afetar\u00e1 a legalidade de qualquer processamento realizado anteriormente. Se voc\u00ea retirar o seu consentimento, talvez n\u00e3o possamos fornecer determinados servi\u00e7os.<\/span><\/li>\n<\/ul>\n<p><span style=\"font-weight: 400;\">Para validar os direitos dos titulares dos dados pessoais ser\u00e1 necess\u00e1rio solicitar informa\u00e7\u00f5es espec\u00edficas suas para nos ajudar a confirmar sua identidade e garantir seu direito e seguran\u00e7a dos dados pessoais. Nestes casos, solicitamos contato direto com respons\u00e1vel pelo tratamento de dados, atrav\u00e9s do seguinte e-mail: <\/span><span style=\"font-weight: 400;\">assessoriajuridica@metahospitalar.com.br<\/span><\/p>\n<p><span style=\"font-weight: 400;\">A empresa responder\u00e1 a todas as solicita\u00e7\u00f5es leg\u00edtimas dentro de 15 (quinze) dias \u00fateis, conforme prazo indicado pela Lei Geral de Prote\u00e7\u00e3o de Dados &#8211; LGPD.<\/span><\/p>\n<p><b>COMPARTILHAMENTO DAS INFORMA\u00c7\u00d5ES<\/b><\/p>\n<p><span style=\"font-weight: 400;\">O compartilhamento de seus dados ocorrer\u00e1 quando for necess\u00e1rio para viabilizar o atendimento de sua solicita\u00e7\u00e3o, bem como no caso de cumprimento de ordens e\/ou obriga\u00e7\u00f5es legais.<\/span><\/p>\n<p><span style=\"font-weight: 400;\">Jamais comercializamos dados pessoais.<\/span><\/p>\n<p><span style=\"font-weight: 400;\">Nosso site pode conter links para sites e aplicativos de terceiros. Isso n\u00e3o implica, de maneira alguma, que a Meta M\u00f3veis de Metais Ind\u00fastria e Com\u00e9rcio LTDA seja respons\u00e1vel pelo seu conte\u00fado, precis\u00e3o, pol\u00edticas, pr\u00e1ticas ou opini\u00f5es. Recomendamos que voc\u00ea leia os termos de uso e pol\u00edticas de privacidade dos sites e aplicativos de terceiros que vier a visitar ou utilizar.<\/span><\/p>\n<p><b>ARMAZENAMENTO E DESCARTE DAS INFORMA\u00c7\u00d5ES<\/b><\/p>\n<p><span style=\"font-weight: 400;\">A Metahospitalar considera a sua privacidade MUITO importante, por isso, n\u00f3s manteremos seus dados pessoais somente pelo tempo que for necess\u00e1rio para cumprir com as finalidades para as quais os coletamos, inclusive para fins de 3 cumprimento de quaisquer obriga\u00e7\u00f5es legais, contratuais, de presta\u00e7\u00e3o de contas ou requisi\u00e7\u00e3o de autoridades competentes.<\/span><\/p>\n<p><span style=\"font-weight: 400;\">Para determinar o per\u00edodo de reten\u00e7\u00e3o adequado dos dados pessoais, consideramos a quantidade, a natureza, a sensibilidade, o risco potencial de danos decorrentes do uso n\u00e3o autorizado ou da divulga\u00e7\u00e3o e a finalidade de processamento dos seus dados pessoais, bem como se podemos alcan\u00e7ar tais prop\u00f3sitos atrav\u00e9s de outros meios, e os requisitos legais aplic\u00e1veis.<\/span><\/p>\n<p><span style=\"font-weight: 400;\">Ap\u00f3s encerradas todas as finalidades que justificavam o tratamento de seus dados no nosso site, eles ser\u00e3o eliminados.<\/span><\/p>\n<p><b>ATUALIZA\u00c7\u00d5ES DA POL\u00cdTICA DE PRIVACIDADE<\/b><\/p>\n<p><span style=\"font-weight: 400;\">A Metahospitalar se reserva no direito de alterar essa Pol\u00edtica sempre que for necess\u00e1rio para garantir a seguran\u00e7a dos dados pessoais coletados e tratados.<\/span><\/p>\n<p><span style=\"font-weight: 400;\">Nossa Pol\u00edtica sempre ter\u00e1 a indica\u00e7\u00e3o da data de atualiza\u00e7\u00e3o ou vers\u00e3o atual.<\/span><\/p>\n<p><b>POL\u00cdTICA DE COOKIES<\/b><\/p>\n<p><span style=\"font-weight: 400;\">Um cookie (ou &#8220;cookie HTTP&#8221;) \u00e9 um pequeno arquivo de texto que \u00e9 armazenado no navegador de um usu\u00e1rio quando ele visita um site. Os cookies s\u00e3o amplamente utilizados na web e t\u00eam diferentes finalidades, como melhorar a experi\u00eancia do usu\u00e1rio, lembrar informa\u00e7\u00f5es de login, rastrear atividades, personalizar conte\u00fado e an\u00fancios, entre outros.<\/span><\/p>\n<p><span style=\"font-weight: 400;\">Quando voc\u00ea visita um site, o servidor envia um cookie para o seu navegador, que o armazena no seu dispositivo. Quando voc\u00ea retorna ao mesmo site, o navegador envia o cookie de volta para o servidor, permitindo que o site reconhe\u00e7a e recupere informa\u00e7\u00f5es sobre voc\u00ea.<\/span><\/p>\n<p><span style=\"font-weight: 400;\">Os cookies podem ser classificados em dois tipos principais:<\/span><\/p>\n<p><span style=\"font-weight: 400;\">Cookies de sess\u00e3o: Esses cookies s\u00e3o tempor\u00e1rios e s\u00e3o armazenados apenas durante a sess\u00e3o de navega\u00e7\u00e3o do usu\u00e1rio. Eles s\u00e3o exclu\u00eddos assim que voc\u00ea fecha o navegador. Os cookies de sess\u00e3o s\u00e3o usados para manter informa\u00e7\u00f5es que s\u00e3o relevantes durante a visita ao site, como itens em um carrinho de compras.<\/span><\/p>\n<p><span style=\"font-weight: 400;\">Cookies persistentes: Esses cookies s\u00e3o armazenados por um per\u00edodo mais longo no dispositivo do usu\u00e1rio, mesmo ap\u00f3s o fechamento do navegador. Eles s\u00e3o usados para lembrar informa\u00e7\u00f5es e prefer\u00eancias espec\u00edficas do usu\u00e1rio quando ele retorna ao site. Por exemplo, um cookie persistente pode lembrar as configura\u00e7\u00f5es de idioma ou prefer\u00eancias de exibi\u00e7\u00e3o de um site.<\/span><\/p>\n<p><span style=\"font-weight: 400;\">\u00c9 importante destacar que os cookies n\u00e3o s\u00e3o programas de software e n\u00e3o podem executar a\u00e7\u00f5es por si s\u00f3. Eles s\u00e3o usados principalmente para melhorar a experi\u00eancia do usu\u00e1rio e fornecer informa\u00e7\u00f5es \u00fateis aos propriet\u00e1rios do site.<\/span><\/p>\n<p><span style=\"font-weight: 400;\">\u00c9 essencial que os sites informem aos usu\u00e1rios sobre o uso de cookies por meio de uma pol\u00edtica de cookies, explicando quais tipos de cookies s\u00e3o usados, seus prop\u00f3sitos e como o usu\u00e1rio pode gerenciar suas prefer\u00eancias de cookies atrav\u00e9s das configura\u00e7\u00f5es do navegador. Al\u00e9m disso, a coleta e o uso de cookies devem estar em conformidade com as leis de prote\u00e7\u00e3o de dados e privacidade aplic\u00e1veis.<\/span><\/p>\n<p><b>CANAL DE COMUNICA\u00c7\u00c3O<\/b><\/p>\n<p><span style=\"font-weight: 400;\">A Meta M\u00f3veis de Metais Ind\u00fastria e Com\u00e9rcio LTDA, em obedi\u00eancia ao artigo 41 da Lei Geral de Prote\u00e7\u00e3o de Dados, indica&nbsp;<\/span><i style=\"background-color: var(--theme-palette-color-8); font-weight: var(--fontWeight); letter-spacing: var(--letterSpacing); text-decoration-line: ; text-transform: var(--textTransform); color: rgb(0, 0, 0); font-family: Verdana, sans-serif; font-size: small; text-align: justify;\"><b>V\u00c2NIA MARQUES<\/b><\/i><span style=\"font-size: inherit; text-align: inherit; background-color: var(--theme-palette-color-8); color: var(--color); font-style: var(--fontStyle, inherit); letter-spacing: var(--letterSpacing); text-transform: var(--textTransform);\">&nbsp;, como pessoa encarregada pelo tratamento de dados, sendo poss\u00edvel o contato atrav\u00e9s do seguinte e-mail:&nbsp;<\/span><a href=\"mailto:assessoriajuridica@metahospitalar.com.br\" style=\"font-size: var(--fontSize); text-align: inherit; background-color: var(--palettecolor8); font-style: var(--fontStyle, inherit); font-weight: var(--fontWeight); letter-spacing: var(--letterSpacing); text-transform: var(--textTransform);\">assessoriajuridica@metahospitalar.com.br<\/a><span style=\"font-size: inherit; text-align: inherit; background-color: var(--theme-palette-color-8); color: var(--color); font-style: var(--fontStyle, inherit); font-weight: var(--fontWeight); letter-spacing: var(--letterSpacing); text-transform: var(--textTransform);\">.<\/span><\/p>\n<p><\/p>\t\t\t\t\t\t\t\t<\/div>\n\t\t\t\t\t<\/div>\n\t\t<\/div>\n\t\t\t\t\t<\/div>\n\t\t<\/section>\n\t\t\t\t<\/div>\n\t\t","protected":false},"excerpt":{"rendered":"<p>Que bom que voc\u00ea est\u00e1 aqui!&nbsp; Obrigado por visitar o site da Meta M\u00f3veis de Metais Industria e Comercio LTDA Quando voc\u00ea utiliza o nosso site, nos comprometemos a manter a seguran\u00e7a das suas informa\u00e7\u00f5es e dados pessoais, em conformidade com a Lei Geral de Prote\u00e7\u00e3o de Dados (LGPD). Esta Pol\u00edtica de Privacidade explica como [&hellip;]<\/p>\n","protected":false},"author":1,"featured_media":0,"parent":0,"menu_order":0,"comment_status":"closed","ping_status":"open","template":"","meta":{"googlesitekit_rrm_CAow0fHbCw:productID":"","content-type":"","footnotes":""},"class_list":["post-1478","page","type-page","status-publish","hentry"],"blocksy_meta":{"styles_descriptor":{"styles":{"desktop":"","tablet":"","mobile":""},"google_fonts":[],"version":6}},"yoast_head":"<!-- This site is optimized with the Yoast SEO plugin v27.2 - https:\/\/yoast.com\/product\/yoast-seo-wordpress\/ -->\n<title>Pol\u00edticas de privacidade - Metahospitalar<\/title>\n<meta name=\"robots\" content=\"index, follow, max-snippet:-1, max-image-preview:large, max-video-preview:-1\" \/>\n<link rel=\"canonical\" href=\"https:\/\/metahospitalar.com.br\/en\/privacy-policy\/\" \/>\n<meta property=\"og:locale\" content=\"en_US\" \/>\n<meta property=\"og:type\" content=\"article\" \/>\n<meta property=\"og:title\" content=\"Pol\u00edticas de privacidade - Metahospitalar\" \/>\n<meta property=\"og:description\" content=\"Que bom que voc\u00ea est\u00e1 aqui!&nbsp; Obrigado por visitar o site da Meta M\u00f3veis de Metais Industria e Comercio LTDA Quando voc\u00ea utiliza o nosso site, nos comprometemos a manter a seguran\u00e7a das suas informa\u00e7\u00f5es e dados pessoais, em conformidade com a Lei Geral de Prote\u00e7\u00e3o de Dados (LGPD). Esta Pol\u00edtica de Privacidade explica como [&hellip;]\" \/>\n<meta property=\"og:url\" content=\"https:\/\/metahospitalar.com.br\/en\/privacy-policy\/\" \/>\n<meta property=\"og:site_name\" content=\"Metahospitalar\" \/>\n<meta property=\"article:publisher\" content=\"https:\/\/www.facebook.com\/metahospitalar\" \/>\n<meta property=\"article:modified_time\" content=\"2025-11-04T10:44:44+00:00\" \/>\n<meta property=\"og:image\" content=\"https:\/\/metahospitalar.com.br\/wp-content\/uploads\/2024\/07\/base-em-termoplastico-copiar.webp\" \/>\n\t<meta property=\"og:image:width\" content=\"2400\" \/>\n\t<meta property=\"og:image:height\" content=\"1956\" \/>\n\t<meta property=\"og:image:type\" content=\"image\/webp\" \/>\n<meta name=\"twitter:card\" content=\"summary_large_image\" \/>\n<meta name=\"twitter:site\" content=\"@Metahospitalar\" \/>\n<meta name=\"twitter:label1\" content=\"Est. reading time\" \/>\n\t<meta name=\"twitter:data1\" content=\"8 minutes\" \/>\n<script type=\"application\/ld+json\" class=\"yoast-schema-graph\">{\"@context\":\"https:\/\/schema.org\",\"@graph\":[{\"@type\":\"WebPage\",\"@id\":\"https:\/\/metahospitalar.com.br\/en\/privacy-policy\/\",\"url\":\"https:\/\/metahospitalar.com.br\/en\/privacy-policy\/\",\"name\":\"Pol\u00edticas de privacidade - Metahospitalar\",\"isPartOf\":{\"@id\":\"https:\/\/metahospitalar.com.br\/en\/#website\"},\"datePublished\":\"2021-12-21T08:50:45+00:00\",\"dateModified\":\"2025-11-04T10:44:44+00:00\",\"breadcrumb\":{\"@id\":\"https:\/\/metahospitalar.com.br\/en\/privacy-policy\/#breadcrumb\"},\"inLanguage\":\"en-US\",\"potentialAction\":[{\"@type\":\"ReadAction\",\"target\":[\"https:\/\/metahospitalar.com.br\/en\/privacy-policy\/\"]}]},{\"@type\":\"BreadcrumbList\",\"@id\":\"https:\/\/metahospitalar.com.br\/en\/privacy-policy\/#breadcrumb\",\"itemListElement\":[{\"@type\":\"ListItem\",\"position\":1,\"name\":\"In\u00edcio\",\"item\":\"https:\/\/metahospitalar.com.br\/en\/\"},{\"@type\":\"ListItem\",\"position\":2,\"name\":\"Pol\u00edticas de privacidade\"}]},{\"@type\":\"WebSite\",\"@id\":\"https:\/\/metahospitalar.com.br\/en\/#website\",\"url\":\"https:\/\/metahospitalar.com.br\/en\/\",\"name\":\"Metahospitalar\",\"description\":\"M\u00f3veis hospitalares\",\"publisher\":{\"@id\":\"https:\/\/metahospitalar.com.br\/en\/#organization\"},\"potentialAction\":[{\"@type\":\"SearchAction\",\"target\":{\"@type\":\"EntryPoint\",\"urlTemplate\":\"https:\/\/metahospitalar.com.br\/en\/?s={search_term_string}\"},\"query-input\":{\"@type\":\"PropertyValueSpecification\",\"valueRequired\":true,\"valueName\":\"search_term_string\"}}],\"inLanguage\":\"en-US\"},{\"@type\":\"Organization\",\"@id\":\"https:\/\/metahospitalar.com.br\/en\/#organization\",\"name\":\"metahospitalar\",\"alternateName\":\"Meta m\u00f3veis\",\"url\":\"https:\/\/metahospitalar.com.br\/en\/\",\"logo\":{\"@type\":\"ImageObject\",\"inLanguage\":\"en-US\",\"@id\":\"https:\/\/metahospitalar.com.br\/en\/#\/schema\/logo\/image\/\",\"url\":\"https:\/\/metahospitalar.com.br\/wp-content\/uploads\/2022\/06\/META-HOSPITALAR-curva-icone-copiar.webp\",\"contentUrl\":\"https:\/\/metahospitalar.com.br\/wp-content\/uploads\/2022\/06\/META-HOSPITALAR-curva-icone-copiar.webp\",\"width\":512,\"height\":512,\"caption\":\"metahospitalar\"},\"image\":{\"@id\":\"https:\/\/metahospitalar.com.br\/en\/#\/schema\/logo\/image\/\"},\"sameAs\":[\"https:\/\/www.facebook.com\/metahospitalar\",\"https:\/\/x.com\/Metahospitalar\",\"https:\/\/www.instagram.com\/metahospitalar\/\",\"https:\/\/www.linkedin.com\/company\/metahospitalar\/\"]}]}<\/script>\n<!-- \/ Yoast SEO plugin. -->","yoast_head_json":{"title":"Pol\u00edticas de privacidade - Metahospitalar","robots":{"index":"index","follow":"follow","max-snippet":"max-snippet:-1","max-image-preview":"max-image-preview:large","max-video-preview":"max-video-preview:-1"},"canonical":"https:\/\/metahospitalar.com.br\/en\/privacy-policy\/","og_locale":"en_US","og_type":"article","og_title":"Pol\u00edticas de privacidade - Metahospitalar","og_description":"Que bom que voc\u00ea est\u00e1 aqui!&nbsp; Obrigado por visitar o site da Meta M\u00f3veis de Metais Industria e Comercio LTDA Quando voc\u00ea utiliza o nosso site, nos comprometemos a manter a seguran\u00e7a das suas informa\u00e7\u00f5es e dados pessoais, em conformidade com a Lei Geral de Prote\u00e7\u00e3o de Dados (LGPD). Esta Pol\u00edtica de Privacidade explica como [&hellip;]","og_url":"https:\/\/metahospitalar.com.br\/en\/privacy-policy\/","og_site_name":"Metahospitalar","article_publisher":"https:\/\/www.facebook.com\/metahospitalar","article_modified_time":"2025-11-04T10:44:44+00:00","og_image":[{"width":2400,"height":1956,"url":"https:\/\/metahospitalar.com.br\/wp-content\/uploads\/2024\/07\/base-em-termoplastico-copiar.webp","type":"image\/webp"}],"twitter_card":"summary_large_image","twitter_site":"@Metahospitalar","twitter_misc":{"Est. reading time":"8 minutes"},"schema":{"@context":"https:\/\/schema.org","@graph":[{"@type":"WebPage","@id":"https:\/\/metahospitalar.com.br\/en\/privacy-policy\/","url":"https:\/\/metahospitalar.com.br\/en\/privacy-policy\/","name":"Pol\u00edticas de privacidade - Metahospitalar","isPartOf":{"@id":"https:\/\/metahospitalar.com.br\/en\/#website"},"datePublished":"2021-12-21T08:50:45+00:00","dateModified":"2025-11-04T10:44:44+00:00","breadcrumb":{"@id":"https:\/\/metahospitalar.com.br\/en\/privacy-policy\/#breadcrumb"},"inLanguage":"en-US","potentialAction":[{"@type":"ReadAction","target":["https:\/\/metahospitalar.com.br\/en\/privacy-policy\/"]}]},{"@type":"BreadcrumbList","@id":"https:\/\/metahospitalar.com.br\/en\/privacy-policy\/#breadcrumb","itemListElement":[{"@type":"ListItem","position":1,"name":"In\u00edcio","item":"https:\/\/metahospitalar.com.br\/en\/"},{"@type":"ListItem","position":2,"name":"Pol\u00edticas de privacidade"}]},{"@type":"WebSite","@id":"https:\/\/metahospitalar.com.br\/en\/#website","url":"https:\/\/metahospitalar.com.br\/en\/","name":"Metahospitalar","description":"M\u00f3veis hospitalares","publisher":{"@id":"https:\/\/metahospitalar.com.br\/en\/#organization"},"potentialAction":[{"@type":"SearchAction","target":{"@type":"EntryPoint","urlTemplate":"https:\/\/metahospitalar.com.br\/en\/?s={search_term_string}"},"query-input":{"@type":"PropertyValueSpecification","valueRequired":true,"valueName":"search_term_string"}}],"inLanguage":"en-US"},{"@type":"Organization","@id":"https:\/\/metahospitalar.com.br\/en\/#organization","name":"metahospitalar","alternateName":"Meta m\u00f3veis","url":"https:\/\/metahospitalar.com.br\/en\/","logo":{"@type":"ImageObject","inLanguage":"en-US","@id":"https:\/\/metahospitalar.com.br\/en\/#\/schema\/logo\/image\/","url":"https:\/\/metahospitalar.com.br\/wp-content\/uploads\/2022\/06\/META-HOSPITALAR-curva-icone-copiar.webp","contentUrl":"https:\/\/metahospitalar.com.br\/wp-content\/uploads\/2022\/06\/META-HOSPITALAR-curva-icone-copiar.webp","width":512,"height":512,"caption":"metahospitalar"},"image":{"@id":"https:\/\/metahospitalar.com.br\/en\/#\/schema\/logo\/image\/"},"sameAs":["https:\/\/www.facebook.com\/metahospitalar","https:\/\/x.com\/Metahospitalar","https:\/\/www.instagram.com\/metahospitalar\/","https:\/\/www.linkedin.com\/company\/metahospitalar\/"]}]}},"_links":{"self":[{"href":"https:\/\/metahospitalar.com.br\/en\/wp-json\/wp\/v2\/pages\/1478","targetHints":{"allow":["GET"]}}],"collection":[{"href":"https:\/\/metahospitalar.com.br\/en\/wp-json\/wp\/v2\/pages"}],"about":[{"href":"https:\/\/metahospitalar.com.br\/en\/wp-json\/wp\/v2\/types\/page"}],"author":[{"embeddable":true,"href":"https:\/\/metahospitalar.com.br\/en\/wp-json\/wp\/v2\/users\/1"}],"replies":[{"embeddable":true,"href":"https:\/\/metahospitalar.com.br\/en\/wp-json\/wp\/v2\/comments?post=1478"}],"version-history":[{"count":22,"href":"https:\/\/metahospitalar.com.br\/en\/wp-json\/wp\/v2\/pages\/1478\/revisions"}],"predecessor-version":[{"id":31473,"href":"https:\/\/metahospitalar.com.br\/en\/wp-json\/wp\/v2\/pages\/1478\/revisions\/31473"}],"wp:attachment":[{"href":"https:\/\/metahospitalar.com.br\/en\/wp-json\/wp\/v2\/media?parent=1478"}],"curies":[{"name":"wp","href":"https:\/\/api.w.org\/{rel}","templated":true}]}}