{"id":25907,"date":"2022-07-11T00:02:40","date_gmt":"2022-07-11T03:02:40","guid":{"rendered":"https:\/\/metahospitalar.com.br\/?post_type=product&#038;p=25907"},"modified":"2026-01-29T14:35:23","modified_gmt":"2026-01-29T17:35:23","slug":"nd-1150-vida-care","status":"publish","type":"product","link":"https:\/\/metahospitalar.com.br\/en\/products\/nd-1150-vida-care\/","title":{"rendered":"ND 1150 &#8211; Vida Care"},"content":{"rendered":"<p><span style=\"vertical-align: inherit;\"><span style=\"vertical-align: inherit;\">A cama motorizada de 4 movimentos da linha Nicovida da Metahospitalar conta com grades laterais termopl\u00e1sticas e estrado met\u00e1lico com pintura eletrost\u00e1tica a p\u00f3.<\/span><\/span><\/p>\n<p dir=\"auto\" data-pm-slice=\"1 1 []\"><a href=\"http:\/\/metahospitalar.com.br\/wp-content\/uploads\/2022\/08\/caracteristicas-tecnicas-Vida-Care-Motorizada-1150.pdf\"><span style=\"vertical-align: inherit;\"><span style=\"vertical-align: inherit;\">Baixar especifica\u00e7\u00f5es t\u00e9cnicas<\/span><\/span><\/a><\/p>\n<hr \/>\n<h4><span style=\"vertical-align: inherit;\"><span style=\"vertical-align: inherit;\">Caracter\u00edsticas padr\u00e3o:<\/span><\/span><\/h4>\n<p><span style=\"vertical-align: inherit;\"><span style=\"vertical-align: inherit;\">\u2022 Controle remoto <\/span><\/span><br \/>\n<span style=\"vertical-align: inherit;\"><span style=\"vertical-align: inherit;\">\u2022 Eleva\u00e7\u00e3o motorizada <\/span><\/span><br \/>\n<span style=\"vertical-align: inherit;\"><span style=\"vertical-align: inherit;\">\u2022 Apoio de pernas el\u00e9trico <\/span><\/span><br \/>\n<span style=\"vertical-align: inherit;\"><span style=\"vertical-align: inherit;\">\u2022 Grades laterais com trava <\/span><\/span><br \/>\n<span style=\"vertical-align: inherit;\"><span style=\"vertical-align: inherit;\">\u2022 Carenagem parcial <\/span><\/span><br \/>\n<span style=\"vertical-align: inherit;\"><span style=\"vertical-align: inherit;\">\u2022 Estribo e cabeceira remov\u00edveis com exclusivo sistema Easy-Lock <\/span><\/span><br \/>\n<span style=\"vertical-align: inherit;\"><span style=\"vertical-align: inherit;\">\u2022 Freio individual nas 4 rodas <\/span><\/span><br \/>\n<span style=\"vertical-align: inherit;\"><span style=\"vertical-align: inherit;\">\u2022 Rod\u00edzios girat\u00f3rios duplos de 4&#8243; <\/span><\/span><br \/>\n<span style=\"vertical-align: inherit;\"><span style=\"vertical-align: inherit;\">\u2022 Estrutura met\u00e1lica com pintura eletrost\u00e1tica <\/span><\/span><br \/>\n<span style=\"vertical-align: inherit;\"><span style=\"vertical-align: inherit;\">\u2022 Indicadores de \u00e2ngulo do encosto <\/span><\/span><br \/>\n<span style=\"vertical-align: inherit;\"><span style=\"vertical-align: inherit;\">\u2022 Indicadores de \u00e2ngulo Trendelenburg e Trendelenburg reverso <\/span><\/span><br \/>\n<span style=\"vertical-align: inherit;\"><span style=\"vertical-align: inherit;\">\u2022 Prote\u00e7\u00e3o IPX4 contra respingos de l\u00edquidos<\/span><\/span><\/p>\n","protected":false},"excerpt":{"rendered":"<h4><strong><span style=\"vertical-align: inherit;\"><span style=\"vertical-align: inherit;\">Cama Articulada Motorizada<\/span><\/span><\/strong><\/h4>\n<p><span style=\"vertical-align: inherit;\"><span style=\"vertical-align: inherit;\">Ajust\u00e1vel para atender \u00e0s suas necessidades <\/span><\/span><br \/>\n<span style=\"vertical-align: inherit;\"><span style=\"vertical-align: inherit;\">Robusta e com design futurista, esta cama proporciona tranquilidade \u00e0 equipe de assist\u00eancia e garante a seguran\u00e7a do paciente. Sua estrutura tubular de a\u00e7o com pintura eletrost\u00e1tica garante maior durabilidade, evitando corros\u00e3o. <\/span><\/span><br \/>\n<span style=\"vertical-align: inherit;\"><span style=\"vertical-align: inherit;\">Os 4 movimentos da cama s\u00e3o operados por controle remoto com fio, acionados por motores de alta precis\u00e3o. A plataforma da cama articulada, dividida em quatro se\u00e7\u00f5es, oferece maior conforto ao paciente, reduzindo a press\u00e3o em \u00e1reas de alto risco do corpo. Inclui bandejas de a\u00e7o remov\u00edveis para f\u00e1cil limpeza e manuten\u00e7\u00e3o. <\/span><\/span><br \/>\n<span style=\"vertical-align: inherit;\"><span style=\"vertical-align: inherit;\">As 4 grades laterais retr\u00e1teis de polietileno de alta densidade facilitam a transfer\u00eancia do paciente da maca para a cama com facilidade. <\/span><\/span><br \/>\n<span style=\"vertical-align: inherit;\"><span style=\"vertical-align: inherit;\">Colch\u00e3o recomendado: <\/span><\/span><a href=\"https:\/\/metahospitalar.com.br\/produto\/colchao-hospitalar\/\"><span style=\"vertical-align: inherit;\"><span style=\"vertical-align: inherit;\">Clique aqui<\/span><\/span><\/a><span style=\"vertical-align: inherit;\"><span style=\"vertical-align: inherit;\"> .<\/span><\/span><\/p>\n<p><span style=\"vertical-align: inherit;\"><span style=\"vertical-align: inherit;\">Inscri\u00e7\u00e3o: 80581990009<\/span><\/span><\/p>\n<p><a href=\"https:\/\/consultas.anvisa.gov.br\/#\/saude\/q\/?cnpj=01866388000170\" target=\"_blank\" rel=\"noopener\">Consult Anvisa<\/a><\/p>\n","protected":false},"featured_media":28253,"template":"","meta":{"googlesitekit_rrm_CAow0fHbCw:productID":"","content-type":""},"product_brand":[],"product_cat":[480,772,486],"product_tag":[],"class_list":{"0":"post-25907","1":"product","2":"type-product","3":"status-publish","4":"has-post-thumbnail","6":"product_cat-hospital-bed","7":"product_cat-infirmary-en-en","8":"product_cat-long-term-care","10":"first","11":"instock","12":"featured","13":"virtual","14":"purchasable","15":"product-type-simple"},"yoast_head":"<!-- This site is optimized with the Yoast SEO plugin v27.2 - https:\/\/yoast.com\/product\/yoast-seo-wordpress\/ -->\n<title>ND 1150 - Vida Care - Metahospitalar<\/title>\n<meta name=\"description\" content=\"Nicovida Motorized Bed with 4 Movements is a hospital bed designed for functionality and comfort, featuring a metal bed platform coated with powder paint for durability and thermoplastic siderails for enhanced safety and ease of use.\" \/>\n<meta name=\"robots\" content=\"index, follow, max-snippet:-1, max-image-preview:large, max-video-preview:-1\" \/>\n<link rel=\"canonical\" href=\"https:\/\/metahospitalar.com.br\/en\/products\/nd-1150-vida-care\/\" \/>\n<meta property=\"og:locale\" content=\"en_US\" \/>\n<meta property=\"og:type\" content=\"article\" \/>\n<meta property=\"og:title\" content=\"ND 1150 - Vida Care - Metahospitalar\" \/>\n<meta property=\"og:description\" content=\"Nicovida Motorized Bed with 4 Movements is a hospital bed designed for functionality and comfort, featuring a metal bed platform coated with powder paint for durability and thermoplastic siderails for enhanced safety and ease of use.\" \/>\n<meta property=\"og:url\" content=\"https:\/\/metahospitalar.com.br\/en\/products\/nd-1150-vida-care\/\" \/>\n<meta property=\"og:site_name\" content=\"Metahospitalar\" \/>\n<meta property=\"article:publisher\" content=\"https:\/\/www.facebook.com\/metahospitalar\" \/>\n<meta property=\"article:modified_time\" content=\"2026-01-29T17:35:23+00:00\" \/>\n<meta property=\"og:image\" content=\"https:\/\/metahospitalar.com.br\/wp-content\/uploads\/2022\/07\/MT-1150-cama-hospitalar-com-controle-remoto-1-scaled.webp\" \/>\n\t<meta property=\"og:image:width\" content=\"2560\" \/>\n\t<meta property=\"og:image:height\" content=\"2560\" \/>\n\t<meta property=\"og:image:type\" content=\"image\/webp\" \/>\n<meta name=\"twitter:card\" content=\"summary_large_image\" \/>\n<meta name=\"twitter:site\" content=\"@Metahospitalar\" \/>\n<script type=\"application\/ld+json\" class=\"yoast-schema-graph\">{\"@context\":\"https:\/\/schema.org\",\"@graph\":[{\"@type\":\"WebPage\",\"@id\":\"https:\/\/metahospitalar.com.br\/en\/products\/nd-1150-vida-care\/\",\"url\":\"https:\/\/metahospitalar.com.br\/en\/products\/nd-1150-vida-care\/\",\"name\":\"ND 1150 - Vida Care - Metahospitalar\",\"isPartOf\":{\"@id\":\"https:\/\/metahospitalar.com.br\/en\/#website\"},\"primaryImageOfPage\":{\"@id\":\"https:\/\/metahospitalar.com.br\/en\/products\/nd-1150-vida-care\/#primaryimage\"},\"image\":{\"@id\":\"https:\/\/metahospitalar.com.br\/en\/products\/nd-1150-vida-care\/#primaryimage\"},\"thumbnailUrl\":\"https:\/\/metahospitalar.com.br\/wp-content\/uploads\/2022\/07\/MT-1150-cama-hospitalar-com-controle-remoto-1-scaled.webp\",\"datePublished\":\"2022-07-11T03:02:40+00:00\",\"dateModified\":\"2026-01-29T17:35:23+00:00\",\"description\":\"Nicovida Motorized Bed with 4 Movements is a hospital bed designed for functionality and comfort, featuring a metal bed platform coated with powder paint for durability and thermoplastic siderails for enhanced safety and ease of use.\",\"breadcrumb\":{\"@id\":\"https:\/\/metahospitalar.com.br\/en\/products\/nd-1150-vida-care\/#breadcrumb\"},\"inLanguage\":\"en-US\",\"potentialAction\":[{\"@type\":\"ReadAction\",\"target\":[\"https:\/\/metahospitalar.com.br\/en\/products\/nd-1150-vida-care\/\"]}]},{\"@type\":\"ImageObject\",\"inLanguage\":\"en-US\",\"@id\":\"https:\/\/metahospitalar.com.br\/en\/products\/nd-1150-vida-care\/#primaryimage\",\"url\":\"https:\/\/metahospitalar.com.br\/wp-content\/uploads\/2022\/07\/MT-1150-cama-hospitalar-com-controle-remoto-1-scaled.webp\",\"contentUrl\":\"https:\/\/metahospitalar.com.br\/wp-content\/uploads\/2022\/07\/MT-1150-cama-hospitalar-com-controle-remoto-1-scaled.webp\",\"width\":2560,\"height\":2560,\"caption\":\"cama hospitalar com controle remoto\"},{\"@type\":\"BreadcrumbList\",\"@id\":\"https:\/\/metahospitalar.com.br\/en\/products\/nd-1150-vida-care\/#breadcrumb\",\"itemListElement\":[{\"@type\":\"ListItem\",\"position\":1,\"name\":\"In\u00edcio\",\"item\":\"https:\/\/metahospitalar.com.br\/en\/\"},{\"@type\":\"ListItem\",\"position\":2,\"name\":\"Metahospital Products\",\"item\":\"https:\/\/metahospitalar.com.br\/en\/?page_id=24408\"},{\"@type\":\"ListItem\",\"position\":3,\"name\":\"ND 1150 &#8211; Vida Care\"}]},{\"@type\":\"WebSite\",\"@id\":\"https:\/\/metahospitalar.com.br\/en\/#website\",\"url\":\"https:\/\/metahospitalar.com.br\/en\/\",\"name\":\"Metahospitalar\",\"description\":\"M\u00f3veis hospitalares\",\"publisher\":{\"@id\":\"https:\/\/metahospitalar.com.br\/en\/#organization\"},\"potentialAction\":[{\"@type\":\"SearchAction\",\"target\":{\"@type\":\"EntryPoint\",\"urlTemplate\":\"https:\/\/metahospitalar.com.br\/en\/?s={search_term_string}\"},\"query-input\":{\"@type\":\"PropertyValueSpecification\",\"valueRequired\":true,\"valueName\":\"search_term_string\"}}],\"inLanguage\":\"en-US\"},{\"@type\":\"Organization\",\"@id\":\"https:\/\/metahospitalar.com.br\/en\/#organization\",\"name\":\"metahospitalar\",\"alternateName\":\"Meta m\u00f3veis\",\"url\":\"https:\/\/metahospitalar.com.br\/en\/\",\"logo\":{\"@type\":\"ImageObject\",\"inLanguage\":\"en-US\",\"@id\":\"https:\/\/metahospitalar.com.br\/en\/#\/schema\/logo\/image\/\",\"url\":\"https:\/\/metahospitalar.com.br\/wp-content\/uploads\/2022\/06\/META-HOSPITALAR-curva-icone-copiar.webp\",\"contentUrl\":\"https:\/\/metahospitalar.com.br\/wp-content\/uploads\/2022\/06\/META-HOSPITALAR-curva-icone-copiar.webp\",\"width\":512,\"height\":512,\"caption\":\"metahospitalar\"},\"image\":{\"@id\":\"https:\/\/metahospitalar.com.br\/en\/#\/schema\/logo\/image\/\"},\"sameAs\":[\"https:\/\/www.facebook.com\/metahospitalar\",\"https:\/\/x.com\/Metahospitalar\",\"https:\/\/www.instagram.com\/metahospitalar\/\",\"https:\/\/www.linkedin.com\/company\/metahospitalar\/\"]}]}<\/script>\n<!-- \/ Yoast SEO plugin. -->","yoast_head_json":{"title":"ND 1150 - Vida Care - Metahospitalar","description":"Nicovida Motorized Bed with 4 Movements is a hospital bed designed for functionality and comfort, featuring a metal bed platform coated with powder paint for durability and thermoplastic siderails for enhanced safety and ease of use.","robots":{"index":"index","follow":"follow","max-snippet":"max-snippet:-1","max-image-preview":"max-image-preview:large","max-video-preview":"max-video-preview:-1"},"canonical":"https:\/\/metahospitalar.com.br\/en\/products\/nd-1150-vida-care\/","og_locale":"en_US","og_type":"article","og_title":"ND 1150 - Vida Care - Metahospitalar","og_description":"Nicovida Motorized Bed with 4 Movements is a hospital bed designed for functionality and comfort, featuring a metal bed platform coated with powder paint for durability and thermoplastic siderails for enhanced safety and ease of use.","og_url":"https:\/\/metahospitalar.com.br\/en\/products\/nd-1150-vida-care\/","og_site_name":"Metahospitalar","article_publisher":"https:\/\/www.facebook.com\/metahospitalar","article_modified_time":"2026-01-29T17:35:23+00:00","og_image":[{"width":2560,"height":2560,"url":"https:\/\/metahospitalar.com.br\/wp-content\/uploads\/2022\/07\/MT-1150-cama-hospitalar-com-controle-remoto-1-scaled.webp","type":"image\/webp"}],"twitter_card":"summary_large_image","twitter_site":"@Metahospitalar","schema":{"@context":"https:\/\/schema.org","@graph":[{"@type":"WebPage","@id":"https:\/\/metahospitalar.com.br\/en\/products\/nd-1150-vida-care\/","url":"https:\/\/metahospitalar.com.br\/en\/products\/nd-1150-vida-care\/","name":"ND 1150 - Vida Care - Metahospitalar","isPartOf":{"@id":"https:\/\/metahospitalar.com.br\/en\/#website"},"primaryImageOfPage":{"@id":"https:\/\/metahospitalar.com.br\/en\/products\/nd-1150-vida-care\/#primaryimage"},"image":{"@id":"https:\/\/metahospitalar.com.br\/en\/products\/nd-1150-vida-care\/#primaryimage"},"thumbnailUrl":"https:\/\/metahospitalar.com.br\/wp-content\/uploads\/2022\/07\/MT-1150-cama-hospitalar-com-controle-remoto-1-scaled.webp","datePublished":"2022-07-11T03:02:40+00:00","dateModified":"2026-01-29T17:35:23+00:00","description":"Nicovida Motorized Bed with 4 Movements is a hospital bed designed for functionality and comfort, featuring a metal bed platform coated with powder paint for durability and thermoplastic siderails for enhanced safety and ease of use.","breadcrumb":{"@id":"https:\/\/metahospitalar.com.br\/en\/products\/nd-1150-vida-care\/#breadcrumb"},"inLanguage":"en-US","potentialAction":[{"@type":"ReadAction","target":["https:\/\/metahospitalar.com.br\/en\/products\/nd-1150-vida-care\/"]}]},{"@type":"ImageObject","inLanguage":"en-US","@id":"https:\/\/metahospitalar.com.br\/en\/products\/nd-1150-vida-care\/#primaryimage","url":"https:\/\/metahospitalar.com.br\/wp-content\/uploads\/2022\/07\/MT-1150-cama-hospitalar-com-controle-remoto-1-scaled.webp","contentUrl":"https:\/\/metahospitalar.com.br\/wp-content\/uploads\/2022\/07\/MT-1150-cama-hospitalar-com-controle-remoto-1-scaled.webp","width":2560,"height":2560,"caption":"cama hospitalar com controle remoto"},{"@type":"BreadcrumbList","@id":"https:\/\/metahospitalar.com.br\/en\/products\/nd-1150-vida-care\/#breadcrumb","itemListElement":[{"@type":"ListItem","position":1,"name":"In\u00edcio","item":"https:\/\/metahospitalar.com.br\/en\/"},{"@type":"ListItem","position":2,"name":"Metahospital Products","item":"https:\/\/metahospitalar.com.br\/en\/?page_id=24408"},{"@type":"ListItem","position":3,"name":"ND 1150 &#8211; Vida Care"}]},{"@type":"WebSite","@id":"https:\/\/metahospitalar.com.br\/en\/#website","url":"https:\/\/metahospitalar.com.br\/en\/","name":"Metahospitalar","description":"M\u00f3veis hospitalares","publisher":{"@id":"https:\/\/metahospitalar.com.br\/en\/#organization"},"potentialAction":[{"@type":"SearchAction","target":{"@type":"EntryPoint","urlTemplate":"https:\/\/metahospitalar.com.br\/en\/?s={search_term_string}"},"query-input":{"@type":"PropertyValueSpecification","valueRequired":true,"valueName":"search_term_string"}}],"inLanguage":"en-US"},{"@type":"Organization","@id":"https:\/\/metahospitalar.com.br\/en\/#organization","name":"metahospitalar","alternateName":"Meta m\u00f3veis","url":"https:\/\/metahospitalar.com.br\/en\/","logo":{"@type":"ImageObject","inLanguage":"en-US","@id":"https:\/\/metahospitalar.com.br\/en\/#\/schema\/logo\/image\/","url":"https:\/\/metahospitalar.com.br\/wp-content\/uploads\/2022\/06\/META-HOSPITALAR-curva-icone-copiar.webp","contentUrl":"https:\/\/metahospitalar.com.br\/wp-content\/uploads\/2022\/06\/META-HOSPITALAR-curva-icone-copiar.webp","width":512,"height":512,"caption":"metahospitalar"},"image":{"@id":"https:\/\/metahospitalar.com.br\/en\/#\/schema\/logo\/image\/"},"sameAs":["https:\/\/www.facebook.com\/metahospitalar","https:\/\/x.com\/Metahospitalar","https:\/\/www.instagram.com\/metahospitalar\/","https:\/\/www.linkedin.com\/company\/metahospitalar\/"]}]}},"_links":{"self":[{"href":"https:\/\/metahospitalar.com.br\/en\/wp-json\/wp\/v2\/product\/25907","targetHints":{"allow":["GET"]}}],"collection":[{"href":"https:\/\/metahospitalar.com.br\/en\/wp-json\/wp\/v2\/product"}],"about":[{"href":"https:\/\/metahospitalar.com.br\/en\/wp-json\/wp\/v2\/types\/product"}],"version-history":[{"count":3,"href":"https:\/\/metahospitalar.com.br\/en\/wp-json\/wp\/v2\/product\/25907\/revisions"}],"predecessor-version":[{"id":32524,"href":"https:\/\/metahospitalar.com.br\/en\/wp-json\/wp\/v2\/product\/25907\/revisions\/32524"}],"wp:featuredmedia":[{"embeddable":true,"href":"https:\/\/metahospitalar.com.br\/en\/wp-json\/wp\/v2\/media\/28253"}],"wp:attachment":[{"href":"https:\/\/metahospitalar.com.br\/en\/wp-json\/wp\/v2\/media?parent=25907"}],"wp:term":[{"taxonomy":"product_brand","embeddable":true,"href":"https:\/\/metahospitalar.com.br\/en\/wp-json\/wp\/v2\/product_brand?post=25907"},{"taxonomy":"product_cat","embeddable":true,"href":"https:\/\/metahospitalar.com.br\/en\/wp-json\/wp\/v2\/product_cat?post=25907"},{"taxonomy":"product_tag","embeddable":true,"href":"https:\/\/metahospitalar.com.br\/en\/wp-json\/wp\/v2\/product_tag?post=25907"}],"curies":[{"name":"wp","href":"https:\/\/api.w.org\/{rel}","templated":true}]}}