{"id":25751,"date":"2022-08-26T14:51:34","date_gmt":"2022-08-26T17:51:34","guid":{"rendered":"https:\/\/metahospitalar.com.br\/fabrica-de-mobiliario-hospitalario\/"},"modified":"2025-02-21T16:16:23","modified_gmt":"2025-02-21T19:16:23","slug":"fabrica-de-mobiliario-hospitalario","status":"publish","type":"page","link":"https:\/\/metahospitalar.com.br\/es\/fabrica-de-mobiliario-hospitalario\/","title":{"rendered":"F\u00e1brica de mobiliario hospitalario"},"content":{"rendered":"\t\t<div data-elementor-type=\"wp-page\" data-elementor-id=\"25751\" class=\"elementor elementor-25751 elementor-2846\" data-elementor-post-type=\"page\">\n\t\t\t\t\t\t<section class=\"elementor-section elementor-top-section elementor-element elementor-element-4f2781c ct-section-stretched elementor-section-height-min-height animated-slow elementor-section-full_width elementor-section-height-default elementor-section-items-middle elementor-invisible\" data-id=\"4f2781c\" data-element_type=\"section\" data-e-type=\"section\" data-settings=\"{&quot;background_background&quot;:&quot;classic&quot;,&quot;animation&quot;:&quot;fadeIn&quot;}\">\n\t\t\t\t\t\t<div class=\"elementor-container elementor-column-gap-default\">\n\t\t\t\t\t<div class=\"elementor-column elementor-col-100 elementor-top-column elementor-element elementor-element-1b8bb0e\" data-id=\"1b8bb0e\" data-element_type=\"column\" data-e-type=\"column\">\n\t\t\t<div class=\"elementor-widget-wrap\">\n\t\t\t\t\t\t\t<\/div>\n\t\t<\/div>\n\t\t\t\t\t<\/div>\n\t\t<\/section>\n\t\t\t\t<section class=\"elementor-section elementor-top-section elementor-element elementor-element-0145fc7 elementor-section-full_width elementor-section-height-min-height elementor-section-height-default elementor-section-items-middle\" data-id=\"0145fc7\" data-element_type=\"section\" data-e-type=\"section\">\n\t\t\t\t\t\t<div class=\"elementor-container elementor-column-gap-default\">\n\t\t\t\t\t<div class=\"elementor-column elementor-col-50 elementor-top-column elementor-element elementor-element-05b5fae\" data-id=\"05b5fae\" data-element_type=\"column\" data-e-type=\"column\">\n\t\t\t<div class=\"elementor-widget-wrap elementor-element-populated\">\n\t\t\t\t\t\t<div class=\"elementor-element elementor-element-f20a548 elementor-widget elementor-widget-text-editor\" data-id=\"f20a548\" data-element_type=\"widget\" data-e-type=\"widget\" data-widget_type=\"text-editor.default\">\n\t\t\t\t\t\t\t\t\t<p><span style=\"font-weight: 400;\">\u00a0<\/span><\/p><p>Metahospitalar es uno de los principales fabricantes de muebles para el sector hospitalario en Brasil. Como parte de su historia, ha desarrollado varios productos que contribuyen a mejorar la calidad de vida de los pacientes y profesionales involucrados en las actividades hospitalarias.<\/p><p>Fundada en 1997,\u00a0Metahospitalar es una empresa brasile\u00f1a especializada en la producci\u00f3n de camas, camillas y mobili\u00e1rio hospitalario en general<\/p><p>Metahospitalar complet\u00f3 27 a\u00f1os de experiencia y a lo largo de su trayectoria ha ganado el liderazgo del mercado de equipos m\u00e9dicos hospitalarios en Brasil<\/p><p style=\"font-weight: 400;\">Metahospitalar ha sido innovador desde su origen. Presenta un crecimiento inspirador que impresiona al mercado del segmento m\u00e9dico hospitalario. L\u00edder nacional en el suministro de camas hospitalarias en Brasil. Tanto en el mercado p\u00fablico como en el privado<\/p>\t\t\t\t\t\t\t\t<\/div>\n\t\t\t\t\t<\/div>\n\t\t<\/div>\n\t\t\t\t<div class=\"elementor-column elementor-col-50 elementor-top-column elementor-element elementor-element-8c29851\" data-id=\"8c29851\" data-element_type=\"column\" data-e-type=\"column\">\n\t\t\t<div class=\"elementor-widget-wrap elementor-element-populated\">\n\t\t\t\t\t\t<div class=\"elementor-element elementor-element-ea9c34f elementor-widget elementor-widget-image\" data-id=\"ea9c34f\" data-element_type=\"widget\" data-e-type=\"widget\" data-widget_type=\"image.default\">\n\t\t\t\t\t\t\t\t\t\t\t\t<figure class=\"wp-caption\">\n\t\t\t\t\t\t\t\t\t\t<img decoding=\"async\" src=\"https:\/\/metahospitalar.com.br\/wp-content\/uploads\/elementor\/thumbs\/WhatsApp-Image-2021-05-25-at-11.29.18-1024x680-1-qkm9n6tayre1vnkfg9gzfhet255j73u3dc2yp9ux1g.jpeg\" title=\"Joel Rodrigues\/Ag\u00eancia Bras\u00edlia\" alt=\"Joel Rodrigues\/Ag\u00eancia Bras\u00edlia\" loading=\"lazy\" \/>\t\t\t\t\t\t\t\t\t\t\t<figcaption class=\"widget-image-caption wp-caption-text\">Joel Rodrigues\/Ag\u00eancia Bras\u00edlia<\/figcaption>\n\t\t\t\t\t\t\t\t\t\t<\/figure>\n\t\t\t\t\t\t\t\t\t<\/div>\n\t\t\t\t\t<\/div>\n\t\t<\/div>\n\t\t\t\t\t<\/div>\n\t\t<\/section>\n\t\t\t\t<section class=\"elementor-section elementor-top-section elementor-element elementor-element-84b8150 elementor-section-full_width elementor-section-height-default elementor-section-height-default\" data-id=\"84b8150\" data-element_type=\"section\" data-e-type=\"section\">\n\t\t\t\t\t\t<div class=\"elementor-container elementor-column-gap-default\">\n\t\t\t\t\t<div class=\"elementor-column elementor-col-100 elementor-top-column elementor-element elementor-element-0f1f168\" data-id=\"0f1f168\" data-element_type=\"column\" data-e-type=\"column\">\n\t\t\t<div class=\"elementor-widget-wrap elementor-element-populated\">\n\t\t\t\t\t\t<div class=\"elementor-element elementor-element-fb978ad elementor-widget elementor-widget-heading\" data-id=\"fb978ad\" data-element_type=\"widget\" data-e-type=\"widget\" data-widget_type=\"heading.default\">\n\t\t\t\t\t<h3 class=\"elementor-heading-title elementor-size-default\">\u00a1F\u00e1brica y productos 100% certificados!<\/h3>\t\t\t\t<\/div>\n\t\t\t\t\t<\/div>\n\t\t<\/div>\n\t\t\t\t\t<\/div>\n\t\t<\/section>\n\t\t\t\t<section class=\"elementor-section elementor-top-section elementor-element elementor-element-2d9d6c8 elementor-section-full_width elementor-section-height-default elementor-section-height-default\" data-id=\"2d9d6c8\" data-element_type=\"section\" data-e-type=\"section\">\n\t\t\t\t\t\t<div class=\"elementor-container elementor-column-gap-default\">\n\t\t\t\t\t<div class=\"elementor-column elementor-col-100 elementor-top-column elementor-element elementor-element-80c4461\" data-id=\"80c4461\" data-element_type=\"column\" data-e-type=\"column\">\n\t\t\t<div class=\"elementor-widget-wrap elementor-element-populated\">\n\t\t\t\t\t\t<div class=\"elementor-element elementor-element-4d4707c elementor-widget elementor-widget-text-editor\" data-id=\"4d4707c\" data-element_type=\"widget\" data-e-type=\"widget\" data-widget_type=\"text-editor.default\">\n\t\t\t\t\t\t\t\t\t<p data-start=\"0\" data-end=\"117\">Contamos con la certificaci\u00f3n <strong data-start=\"30\" data-end=\"52\">FDA estadounidense<\/strong> para nuestras <strong data-start=\"67\" data-end=\"114\">camas hospitalarias electr\u00f3nicas y camillas<\/strong>.<\/p><p data-start=\"119\" data-end=\"222\">Adem\u00e1s, disponemos de los certificados <strong data-start=\"158\" data-end=\"182\">ISO 9001 e ISO 13485<\/strong>, espec\u00edficos para productos de salud.<\/p><p data-start=\"224\" data-end=\"390\"><strong data-start=\"224\" data-end=\"242\">Metahospitalar<\/strong> est\u00e1 registrada, habilitada y autorizada para operar por <strong data-start=\"300\" data-end=\"310\">ANVISA<\/strong>, garantizando la <strong data-start=\"328\" data-end=\"359\">total procedencia y control<\/strong> de sus productos sanitarios.<\/p><p data-start=\"392\" data-end=\"658\">Nuestros productos <strong data-start=\"411\" data-end=\"429\">electrom\u00e9dicos<\/strong> han sido <strong data-start=\"439\" data-end=\"475\">probados y aprobados por INMETRO<\/strong>, cumpliendo con el respaldo <strong data-start=\"504\" data-end=\"537\">cient\u00edfico de las normas ABNT<\/strong> y con las <strong data-start=\"548\" data-end=\"655\">ingenier\u00edas aplicadas en investigaci\u00f3n y desarrollo de productos, incluyendo ingenier\u00eda electromec\u00e1nica<\/strong>.<\/p><p data-start=\"660\" data-end=\"789\" data-is-last-node=\"\" data-is-only-node=\"\">Todo esto con el objetivo de garantizar a los <strong data-start=\"706\" data-end=\"746\">usuarios y profesionales de la salud<\/strong> un entorno <strong data-start=\"758\" data-end=\"788\">seguro, probado y aprobado<\/strong><\/p>\t\t\t\t\t\t\t\t<\/div>\n\t\t\t\t\t<\/div>\n\t\t<\/div>\n\t\t\t\t\t<\/div>\n\t\t<\/section>\n\t\t\t\t<section class=\"elementor-section elementor-top-section elementor-element elementor-element-45c02f6 elementor-section-boxed elementor-section-height-default elementor-section-height-default\" data-id=\"45c02f6\" data-element_type=\"section\" data-e-type=\"section\">\n\t\t\t\t\t\t<div class=\"elementor-container elementor-column-gap-default\">\n\t\t\t\t\t<div class=\"elementor-column elementor-col-100 elementor-top-column elementor-element elementor-element-9782c35\" data-id=\"9782c35\" data-element_type=\"column\" data-e-type=\"column\">\n\t\t\t<div class=\"elementor-widget-wrap elementor-element-populated\">\n\t\t\t\t\t\t<div class=\"elementor-element elementor-element-d23cce7 elementor-widget elementor-widget-image\" data-id=\"d23cce7\" data-element_type=\"widget\" data-e-type=\"widget\" data-widget_type=\"image.default\">\n\t\t\t\t\t\t\t\t\t\t\t\t\t\t\t<img decoding=\"async\" width=\"300\" height=\"95\" src=\"https:\/\/metahospitalar.com.br\/wp-content\/uploads\/2022\/09\/META-HOSPITALAR-curva-300x95.png\" class=\"attachment-medium size-medium wp-image-18295\" alt=\"\" srcset=\"https:\/\/metahospitalar.com.br\/wp-content\/uploads\/2022\/09\/META-HOSPITALAR-curva-300x95.png 300w, https:\/\/metahospitalar.com.br\/wp-content\/uploads\/2022\/09\/META-HOSPITALAR-curva-600x190.png 600w, https:\/\/metahospitalar.com.br\/wp-content\/uploads\/2022\/09\/META-HOSPITALAR-curva-1024x324.png 1024w, https:\/\/metahospitalar.com.br\/wp-content\/uploads\/2022\/09\/META-HOSPITALAR-curva-768x243.png 768w, https:\/\/metahospitalar.com.br\/wp-content\/uploads\/2022\/09\/META-HOSPITALAR-curva-1536x486.png 1536w, https:\/\/metahospitalar.com.br\/wp-content\/uploads\/2022\/09\/META-HOSPITALAR-curva-2048x647.png 2048w\" sizes=\"(max-width: 300px) 100vw, 300px\" \/>\t\t\t\t\t\t\t\t\t\t\t\t\t\t\t<\/div>\n\t\t\t\t\t<\/div>\n\t\t<\/div>\n\t\t\t\t\t<\/div>\n\t\t<\/section>\n\t\t\t\t<section class=\"elementor-section elementor-top-section elementor-element elementor-element-4c10580 elementor-section-boxed elementor-section-height-default elementor-section-height-default\" data-id=\"4c10580\" data-element_type=\"section\" data-e-type=\"section\">\n\t\t\t\t\t\t<div class=\"elementor-container elementor-column-gap-default\">\n\t\t\t\t\t<div class=\"elementor-column elementor-col-100 elementor-top-column elementor-element elementor-element-9751c8b\" data-id=\"9751c8b\" data-element_type=\"column\" data-e-type=\"column\">\n\t\t\t<div class=\"elementor-widget-wrap elementor-element-populated\">\n\t\t\t\t\t\t<div class=\"elementor-element elementor-element-363fb74 elementor-widget elementor-widget-text-editor\" data-id=\"363fb74\" data-element_type=\"widget\" data-e-type=\"widget\" data-widget_type=\"text-editor.default\">\n\t\t\t\t\t\t\t\t\t<p>Innovando para salvar!<\/p>\t\t\t\t\t\t\t\t<\/div>\n\t\t\t\t\t<\/div>\n\t\t<\/div>\n\t\t\t\t\t<\/div>\n\t\t<\/section>\n\t\t\t\t<\/div>\n\t\t","protected":false},"excerpt":{"rendered":"<p>\u00a0 Metahospitalar es uno de los principales fabricantes de muebles para el sector hospitalario en Brasil. Como parte de su historia, ha desarrollado varios productos que contribuyen a mejorar la calidad de vida de los pacientes y profesionales involucrados en las actividades hospitalarias. Fundada en 1997,\u00a0Metahospitalar es una empresa brasile\u00f1a especializada en la producci\u00f3n de [&hellip;]<\/p>\n","protected":false},"author":1,"featured_media":0,"parent":0,"menu_order":0,"comment_status":"closed","ping_status":"closed","template":"elementor_theme","meta":{"googlesitekit_rrm_CAow0fHbCw:productID":"","content-type":"","footnotes":""},"class_list":["post-25751","page","type-page","status-publish","hentry"],"blocksy_meta":{"styles_descriptor":{"styles":{"desktop":"","tablet":"","mobile":""},"google_fonts":[],"version":6}},"yoast_head":"<!-- This site is optimized with the Yoast SEO plugin v27.2 - https:\/\/yoast.com\/product\/yoast-seo-wordpress\/ -->\n<title>F\u00e1brica de mobiliario hospitalario - Metahospitalar<\/title>\n<meta name=\"description\" content=\"Conozca un poco m\u00e1s sobre la f\u00e1brica de mobiliario hospitalario, Metahospitalar. 25 a\u00f1os fabricando camas hospitalarias.\" \/>\n<meta name=\"robots\" content=\"index, follow, max-snippet:-1, max-image-preview:large, max-video-preview:-1\" \/>\n<link rel=\"canonical\" href=\"https:\/\/metahospitalar.com.br\/es\/fabrica-de-mobiliario-hospitalario\/\" \/>\n<meta property=\"og:locale\" content=\"es_ES\" \/>\n<meta property=\"og:type\" content=\"article\" \/>\n<meta property=\"og:title\" content=\"F\u00e1brica de mobiliario hospitalario - Metahospitalar\" \/>\n<meta property=\"og:description\" content=\"Conozca un poco m\u00e1s sobre la f\u00e1brica de mobiliario hospitalario, Metahospitalar. 25 a\u00f1os fabricando camas hospitalarias.\" \/>\n<meta property=\"og:url\" content=\"https:\/\/metahospitalar.com.br\/es\/fabrica-de-mobiliario-hospitalario\/\" \/>\n<meta property=\"og:site_name\" content=\"Metahospitalar\" \/>\n<meta property=\"article:publisher\" content=\"https:\/\/www.facebook.com\/metahospitalar\" \/>\n<meta property=\"article:modified_time\" content=\"2025-02-21T19:16:23+00:00\" \/>\n<meta property=\"og:image\" content=\"https:\/\/metahospitalar.com.br\/wp-content\/uploads\/elementor\/thumbs\/WhatsApp-Image-2021-05-25-at-11.29.18-1024x680-1-qkm9n6tayre1vnkfg9gzfhet255j73u3dc2yp9ux1g.jpeg\" \/>\n<meta name=\"twitter:card\" content=\"summary_large_image\" \/>\n<meta name=\"twitter:site\" content=\"@Metahospitalar\" \/>\n<meta name=\"twitter:label1\" content=\"Tiempo de lectura\" \/>\n\t<meta name=\"twitter:data1\" content=\"1 minuto\" \/>\n<script type=\"application\/ld+json\" class=\"yoast-schema-graph\">{\"@context\":\"https:\/\/schema.org\",\"@graph\":[{\"@type\":\"WebPage\",\"@id\":\"https:\/\/metahospitalar.com.br\/es\/fabrica-de-mobiliario-hospitalario\/\",\"url\":\"https:\/\/metahospitalar.com.br\/es\/fabrica-de-mobiliario-hospitalario\/\",\"name\":\"F\u00e1brica de mobiliario hospitalario - Metahospitalar\",\"isPartOf\":{\"@id\":\"https:\/\/metahospitalar.com.br\/es\/#website\"},\"primaryImageOfPage\":{\"@id\":\"https:\/\/metahospitalar.com.br\/es\/fabrica-de-mobiliario-hospitalario\/#primaryimage\"},\"image\":{\"@id\":\"https:\/\/metahospitalar.com.br\/es\/fabrica-de-mobiliario-hospitalario\/#primaryimage\"},\"thumbnailUrl\":\"https:\/\/metahospitalar.com.br\/wp-content\/uploads\/elementor\/thumbs\/WhatsApp-Image-2021-05-25-at-11.29.18-1024x680-1-qkm9n6tayre1vnkfg9gzfhet255j73u3dc2yp9ux1g.jpeg\",\"datePublished\":\"2022-08-26T17:51:34+00:00\",\"dateModified\":\"2025-02-21T19:16:23+00:00\",\"description\":\"Conozca un poco m\u00e1s sobre la f\u00e1brica de mobiliario hospitalario, Metahospitalar. 25 a\u00f1os fabricando camas hospitalarias.\",\"breadcrumb\":{\"@id\":\"https:\/\/metahospitalar.com.br\/es\/fabrica-de-mobiliario-hospitalario\/#breadcrumb\"},\"inLanguage\":\"es\",\"potentialAction\":[{\"@type\":\"ReadAction\",\"target\":[\"https:\/\/metahospitalar.com.br\/es\/fabrica-de-mobiliario-hospitalario\/\"]}]},{\"@type\":\"ImageObject\",\"inLanguage\":\"es\",\"@id\":\"https:\/\/metahospitalar.com.br\/es\/fabrica-de-mobiliario-hospitalario\/#primaryimage\",\"url\":\"https:\/\/metahospitalar.com.br\/wp-content\/uploads\/elementor\/thumbs\/WhatsApp-Image-2021-05-25-at-11.29.18-1024x680-1-qkm9n6tayre1vnkfg9gzfhet255j73u3dc2yp9ux1g.jpeg\",\"contentUrl\":\"https:\/\/metahospitalar.com.br\/wp-content\/uploads\/elementor\/thumbs\/WhatsApp-Image-2021-05-25-at-11.29.18-1024x680-1-qkm9n6tayre1vnkfg9gzfhet255j73u3dc2yp9ux1g.jpeg\"},{\"@type\":\"BreadcrumbList\",\"@id\":\"https:\/\/metahospitalar.com.br\/es\/fabrica-de-mobiliario-hospitalario\/#breadcrumb\",\"itemListElement\":[{\"@type\":\"ListItem\",\"position\":1,\"name\":\"In\u00edcio\",\"item\":\"https:\/\/metahospitalar.com.br\/es\/\"},{\"@type\":\"ListItem\",\"position\":2,\"name\":\"F\u00e1brica de mobiliario hospitalario\"}]},{\"@type\":\"WebSite\",\"@id\":\"https:\/\/metahospitalar.com.br\/es\/#website\",\"url\":\"https:\/\/metahospitalar.com.br\/es\/\",\"name\":\"Metahospitalar\",\"description\":\"M\u00f3veis hospitalares\",\"publisher\":{\"@id\":\"https:\/\/metahospitalar.com.br\/es\/#organization\"},\"potentialAction\":[{\"@type\":\"SearchAction\",\"target\":{\"@type\":\"EntryPoint\",\"urlTemplate\":\"https:\/\/metahospitalar.com.br\/es\/?s={search_term_string}\"},\"query-input\":{\"@type\":\"PropertyValueSpecification\",\"valueRequired\":true,\"valueName\":\"search_term_string\"}}],\"inLanguage\":\"es\"},{\"@type\":\"Organization\",\"@id\":\"https:\/\/metahospitalar.com.br\/es\/#organization\",\"name\":\"metahospitalar\",\"alternateName\":\"Meta m\u00f3veis\",\"url\":\"https:\/\/metahospitalar.com.br\/es\/\",\"logo\":{\"@type\":\"ImageObject\",\"inLanguage\":\"es\",\"@id\":\"https:\/\/metahospitalar.com.br\/es\/#\/schema\/logo\/image\/\",\"url\":\"https:\/\/metahospitalar.com.br\/wp-content\/uploads\/2022\/06\/META-HOSPITALAR-curva-icone-copiar.webp\",\"contentUrl\":\"https:\/\/metahospitalar.com.br\/wp-content\/uploads\/2022\/06\/META-HOSPITALAR-curva-icone-copiar.webp\",\"width\":512,\"height\":512,\"caption\":\"metahospitalar\"},\"image\":{\"@id\":\"https:\/\/metahospitalar.com.br\/es\/#\/schema\/logo\/image\/\"},\"sameAs\":[\"https:\/\/www.facebook.com\/metahospitalar\",\"https:\/\/x.com\/Metahospitalar\",\"https:\/\/www.instagram.com\/metahospitalar\/\",\"https:\/\/www.linkedin.com\/company\/metahospitalar\/\"]}]}<\/script>\n<!-- \/ Yoast SEO plugin. -->","yoast_head_json":{"title":"F\u00e1brica de mobiliario hospitalario - Metahospitalar","description":"Conozca un poco m\u00e1s sobre la f\u00e1brica de mobiliario hospitalario, Metahospitalar. 25 a\u00f1os fabricando camas hospitalarias.","robots":{"index":"index","follow":"follow","max-snippet":"max-snippet:-1","max-image-preview":"max-image-preview:large","max-video-preview":"max-video-preview:-1"},"canonical":"https:\/\/metahospitalar.com.br\/es\/fabrica-de-mobiliario-hospitalario\/","og_locale":"es_ES","og_type":"article","og_title":"F\u00e1brica de mobiliario hospitalario - Metahospitalar","og_description":"Conozca un poco m\u00e1s sobre la f\u00e1brica de mobiliario hospitalario, Metahospitalar. 25 a\u00f1os fabricando camas hospitalarias.","og_url":"https:\/\/metahospitalar.com.br\/es\/fabrica-de-mobiliario-hospitalario\/","og_site_name":"Metahospitalar","article_publisher":"https:\/\/www.facebook.com\/metahospitalar","article_modified_time":"2025-02-21T19:16:23+00:00","og_image":[{"url":"https:\/\/metahospitalar.com.br\/wp-content\/uploads\/elementor\/thumbs\/WhatsApp-Image-2021-05-25-at-11.29.18-1024x680-1-qkm9n6tayre1vnkfg9gzfhet255j73u3dc2yp9ux1g.jpeg","type":"","width":"","height":""}],"twitter_card":"summary_large_image","twitter_site":"@Metahospitalar","twitter_misc":{"Tiempo de lectura":"1 minuto"},"schema":{"@context":"https:\/\/schema.org","@graph":[{"@type":"WebPage","@id":"https:\/\/metahospitalar.com.br\/es\/fabrica-de-mobiliario-hospitalario\/","url":"https:\/\/metahospitalar.com.br\/es\/fabrica-de-mobiliario-hospitalario\/","name":"F\u00e1brica de mobiliario hospitalario - Metahospitalar","isPartOf":{"@id":"https:\/\/metahospitalar.com.br\/es\/#website"},"primaryImageOfPage":{"@id":"https:\/\/metahospitalar.com.br\/es\/fabrica-de-mobiliario-hospitalario\/#primaryimage"},"image":{"@id":"https:\/\/metahospitalar.com.br\/es\/fabrica-de-mobiliario-hospitalario\/#primaryimage"},"thumbnailUrl":"https:\/\/metahospitalar.com.br\/wp-content\/uploads\/elementor\/thumbs\/WhatsApp-Image-2021-05-25-at-11.29.18-1024x680-1-qkm9n6tayre1vnkfg9gzfhet255j73u3dc2yp9ux1g.jpeg","datePublished":"2022-08-26T17:51:34+00:00","dateModified":"2025-02-21T19:16:23+00:00","description":"Conozca un poco m\u00e1s sobre la f\u00e1brica de mobiliario hospitalario, Metahospitalar. 25 a\u00f1os fabricando camas hospitalarias.","breadcrumb":{"@id":"https:\/\/metahospitalar.com.br\/es\/fabrica-de-mobiliario-hospitalario\/#breadcrumb"},"inLanguage":"es","potentialAction":[{"@type":"ReadAction","target":["https:\/\/metahospitalar.com.br\/es\/fabrica-de-mobiliario-hospitalario\/"]}]},{"@type":"ImageObject","inLanguage":"es","@id":"https:\/\/metahospitalar.com.br\/es\/fabrica-de-mobiliario-hospitalario\/#primaryimage","url":"https:\/\/metahospitalar.com.br\/wp-content\/uploads\/elementor\/thumbs\/WhatsApp-Image-2021-05-25-at-11.29.18-1024x680-1-qkm9n6tayre1vnkfg9gzfhet255j73u3dc2yp9ux1g.jpeg","contentUrl":"https:\/\/metahospitalar.com.br\/wp-content\/uploads\/elementor\/thumbs\/WhatsApp-Image-2021-05-25-at-11.29.18-1024x680-1-qkm9n6tayre1vnkfg9gzfhet255j73u3dc2yp9ux1g.jpeg"},{"@type":"BreadcrumbList","@id":"https:\/\/metahospitalar.com.br\/es\/fabrica-de-mobiliario-hospitalario\/#breadcrumb","itemListElement":[{"@type":"ListItem","position":1,"name":"In\u00edcio","item":"https:\/\/metahospitalar.com.br\/es\/"},{"@type":"ListItem","position":2,"name":"F\u00e1brica de mobiliario hospitalario"}]},{"@type":"WebSite","@id":"https:\/\/metahospitalar.com.br\/es\/#website","url":"https:\/\/metahospitalar.com.br\/es\/","name":"Metahospitalar","description":"M\u00f3veis hospitalares","publisher":{"@id":"https:\/\/metahospitalar.com.br\/es\/#organization"},"potentialAction":[{"@type":"SearchAction","target":{"@type":"EntryPoint","urlTemplate":"https:\/\/metahospitalar.com.br\/es\/?s={search_term_string}"},"query-input":{"@type":"PropertyValueSpecification","valueRequired":true,"valueName":"search_term_string"}}],"inLanguage":"es"},{"@type":"Organization","@id":"https:\/\/metahospitalar.com.br\/es\/#organization","name":"metahospitalar","alternateName":"Meta m\u00f3veis","url":"https:\/\/metahospitalar.com.br\/es\/","logo":{"@type":"ImageObject","inLanguage":"es","@id":"https:\/\/metahospitalar.com.br\/es\/#\/schema\/logo\/image\/","url":"https:\/\/metahospitalar.com.br\/wp-content\/uploads\/2022\/06\/META-HOSPITALAR-curva-icone-copiar.webp","contentUrl":"https:\/\/metahospitalar.com.br\/wp-content\/uploads\/2022\/06\/META-HOSPITALAR-curva-icone-copiar.webp","width":512,"height":512,"caption":"metahospitalar"},"image":{"@id":"https:\/\/metahospitalar.com.br\/es\/#\/schema\/logo\/image\/"},"sameAs":["https:\/\/www.facebook.com\/metahospitalar","https:\/\/x.com\/Metahospitalar","https:\/\/www.instagram.com\/metahospitalar\/","https:\/\/www.linkedin.com\/company\/metahospitalar\/"]}]}},"_links":{"self":[{"href":"https:\/\/metahospitalar.com.br\/es\/wp-json\/wp\/v2\/pages\/25751","targetHints":{"allow":["GET"]}}],"collection":[{"href":"https:\/\/metahospitalar.com.br\/es\/wp-json\/wp\/v2\/pages"}],"about":[{"href":"https:\/\/metahospitalar.com.br\/es\/wp-json\/wp\/v2\/types\/page"}],"author":[{"embeddable":true,"href":"https:\/\/metahospitalar.com.br\/es\/wp-json\/wp\/v2\/users\/1"}],"replies":[{"embeddable":true,"href":"https:\/\/metahospitalar.com.br\/es\/wp-json\/wp\/v2\/comments?post=25751"}],"version-history":[{"count":3,"href":"https:\/\/metahospitalar.com.br\/es\/wp-json\/wp\/v2\/pages\/25751\/revisions"}],"predecessor-version":[{"id":26868,"href":"https:\/\/metahospitalar.com.br\/es\/wp-json\/wp\/v2\/pages\/25751\/revisions\/26868"}],"wp:attachment":[{"href":"https:\/\/metahospitalar.com.br\/es\/wp-json\/wp\/v2\/media?parent=25751"}],"curies":[{"name":"wp","href":"https:\/\/api.w.org\/{rel}","templated":true}]}}