{"id":35633,"date":"2026-03-23T14:02:32","date_gmt":"2026-03-23T17:02:32","guid":{"rendered":"https:\/\/metahospitalar.com.br\/ponte-en-contacto-con\/"},"modified":"2026-05-12T12:08:14","modified_gmt":"2026-05-12T15:08:14","slug":"ponte-en-contacto-con","status":"publish","type":"page","link":"https:\/\/metahospitalar.com.br\/es\/ponte-en-contacto-con\/","title":{"rendered":"Ponte en contacto con"},"content":{"rendered":"\t\t<div data-elementor-type=\"wp-page\" data-elementor-id=\"35633\" class=\"elementor elementor-35633 elementor-34492\" data-elementor-post-type=\"page\">\n\t\t\t\t<div class=\"elementor-element elementor-element-1e9da56 e-con-full e-flex e-con e-parent\" data-id=\"1e9da56\" data-element_type=\"container\" data-e-type=\"container\" data-settings=\"{&quot;background_background&quot;:&quot;classic&quot;,&quot;background_motion_fx_motion_fx_scrolling&quot;:&quot;yes&quot;,&quot;position&quot;:&quot;absolute&quot;,&quot;background_motion_fx_devices&quot;:[&quot;desktop&quot;,&quot;tablet&quot;,&quot;mobile&quot;]}\">\n\t\t\t\t<\/div>\n\t\t<div class=\"elementor-element elementor-element-f250302 e-flex e-con-boxed e-con e-parent\" data-id=\"f250302\" data-element_type=\"container\" data-e-type=\"container\">\n\t\t\t\t\t<div class=\"e-con-inner\">\n\t\t<div class=\"elementor-element elementor-element-c92b418 e-con-full e-flex e-con e-child\" data-id=\"c92b418\" data-element_type=\"container\" data-e-type=\"container\">\n\t\t\t\t<div class=\"elementor-element elementor-element-5b322bb elementor-widget elementor-widget-spacer\" data-id=\"5b322bb\" data-element_type=\"widget\" data-e-type=\"widget\" data-widget_type=\"spacer.default\">\n\t\t\t\t\t\t\t<div class=\"elementor-spacer\">\n\t\t\t<div class=\"elementor-spacer-inner\"><\/div>\n\t\t<\/div>\n\t\t\t\t\t\t<\/div>\n\t\t\t\t<div class=\"elementor-element elementor-element-fe3a246 elementor-position-inline-start elementor-view-default elementor-mobile-position-block-start elementor-widget elementor-widget-icon-box\" data-id=\"fe3a246\" data-element_type=\"widget\" data-e-type=\"widget\" data-widget_type=\"icon-box.default\">\n\t\t\t\t\t\t\t<div class=\"elementor-icon-box-wrapper\">\n\n\t\t\t\t\t\t<div class=\"elementor-icon-box-icon\">\n\t\t\t\t<a href=\"https:\/\/share.google\/s1iuJ10igSeBUsjRa\" target=\"_blank\" class=\"elementor-icon\" tabindex=\"-1\" aria-label=\"Metahospitalar\u200b\">\n\t\t\t\t<svg aria-hidden=\"true\" class=\"e-font-icon-svg e-fas-map-marker-alt\" viewBox=\"0 0 384 512\" xmlns=\"http:\/\/www.w3.org\/2000\/svg\"><path d=\"M172.268 501.67C26.97 291.031 0 269.413 0 192 0 85.961 85.961 0 192 0s192 85.961 192 192c0 77.413-26.97 99.031-172.268 309.67-9.535 13.774-29.93 13.773-39.464 0zM192 272c44.183 0 80-35.817 80-80s-35.817-80-80-80-80 35.817-80 80 35.817 80 80 80z\"><\/path><\/svg>\t\t\t\t<\/a>\n\t\t\t<\/div>\n\t\t\t\n\t\t\t\t\t\t<div class=\"elementor-icon-box-content\">\n\n\t\t\t\t\t\t\t\t\t<h3 class=\"elementor-icon-box-title\">\n\t\t\t\t\t\t<a href=\"https:\/\/share.google\/s1iuJ10igSeBUsjRa\" target=\"_blank\" >\n\t\t\t\t\t\t\tMetahospitalar\u200b\t\t\t\t\t\t<\/a>\n\t\t\t\t\t<\/h3>\n\t\t\t\t\n\t\t\t\t\t\t\t\t\t<p class=\"elementor-icon-box-description\">\n\t\t\t\t\t\tAv. Elmar Arantes Cabral\nQd.07 | Lts. 34\/36 Pq Ind. Vice-Presidente Jos\u00e9 de Alencar.\nAparecida de Goi\u00e2nia - Goi\u00e1s, Brasil\nCEP 74993-535   \t\t\t\t\t<\/p>\n\t\t\t\t\n\t\t\t<\/div>\n\t\t\t\n\t\t<\/div>\n\t\t\t\t\t\t<\/div>\n\t\t\t\t<div class=\"elementor-element elementor-element-5a4de9c elementor-position-inline-start elementor-view-default elementor-mobile-position-block-start elementor-widget elementor-widget-icon-box\" data-id=\"5a4de9c\" data-element_type=\"widget\" data-e-type=\"widget\" data-widget_type=\"icon-box.default\">\n\t\t\t\t\t\t\t<div class=\"elementor-icon-box-wrapper\">\n\n\t\t\t\t\t\t<div class=\"elementor-icon-box-icon\">\n\t\t\t\t<a href=\"https:\/\/wa.me\/5562981772686\" target=\"_blank\" class=\"elementor-icon\" tabindex=\"-1\" aria-label=\"Tel\u00e9fono comercial\">\n\t\t\t\t<svg aria-hidden=\"true\" class=\"e-font-icon-svg e-fab-whatsapp\" viewBox=\"0 0 448 512\" xmlns=\"http:\/\/www.w3.org\/2000\/svg\"><path d=\"M380.9 97.1C339 55.1 283.2 32 223.9 32c-122.4 0-222 99.6-222 222 0 39.1 10.2 77.3 29.6 111L0 480l117.7-30.9c32.4 17.7 68.9 27 106.1 27h.1c122.3 0 224.1-99.6 224.1-222 0-59.3-25.2-115-67.1-157zm-157 341.6c-33.2 0-65.7-8.9-94-25.7l-6.7-4-69.8 18.3L72 359.2l-4.4-7c-18.5-29.4-28.2-63.3-28.2-98.2 0-101.7 82.8-184.5 184.6-184.5 49.3 0 95.6 19.2 130.4 54.1 34.8 34.9 56.2 81.2 56.1 130.5 0 101.8-84.9 184.6-186.6 184.6zm101.2-138.2c-5.5-2.8-32.8-16.2-37.9-18-5.1-1.9-8.8-2.8-12.5 2.8-3.7 5.6-14.3 18-17.6 21.8-3.2 3.7-6.5 4.2-12 1.4-32.6-16.3-54-29.1-75.5-66-5.7-9.8 5.7-9.1 16.3-30.3 1.8-3.7.9-6.9-.5-9.7-1.4-2.8-12.5-30.1-17.1-41.2-4.5-10.8-9.1-9.3-12.5-9.5-3.2-.2-6.9-.2-10.6-.2-3.7 0-9.7 1.4-14.8 6.9-5.1 5.6-19.4 19-19.4 46.3 0 27.3 19.9 53.7 22.6 57.4 2.8 3.7 39.1 59.7 94.8 83.8 35.2 15.2 49 16.5 66.6 13.9 10.7-1.6 32.8-13.4 37.4-26.4 4.6-13 4.6-24.1 3.2-26.4-1.3-2.5-5-3.9-10.5-6.6z\"><\/path><\/svg>\t\t\t\t<\/a>\n\t\t\t<\/div>\n\t\t\t\n\t\t\t\t\t\t<div class=\"elementor-icon-box-content\">\n\n\t\t\t\t\t\t\t\t\t<h3 class=\"elementor-icon-box-title\">\n\t\t\t\t\t\t<a href=\"https:\/\/wa.me\/5562981772686\" target=\"_blank\" >\n\t\t\t\t\t\t\tTel\u00e9fono comercial\t\t\t\t\t\t<\/a>\n\t\t\t\t\t<\/h3>\n\t\t\t\t\n\t\t\t\t\t\t\t\t\t<p class=\"elementor-icon-box-description\">\n\t\t\t\t\t\t+55 62 98177-2686\t\t\t\t\t<\/p>\n\t\t\t\t\n\t\t\t<\/div>\n\t\t\t\n\t\t<\/div>\n\t\t\t\t\t\t<\/div>\n\t\t\t\t<div class=\"elementor-element elementor-element-bcd9a17 elementor-position-inline-start elementor-view-default elementor-mobile-position-block-start elementor-widget elementor-widget-icon-box\" data-id=\"bcd9a17\" data-element_type=\"widget\" data-e-type=\"widget\" data-widget_type=\"icon-box.default\">\n\t\t\t\t\t\t\t<div class=\"elementor-icon-box-wrapper\">\n\n\t\t\t\t\t\t<div class=\"elementor-icon-box-icon\">\n\t\t\t\t<a href=\"https:\/\/www.google.com\/search?q=meta+hospitalar&#038;oq=meta+hosp&#038;gs_lcrp=EgZjaHJvbWUqBggAEEUYOzIGCAAQRRg7MgYIARBFGDkyCQgCEAAYChiABDIJCAMQRRg7GIAEMgcIBBAAGIAEMgYIBRBFGDwyBggGEEUYPTIGCAcQRRg90gEIMzg2MmowajeoAgCwAgA&#038;sourceid=chrome&#038;ie=UTF-8#:~:text=Telefone%3A-,(62)%203282%2D9920,-Hor%C3%A1rio%20de%20funcionamento\" target=\"_blank\" class=\"elementor-icon\" tabindex=\"-1\" aria-label=\"Tel\u00e9fono\">\n\t\t\t\t<svg aria-hidden=\"true\" class=\"e-font-icon-svg e-fas-phone-alt\" viewBox=\"0 0 512 512\" xmlns=\"http:\/\/www.w3.org\/2000\/svg\"><path d=\"M497.39 361.8l-112-48a24 24 0 0 0-28 6.9l-49.6 60.6A370.66 370.66 0 0 1 130.6 204.11l60.6-49.6a23.94 23.94 0 0 0 6.9-28l-48-112A24.16 24.16 0 0 0 122.6.61l-104 24A24 24 0 0 0 0 48c0 256.5 207.9 464 464 464a24 24 0 0 0 23.4-18.6l24-104a24.29 24.29 0 0 0-14.01-27.6z\"><\/path><\/svg>\t\t\t\t<\/a>\n\t\t\t<\/div>\n\t\t\t\n\t\t\t\t\t\t<div class=\"elementor-icon-box-content\">\n\n\t\t\t\t\t\t\t\t\t<h3 class=\"elementor-icon-box-title\">\n\t\t\t\t\t\t<a href=\"https:\/\/www.google.com\/search?q=meta+hospitalar&#038;oq=meta+hosp&#038;gs_lcrp=EgZjaHJvbWUqBggAEEUYOzIGCAAQRRg7MgYIARBFGDkyCQgCEAAYChiABDIJCAMQRRg7GIAEMgcIBBAAGIAEMgYIBRBFGDwyBggGEEUYPTIGCAcQRRg90gEIMzg2MmowajeoAgCwAgA&#038;sourceid=chrome&#038;ie=UTF-8#:~:text=Telefone%3A-,(62)%203282%2D9920,-Hor%C3%A1rio%20de%20funcionamento\" target=\"_blank\" >\n\t\t\t\t\t\t\tTel\u00e9fono\t\t\t\t\t\t<\/a>\n\t\t\t\t\t<\/h3>\n\t\t\t\t\n\t\t\t\t\t\t\t\t\t<p class=\"elementor-icon-box-description\">\n\t\t\t\t\t\t+55 62 3282-9920\t\t\t\t\t<\/p>\n\t\t\t\t\n\t\t\t<\/div>\n\t\t\t\n\t\t<\/div>\n\t\t\t\t\t\t<\/div>\n\t\t\t\t<div class=\"elementor-element elementor-element-cf24210 elementor-widget elementor-widget-google_maps\" data-id=\"cf24210\" data-element_type=\"widget\" data-e-type=\"widget\" data-widget_type=\"google_maps.default\">\n\t\t\t\t\t\t\t<div class=\"elementor-custom-embed\">\n\t\t\t<iframe loading=\"lazy\"\n\t\t\t\t\tsrc=\"https:\/\/www.google.com\/maps\/embed\/v1\/place?key=AIzaSyByzcNDmhjtdtGVeLm-pru6cuIw6qh6KWU&#038;q=%20Pq.%20Ind.%20Vice-Presidente%20Jos%C3%A9%20de%20Alencar%20-%20Av.%20Elmar%20Arantes%20Cabral%2C&#038;zoom=14\"\n\t\t\t\t\ttitle=\" Pq. Ind. Vice-Presidente Jos\u00e9 de Alencar - Av. Elmar Arantes Cabral,\"\n\t\t\t\t\taria-label=\" Pq. Ind. Vice-Presidente Jos\u00e9 de Alencar - Av. Elmar Arantes Cabral,\"\n\t\t\t><\/iframe>\n\t\t<\/div>\n\t\t\t\t\t\t<\/div>\n\t\t\t\t<\/div>\n\t\t<div class=\"elementor-element elementor-element-370da5c e-con-full e-flex e-con e-child\" data-id=\"370da5c\" data-element_type=\"container\" data-e-type=\"container\" data-settings=\"{&quot;background_background&quot;:&quot;classic&quot;}\">\n\t\t\t\t<div class=\"elementor-element elementor-element-b7dd470 elementor-widget elementor-widget-wpforms\" data-id=\"b7dd470\" data-element_type=\"widget\" data-e-type=\"widget\" data-widget_type=\"wpforms.default\">\n\t\t\t\t<div class=\"elementor-widget-container\">\n\t\t\t\t\t<div class=\"wpforms-container \" id=\"wpforms-1857\"><form id=\"wpforms-form-1857\" class=\"wpforms-validate wpforms-form wpforms-ajax-form\" data-formid=\"1857\" method=\"post\" enctype=\"multipart\/form-data\" action=\"\/es\/wp-json\/wp\/v2\/pages\/35633?wpforms_form_id=1857\" data-token=\"265176e7de0c877a79b153f1806d2363\" data-token-time=\"1778696209\"><noscript class=\"wpforms-error-noscript\">Por favor, activa JavaScript en tu navegador para completar este formulario.<\/noscript><div class=\"wpforms-field-container\"><div id=\"wpforms-1857-field_12-container\" class=\"wpforms-field wpforms-field-number\" data-field-id=\"12\"><label class=\"wpforms-field-label\" for=\"wpforms-1857-field_12\">CNPJ \/ CPF<\/label><input type=\"number\" id=\"wpforms-1857-field_12\" class=\"wpforms-field-medium\" name=\"wpforms[fields][12]\" step=\"any\" ><\/div><div id=\"wpforms-1857-field_2-container\" class=\"wpforms-field wpforms-field-name\" data-field-id=\"2\"><label class=\"wpforms-field-label\" for=\"wpforms-1857-field_2\">Nome \/ Empresa <span class=\"wpforms-required-label\">*<\/span><\/label><input type=\"text\" id=\"wpforms-1857-field_2\" class=\"wpforms-field-medium wpforms-field-required\" name=\"wpforms[fields][2]\" placeholder=\"Insira seu nome ou nome da Corpora\u00e7\u00e3o que voc\u00ea representa.\" required><\/div><div id=\"wpforms-1857-field_1-container\" class=\"wpforms-field wpforms-field-email\" data-field-id=\"1\"><label class=\"wpforms-field-label\" for=\"wpforms-1857-field_1\">E-mail <span class=\"wpforms-required-label\">*<\/span><\/label><input type=\"email\" id=\"wpforms-1857-field_1\" class=\"wpforms-field-medium wpforms-field-required\" name=\"wpforms[fields][1]\" spellcheck=\"false\" required><\/div><div id=\"wpforms-1857-field_9-container\" class=\"wpforms-field wpforms-field-address\" data-field-id=\"9\"><label class=\"wpforms-field-label\">Endere\u00e7o<\/label><div class=\"wpforms-field-row wpforms-field-medium\"><div ><input type=\"text\" id=\"wpforms-1857-field_9\" class=\"wpforms-field-address-address1\" name=\"wpforms[fields][9][address1]\" ><label for=\"wpforms-1857-field_9\" class=\"wpforms-field-sublabel after\">Direcci\u00f3n (l\u00ednea 1)<\/label><\/div><\/div><div class=\"wpforms-field-row wpforms-field-medium\"><div class=\"wpforms-field-row-block wpforms-one-half wpforms-first\"><input type=\"text\" id=\"wpforms-1857-field_9-city\" class=\"wpforms-field-address-city\" name=\"wpforms[fields][9][city]\" ><label for=\"wpforms-1857-field_9-city\" class=\"wpforms-field-sublabel after\">Ciudad<\/label><\/div><div class=\"wpforms-field-row-block wpforms-one-half\"><input type=\"text\" id=\"wpforms-1857-field_9-state\" class=\"wpforms-field-address-state\" name=\"wpforms[fields][9][state]\" ><label for=\"wpforms-1857-field_9-state\" class=\"wpforms-field-sublabel after\">Estado \/ Provincia \/ Regi\u00f3n<\/label><\/div><\/div><div class=\"wpforms-field-row wpforms-field-medium\"><div class=\"wpforms-field-row-block wpforms-one-half wpforms-first\"><input type=\"text\" id=\"wpforms-1857-field_9-postal\" class=\"wpforms-field-address-postal\" name=\"wpforms[fields][9][postal]\" ><label for=\"wpforms-1857-field_9-postal\" class=\"wpforms-field-sublabel after\">C\u00f3digo postal<\/label><\/div><\/div><\/div><div id=\"wpforms-1857-field_5-container\" class=\"wpforms-field wpforms-field-phone\" data-field-id=\"5\"><label class=\"wpforms-field-label\" for=\"wpforms-1857-field_5\">Telefone<\/label><input type=\"tel\" id=\"wpforms-1857-field_5\" class=\"wpforms-field-medium wpforms-smart-phone-field\" data-rule-smart-phone-field=\"true\" name=\"wpforms[fields][5]\" aria-label=\"Telefone\" ><\/div><div id=\"wpforms-1857-field_4-container\" class=\"wpforms-field wpforms-field-select wpforms-field-select-style-modern\" data-field-id=\"4\"><label class=\"wpforms-field-label\" for=\"wpforms-1857-field_4\">Departamento:<\/label><select id=\"wpforms-1857-field_4\" class=\"wpforms-field-medium choicesjs-select\" data-size-class=\"wpforms-field-row wpforms-field-medium\" data-search-enabled=\"\" name=\"wpforms[fields][4]\"><option value=\"\" class=\"placeholder\" disabled ><\/option><option value=\"Or\u00e7amentos\"  selected='selected' class=\"choice-1 depth-1\"  >Or\u00e7amentos<\/option><option value=\"Administra\u00e7\u00e3o\"  class=\"choice-5 depth-1\"  >Administra\u00e7\u00e3o<\/option><option value=\"Qualidade\"  class=\"choice-8 depth-1\"  >Qualidade<\/option><option value=\"Sac\"  class=\"choice-10 depth-1\"  >Sac<\/option><\/select><\/div><div id=\"wpforms-1857-field_6-container\" class=\"wpforms-field wpforms-field-file-upload\" data-field-id=\"6\"><label class=\"wpforms-field-label\" for=\"wpforms-1857-field_6\">Envio de arquivo<\/label><input type=\"file\" id=\"wpforms-1857-field_6\" data-rule-extension=\"png,gif,jpg,pdf\" data-rule-maxsize=\"5242880\" name=\"wpforms_1857_6\" accept=\".png,.gif,.jpg,.pdf\" ><\/div><div id=\"wpforms-1857-field_3-container\" class=\"wpforms-field wpforms-field-textarea\" data-field-id=\"3\"><label class=\"wpforms-field-label\" for=\"wpforms-1857-field_3\">Mensagem <span class=\"wpforms-required-label\">*<\/span><\/label><textarea id=\"wpforms-1857-field_3\" class=\"wpforms-field-medium wpforms-field-required\" name=\"wpforms[fields][3]\" required><\/textarea><\/div><\/div><!-- .wpforms-field-container --><div class=\"wpforms-recaptcha-container wpforms-is-recaptcha wpforms-is-recaptcha-type-v3\" ><input type=\"hidden\" name=\"wpforms[recaptcha]\" value=\"\"><\/div><div class=\"wpforms-submit-container\" ><input type=\"hidden\" name=\"wpforms[id]\" value=\"1857\"><input type=\"hidden\" name=\"page_title\" value=\"\"><input type=\"hidden\" name=\"page_url\" value=\"https:\/\/metahospitalar.com.br\/es\/wp-json\/wp\/v2\/pages\/35633\"><input type=\"hidden\" name=\"url_referer\" value=\"\"><button type=\"submit\" name=\"wpforms[submit]\" id=\"wpforms-submit-1857\" class=\"wpforms-submit\" data-alt-text=\"Enviando...\" data-submit-text=\"Enviar\" aria-live=\"assertive\" value=\"wpforms-submit\">Enviar<\/button><img decoding=\"async\" src=\"https:\/\/metahospitalar.com.br\/wp-content\/plugins\/wpforms\/assets\/images\/submit-spin.svg\" class=\"wpforms-submit-spinner\" style=\"display: none;\" width=\"26\" height=\"26\" alt=\"Cargando\"><\/div><\/form><\/div>  <!-- .wpforms-container -->\t\t\t\t<\/div>\n\t\t\t\t<\/div>\n\t\t\t\t<\/div>\n\t\t\t\t\t<\/div>\n\t\t\t\t<\/div>\n\t\t\t\t<\/div>\n\t\t","protected":false},"excerpt":{"rendered":"<p>Metahospitalar\u200b Av. Elmar Arantes Cabral Qd.07 | Lts. 34\/36 Pq Ind. Vice-Presidente Jos\u00e9 de Alencar. Aparecida de Goi\u00e2nia &#8211; Goi\u00e1s, Brasil CEP 74993-535 Tel\u00e9fono comercial +55 62 98177-2686 Tel\u00e9fono +55 62 3282-9920 Ative o JavaScript no seu navegador para preencher este formul\u00e1rio.CNPJ \/ CPFNome \/ Empresa *E-mail *Endere\u00e7oEndere\u00e7o linha 1CidadeEstadoC\u00f3digo PostalTelefoneDepartamento:Or\u00e7amentosAdministra\u00e7\u00e3oQualidadeSacEnvio de arquivoMensagem *Enviar<\/p>\n","protected":false},"author":1,"featured_media":0,"parent":0,"menu_order":0,"comment_status":"closed","ping_status":"closed","template":"","meta":{"googlesitekit_rrm_CAow0fHbCw:productID":"","content-type":"","footnotes":""},"class_list":["post-35633","page","type-page","status-publish","hentry"],"blocksy_meta":[],"yoast_head":"<!-- This site is optimized with the Yoast SEO plugin v27.6 - https:\/\/yoast.com\/product\/yoast-seo-wordpress\/ -->\n<title>Ponte en contacto con - Metahospitalar<\/title>\n<meta name=\"robots\" content=\"index, follow, max-snippet:-1, max-image-preview:large, max-video-preview:-1\" \/>\n<link rel=\"canonical\" href=\"https:\/\/metahospitalar.com.br\/es\/ponte-en-contacto-con\/\" \/>\n<meta property=\"og:locale\" content=\"es_ES\" \/>\n<meta property=\"og:type\" content=\"article\" \/>\n<meta property=\"og:title\" content=\"Ponte en contacto con - Metahospitalar\" \/>\n<meta property=\"og:description\" content=\"Metahospitalar\u200b Av. Elmar Arantes Cabral Qd.07 | Lts. 34\/36 Pq Ind. Vice-Presidente Jos\u00e9 de Alencar. Aparecida de Goi\u00e2nia &#8211; Goi\u00e1s, Brasil CEP 74993-535 Tel\u00e9fono comercial +55 62 98177-2686 Tel\u00e9fono +55 62 3282-9920 Ative o JavaScript no seu navegador para preencher este formul\u00e1rio.CNPJ \/ CPFNome \/ Empresa *E-mail *Endere\u00e7oEndere\u00e7o linha 1CidadeEstadoC\u00f3digo PostalTelefoneDepartamento:Or\u00e7amentosAdministra\u00e7\u00e3oQualidadeSacEnvio de arquivoMensagem *Enviar\" \/>\n<meta property=\"og:url\" content=\"https:\/\/metahospitalar.com.br\/es\/ponte-en-contacto-con\/\" \/>\n<meta property=\"og:site_name\" content=\"Metahospitalar\" \/>\n<meta property=\"article:publisher\" content=\"https:\/\/www.facebook.com\/metahospitalar\" \/>\n<meta property=\"article:modified_time\" content=\"2026-05-12T15:08:14+00:00\" \/>\n<meta property=\"og:image\" content=\"https:\/\/metahospitalar.com.br\/wp-content\/plugins\/wpforms\/assets\/images\/submit-spin.svg\" \/>\n<meta name=\"twitter:card\" content=\"summary_large_image\" \/>\n<meta name=\"twitter:site\" content=\"@Metahospitalar\" \/>\n<script type=\"application\/ld+json\" class=\"yoast-schema-graph\">{\"@context\":\"https:\\\/\\\/schema.org\",\"@graph\":[{\"@type\":\"WebPage\",\"@id\":\"https:\\\/\\\/metahospitalar.com.br\\\/es\\\/ponte-en-contacto-con\\\/\",\"url\":\"https:\\\/\\\/metahospitalar.com.br\\\/es\\\/ponte-en-contacto-con\\\/\",\"name\":\"Ponte en contacto con - Metahospitalar\",\"isPartOf\":{\"@id\":\"https:\\\/\\\/metahospitalar.com.br\\\/es\\\/#website\"},\"primaryImageOfPage\":{\"@id\":\"https:\\\/\\\/metahospitalar.com.br\\\/es\\\/ponte-en-contacto-con\\\/#primaryimage\"},\"image\":{\"@id\":\"https:\\\/\\\/metahospitalar.com.br\\\/es\\\/ponte-en-contacto-con\\\/#primaryimage\"},\"thumbnailUrl\":\"https:\\\/\\\/metahospitalar.com.br\\\/wp-content\\\/plugins\\\/wpforms\\\/assets\\\/images\\\/submit-spin.svg\",\"datePublished\":\"2026-03-23T17:02:32+00:00\",\"dateModified\":\"2026-05-12T15:08:14+00:00\",\"breadcrumb\":{\"@id\":\"https:\\\/\\\/metahospitalar.com.br\\\/es\\\/ponte-en-contacto-con\\\/#breadcrumb\"},\"inLanguage\":\"es\",\"potentialAction\":[{\"@type\":\"ReadAction\",\"target\":[\"https:\\\/\\\/metahospitalar.com.br\\\/es\\\/ponte-en-contacto-con\\\/\"]}]},{\"@type\":\"ImageObject\",\"inLanguage\":\"es\",\"@id\":\"https:\\\/\\\/metahospitalar.com.br\\\/es\\\/ponte-en-contacto-con\\\/#primaryimage\",\"url\":\"https:\\\/\\\/metahospitalar.com.br\\\/wp-content\\\/plugins\\\/wpforms\\\/assets\\\/images\\\/submit-spin.svg\",\"contentUrl\":\"https:\\\/\\\/metahospitalar.com.br\\\/wp-content\\\/plugins\\\/wpforms\\\/assets\\\/images\\\/submit-spin.svg\"},{\"@type\":\"BreadcrumbList\",\"@id\":\"https:\\\/\\\/metahospitalar.com.br\\\/es\\\/ponte-en-contacto-con\\\/#breadcrumb\",\"itemListElement\":[{\"@type\":\"ListItem\",\"position\":1,\"name\":\"In\u00edcio\",\"item\":\"https:\\\/\\\/metahospitalar.com.br\\\/es\\\/home\\\/\"},{\"@type\":\"ListItem\",\"position\":2,\"name\":\"Ponte en contacto con\"}]},{\"@type\":\"WebSite\",\"@id\":\"https:\\\/\\\/metahospitalar.com.br\\\/es\\\/#website\",\"url\":\"https:\\\/\\\/metahospitalar.com.br\\\/es\\\/\",\"name\":\"Metahospitalar\",\"description\":\"M\u00f3veis hospitalares\",\"publisher\":{\"@id\":\"https:\\\/\\\/metahospitalar.com.br\\\/es\\\/#organization\"},\"potentialAction\":[{\"@type\":\"SearchAction\",\"target\":{\"@type\":\"EntryPoint\",\"urlTemplate\":\"https:\\\/\\\/metahospitalar.com.br\\\/es\\\/?s={search_term_string}\"},\"query-input\":{\"@type\":\"PropertyValueSpecification\",\"valueRequired\":true,\"valueName\":\"search_term_string\"}}],\"inLanguage\":\"es\"},{\"@type\":\"Organization\",\"@id\":\"https:\\\/\\\/metahospitalar.com.br\\\/es\\\/#organization\",\"name\":\"metahospitalar\",\"alternateName\":\"Meta m\u00f3veis\",\"url\":\"https:\\\/\\\/metahospitalar.com.br\\\/es\\\/\",\"logo\":{\"@type\":\"ImageObject\",\"inLanguage\":\"es\",\"@id\":\"https:\\\/\\\/metahospitalar.com.br\\\/es\\\/#\\\/schema\\\/logo\\\/image\\\/\",\"url\":\"https:\\\/\\\/metahospitalar.com.br\\\/wp-content\\\/uploads\\\/2022\\\/06\\\/META-HOSPITALAR-curva-icone-copiar.webp\",\"contentUrl\":\"https:\\\/\\\/metahospitalar.com.br\\\/wp-content\\\/uploads\\\/2022\\\/06\\\/META-HOSPITALAR-curva-icone-copiar.webp\",\"width\":512,\"height\":512,\"caption\":\"metahospitalar\"},\"image\":{\"@id\":\"https:\\\/\\\/metahospitalar.com.br\\\/es\\\/#\\\/schema\\\/logo\\\/image\\\/\"},\"sameAs\":[\"https:\\\/\\\/www.facebook.com\\\/metahospitalar\",\"https:\\\/\\\/x.com\\\/Metahospitalar\",\"https:\\\/\\\/www.instagram.com\\\/metahospitalar\\\/\",\"https:\\\/\\\/www.linkedin.com\\\/company\\\/metahospitalar\\\/\"]}]}<\/script>\n<!-- \/ Yoast SEO plugin. -->","yoast_head_json":{"title":"Ponte en contacto con - Metahospitalar","robots":{"index":"index","follow":"follow","max-snippet":"max-snippet:-1","max-image-preview":"max-image-preview:large","max-video-preview":"max-video-preview:-1"},"canonical":"https:\/\/metahospitalar.com.br\/es\/ponte-en-contacto-con\/","og_locale":"es_ES","og_type":"article","og_title":"Ponte en contacto con - Metahospitalar","og_description":"Metahospitalar\u200b Av. Elmar Arantes Cabral Qd.07 | Lts. 34\/36 Pq Ind. Vice-Presidente Jos\u00e9 de Alencar. Aparecida de Goi\u00e2nia &#8211; Goi\u00e1s, Brasil CEP 74993-535 Tel\u00e9fono comercial +55 62 98177-2686 Tel\u00e9fono +55 62 3282-9920 Ative o JavaScript no seu navegador para preencher este formul\u00e1rio.CNPJ \/ CPFNome \/ Empresa *E-mail *Endere\u00e7oEndere\u00e7o linha 1CidadeEstadoC\u00f3digo PostalTelefoneDepartamento:Or\u00e7amentosAdministra\u00e7\u00e3oQualidadeSacEnvio de arquivoMensagem *Enviar","og_url":"https:\/\/metahospitalar.com.br\/es\/ponte-en-contacto-con\/","og_site_name":"Metahospitalar","article_publisher":"https:\/\/www.facebook.com\/metahospitalar","article_modified_time":"2026-05-12T15:08:14+00:00","og_image":[{"url":"https:\/\/metahospitalar.com.br\/wp-content\/plugins\/wpforms\/assets\/images\/submit-spin.svg","type":"","width":"","height":""}],"twitter_card":"summary_large_image","twitter_site":"@Metahospitalar","schema":{"@context":"https:\/\/schema.org","@graph":[{"@type":"WebPage","@id":"https:\/\/metahospitalar.com.br\/es\/ponte-en-contacto-con\/","url":"https:\/\/metahospitalar.com.br\/es\/ponte-en-contacto-con\/","name":"Ponte en contacto con - Metahospitalar","isPartOf":{"@id":"https:\/\/metahospitalar.com.br\/es\/#website"},"primaryImageOfPage":{"@id":"https:\/\/metahospitalar.com.br\/es\/ponte-en-contacto-con\/#primaryimage"},"image":{"@id":"https:\/\/metahospitalar.com.br\/es\/ponte-en-contacto-con\/#primaryimage"},"thumbnailUrl":"https:\/\/metahospitalar.com.br\/wp-content\/plugins\/wpforms\/assets\/images\/submit-spin.svg","datePublished":"2026-03-23T17:02:32+00:00","dateModified":"2026-05-12T15:08:14+00:00","breadcrumb":{"@id":"https:\/\/metahospitalar.com.br\/es\/ponte-en-contacto-con\/#breadcrumb"},"inLanguage":"es","potentialAction":[{"@type":"ReadAction","target":["https:\/\/metahospitalar.com.br\/es\/ponte-en-contacto-con\/"]}]},{"@type":"ImageObject","inLanguage":"es","@id":"https:\/\/metahospitalar.com.br\/es\/ponte-en-contacto-con\/#primaryimage","url":"https:\/\/metahospitalar.com.br\/wp-content\/plugins\/wpforms\/assets\/images\/submit-spin.svg","contentUrl":"https:\/\/metahospitalar.com.br\/wp-content\/plugins\/wpforms\/assets\/images\/submit-spin.svg"},{"@type":"BreadcrumbList","@id":"https:\/\/metahospitalar.com.br\/es\/ponte-en-contacto-con\/#breadcrumb","itemListElement":[{"@type":"ListItem","position":1,"name":"In\u00edcio","item":"https:\/\/metahospitalar.com.br\/es\/home\/"},{"@type":"ListItem","position":2,"name":"Ponte en contacto con"}]},{"@type":"WebSite","@id":"https:\/\/metahospitalar.com.br\/es\/#website","url":"https:\/\/metahospitalar.com.br\/es\/","name":"Metahospitalar","description":"M\u00f3veis hospitalares","publisher":{"@id":"https:\/\/metahospitalar.com.br\/es\/#organization"},"potentialAction":[{"@type":"SearchAction","target":{"@type":"EntryPoint","urlTemplate":"https:\/\/metahospitalar.com.br\/es\/?s={search_term_string}"},"query-input":{"@type":"PropertyValueSpecification","valueRequired":true,"valueName":"search_term_string"}}],"inLanguage":"es"},{"@type":"Organization","@id":"https:\/\/metahospitalar.com.br\/es\/#organization","name":"metahospitalar","alternateName":"Meta m\u00f3veis","url":"https:\/\/metahospitalar.com.br\/es\/","logo":{"@type":"ImageObject","inLanguage":"es","@id":"https:\/\/metahospitalar.com.br\/es\/#\/schema\/logo\/image\/","url":"https:\/\/metahospitalar.com.br\/wp-content\/uploads\/2022\/06\/META-HOSPITALAR-curva-icone-copiar.webp","contentUrl":"https:\/\/metahospitalar.com.br\/wp-content\/uploads\/2022\/06\/META-HOSPITALAR-curva-icone-copiar.webp","width":512,"height":512,"caption":"metahospitalar"},"image":{"@id":"https:\/\/metahospitalar.com.br\/es\/#\/schema\/logo\/image\/"},"sameAs":["https:\/\/www.facebook.com\/metahospitalar","https:\/\/x.com\/Metahospitalar","https:\/\/www.instagram.com\/metahospitalar\/","https:\/\/www.linkedin.com\/company\/metahospitalar\/"]}]}},"_links":{"self":[{"href":"https:\/\/metahospitalar.com.br\/es\/wp-json\/wp\/v2\/pages\/35633","targetHints":{"allow":["GET"]}}],"collection":[{"href":"https:\/\/metahospitalar.com.br\/es\/wp-json\/wp\/v2\/pages"}],"about":[{"href":"https:\/\/metahospitalar.com.br\/es\/wp-json\/wp\/v2\/types\/page"}],"author":[{"embeddable":true,"href":"https:\/\/metahospitalar.com.br\/es\/wp-json\/wp\/v2\/users\/1"}],"replies":[{"embeddable":true,"href":"https:\/\/metahospitalar.com.br\/es\/wp-json\/wp\/v2\/comments?post=35633"}],"version-history":[{"count":1,"href":"https:\/\/metahospitalar.com.br\/es\/wp-json\/wp\/v2\/pages\/35633\/revisions"}],"predecessor-version":[{"id":35637,"href":"https:\/\/metahospitalar.com.br\/es\/wp-json\/wp\/v2\/pages\/35633\/revisions\/35637"}],"wp:attachment":[{"href":"https:\/\/metahospitalar.com.br\/es\/wp-json\/wp\/v2\/media?parent=35633"}],"curies":[{"name":"wp","href":"https:\/\/api.w.org\/{rel}","templated":true}]}}