{"id":25405,"date":"2022-07-11T00:02:40","date_gmt":"2022-07-11T03:02:40","guid":{"rendered":"https:\/\/metahospitalar.com.br\/?post_type=product&#038;p=25405"},"modified":"2026-01-29T12:58:10","modified_gmt":"2026-01-29T15:58:10","slug":"nd-1150-vida-care","status":"publish","type":"product","link":"https:\/\/metahospitalar.com.br\/es\/productos\/nd-1150-vida-care\/","title":{"rendered":"ND 1150 \u2013 Vida Care"},"content":{"rendered":"<p><strong>Cama Articulada Motorizada<\/strong><\/p>\n<p>Ajustable para satisfacer sus necesidades. Robusta y con un dise\u00f1o futurista, brinda tranquilidad al equipo de salud y seguridad al paciente.<\/p>\n<p>La estructura tubular de acero con pintura electrost\u00e1tica garantiza una mayor durabilidad, evitando la corrosi\u00f3n. Los 4 movimientos de la cama se controlan mediante un control remoto con cable, gracias a motores de alta precisi\u00f3n.<\/p>\n<p>La superficie est\u00e1 articulada en cuatro secciones, lo que proporciona mayor confort al paciente, aliviando la presi\u00f3n en las zonas del cuerpo con mayor riesgo de lesiones por presi\u00f3n.<\/p>\n<p>Adem\u00e1s, incluye bandejas de acero removibles que facilitan la higienizaci\u00f3n de la cama.<\/p>\n<p>Las 4 barandas de polietileno de alta densidad, con sistema retr\u00e1ctil, facilitan la transferencia del paciente de la camilla a la cama.<\/p>\n<p><strong>Colch\u00f3n recomendado:<\/strong><a href=\"https:\/\/metahospitalar.com.br\/produto\/colchao-hospitalar\/\"><span style=\"vertical-align: inherit;\"> Haga clic <\/span><span style=\"vertical-align: inherit;\">aqui<\/span><\/a><\/p>\n","protected":false},"excerpt":{"rendered":"<p>Producto Registrado: <img decoding=\"async\" class=\"alignnone wp-image-24700\" src=\"https:\/\/metahospitalar.com.br\/wp-content\/uploads\/2023\/04\/fda-277x300.webp\" alt=\"\" width=\"71\" height=\"77\" srcset=\"https:\/\/metahospitalar.com.br\/wp-content\/uploads\/2023\/04\/fda-277x300.webp 277w, https:\/\/metahospitalar.com.br\/wp-content\/uploads\/2023\/04\/fda-300x325.webp 300w, https:\/\/metahospitalar.com.br\/wp-content\/uploads\/2023\/04\/fda-600x649.webp 600w, https:\/\/metahospitalar.com.br\/wp-content\/uploads\/2023\/04\/fda.webp 720w\" sizes=\"(max-width: 71px) 100vw, 71px\" \/> <img decoding=\"async\" class=\"alignnone wp-image-24786\" src=\"https:\/\/metahospitalar.com.br\/wp-content\/uploads\/2023\/04\/certificadora-site-300x111.webp\" alt=\"\" width=\"165\" height=\"61\" srcset=\"https:\/\/metahospitalar.com.br\/wp-content\/uploads\/2023\/04\/certificadora-site-300x111.webp 300w, https:\/\/metahospitalar.com.br\/wp-content\/uploads\/2023\/04\/certificadora-site-768x284.webp 768w, https:\/\/metahospitalar.com.br\/wp-content\/uploads\/2023\/04\/certificadora-site-600x222.webp 600w, https:\/\/metahospitalar.com.br\/wp-content\/uploads\/2023\/04\/certificadora-site.webp 845w\" sizes=\"(max-width: 165px) 100vw, 165px\" \/><\/p>\n<p><a href=\"https:\/\/metahospitalar.com.br\/wp-content\/uploads\/2025\/01\/ND-1133-Cama-Hospitalaria-Manual-Vida-Care.pdf\" target=\"_blank\" rel=\"noopener\"><img decoding=\"async\" class=\"alignnone wp-image-26335\" src=\"https:\/\/metahospitalar.com.br\/wp-content\/uploads\/2023\/04\/especificacoes-tecnicas-dowload.png\" alt=\"\" width=\"158\" height=\"52\" \/><\/a><\/p>\n<p><span style=\"vertical-align: inherit;\">Inscripci\u00f3n: 80581990009 <\/span><a href=\"https:\/\/consultas.anvisa.gov.br\/#\/saude\/25351421430201602\/?cnpj=01866388000170\" target=\"_blank\" rel=\"noopener\">Consulte Anvisa<\/a><\/p>\n<ul>\n<li>Control remoto<\/li>\n<li>Motorizada<\/li>\n<li>Reposapiernas el\u00e9ctrico<\/li>\n<li>Barandas de protecci\u00f3n parcial<\/li>\n<li>Base con carenado parcial<\/li>\n<li>Cabecero y piecero removibles con sistema exclusivo (F\u00e1cil Montaje)<\/li>\n<li>Freno individual en las 4 ruedas<\/li>\n<li>Ruedas de 4\u2019\u2019<\/li>\n<li>Estructura met\u00e1lica con pintura electrost\u00e1tica<\/li>\n<li>Indicadores de \u00e1ngulo del respaldo<\/li>\n<li>Superficie o lecho r\u00edgida de paciente (somier) lavable, desinfectable y desmontable<\/li>\n<li>Indicadores de \u00e1ngulo para Trendelenburg y Proclive<\/li>\n<li>Protecci\u00f3n contra salpicaduras de l\u00edquidos IPX4<\/li>\n<\/ul>\n","protected":false},"featured_media":28254,"template":"","meta":{"googlesitekit_rrm_CAow0fHbCw:productID":"","content-type":""},"product_brand":[],"product_cat":[481,787,487,773,778],"product_tag":[],"class_list":{"0":"post-25405","1":"product","2":"type-product","3":"status-publish","4":"has-post-thumbnail","6":"product_cat-cama-hospitalaria","7":"product_cat-cama-nicovida","8":"product_cat-cuidado-a-largo-plazo","9":"product_cat-enfermaria-es","10":"product_cat-nicovida-es","12":"first","13":"instock","14":"featured","15":"virtual","16":"purchasable","17":"product-type-simple"},"yoast_head":"<!-- This site is optimized with the Yoast SEO plugin v27.2 - https:\/\/yoast.com\/product\/yoast-seo-wordpress\/ -->\n<title>ND 1150 \u2013 Vida Care - Metahospitalar<\/title>\n<meta name=\"robots\" content=\"index, follow, max-snippet:-1, max-image-preview:large, max-video-preview:-1\" \/>\n<link rel=\"canonical\" href=\"https:\/\/metahospitalar.com.br\/es\/productos\/nd-1150-vida-care\/\" \/>\n<meta property=\"og:locale\" content=\"es_ES\" \/>\n<meta property=\"og:type\" content=\"article\" \/>\n<meta property=\"og:title\" content=\"ND 1150 \u2013 Vida Care - Metahospitalar\" \/>\n<meta property=\"og:description\" content=\"Producto Registrado:     Inscripci\u00f3n: 80581990009 Consulte Anvisa   Control remoto  Motorizada  Reposapiernas el\u00e9ctrico  Barandas de protecci\u00f3n parcial  Base con carenado parcial  Cabecero y piecero removibles con sistema exclusivo (F\u00e1cil Montaje)  Freno individual en las 4 ruedas  Ruedas de 4\u2019\u2019  Estructura met\u00e1lica con pintura electrost\u00e1tica  Indicadores de \u00e1ngulo del respaldo  Superficie o lecho r\u00edgida de paciente (somier) lavable, desinfectable y desmontable  Indicadores de \u00e1ngulo para Trendelenburg y Proclive  Protecci\u00f3n contra salpicaduras de l\u00edquidos IPX4\" \/>\n<meta property=\"og:url\" content=\"https:\/\/metahospitalar.com.br\/es\/productos\/nd-1150-vida-care\/\" \/>\n<meta property=\"og:site_name\" content=\"Metahospitalar\" \/>\n<meta property=\"article:publisher\" content=\"https:\/\/www.facebook.com\/metahospitalar\" \/>\n<meta property=\"article:modified_time\" content=\"2026-01-29T15:58:10+00:00\" \/>\n<meta property=\"og:image\" content=\"https:\/\/metahospitalar.com.br\/wp-content\/uploads\/2022\/07\/MT-1150-cama-hospitalar-com-controle-remoto-1-scaled.webp\" \/>\n\t<meta property=\"og:image:width\" content=\"2560\" \/>\n\t<meta property=\"og:image:height\" content=\"2560\" \/>\n\t<meta property=\"og:image:type\" content=\"image\/webp\" \/>\n<meta name=\"twitter:card\" content=\"summary_large_image\" \/>\n<meta name=\"twitter:site\" content=\"@Metahospitalar\" \/>\n<meta name=\"twitter:label1\" content=\"Tiempo de lectura\" \/>\n\t<meta name=\"twitter:data1\" content=\"1 minuto\" \/>\n<script type=\"application\/ld+json\" class=\"yoast-schema-graph\">{\"@context\":\"https:\/\/schema.org\",\"@graph\":[{\"@type\":\"WebPage\",\"@id\":\"https:\/\/metahospitalar.com.br\/es\/productos\/nd-1150-vida-care\/\",\"url\":\"https:\/\/metahospitalar.com.br\/es\/productos\/nd-1150-vida-care\/\",\"name\":\"ND 1150 \u2013 Vida Care - Metahospitalar\",\"isPartOf\":{\"@id\":\"https:\/\/metahospitalar.com.br\/es\/#website\"},\"primaryImageOfPage\":{\"@id\":\"https:\/\/metahospitalar.com.br\/es\/productos\/nd-1150-vida-care\/#primaryimage\"},\"image\":{\"@id\":\"https:\/\/metahospitalar.com.br\/es\/productos\/nd-1150-vida-care\/#primaryimage\"},\"thumbnailUrl\":\"https:\/\/metahospitalar.com.br\/wp-content\/uploads\/2022\/07\/MT-1150-cama-hospitalar-com-controle-remoto-1-scaled.webp\",\"datePublished\":\"2022-07-11T03:02:40+00:00\",\"dateModified\":\"2026-01-29T15:58:10+00:00\",\"breadcrumb\":{\"@id\":\"https:\/\/metahospitalar.com.br\/es\/productos\/nd-1150-vida-care\/#breadcrumb\"},\"inLanguage\":\"es\",\"potentialAction\":[{\"@type\":\"ReadAction\",\"target\":[\"https:\/\/metahospitalar.com.br\/es\/productos\/nd-1150-vida-care\/\"]}]},{\"@type\":\"ImageObject\",\"inLanguage\":\"es\",\"@id\":\"https:\/\/metahospitalar.com.br\/es\/productos\/nd-1150-vida-care\/#primaryimage\",\"url\":\"https:\/\/metahospitalar.com.br\/wp-content\/uploads\/2022\/07\/MT-1150-cama-hospitalar-com-controle-remoto-1-scaled.webp\",\"contentUrl\":\"https:\/\/metahospitalar.com.br\/wp-content\/uploads\/2022\/07\/MT-1150-cama-hospitalar-com-controle-remoto-1-scaled.webp\",\"width\":2560,\"height\":2560,\"caption\":\"cama hospitalar com controle remoto\"},{\"@type\":\"BreadcrumbList\",\"@id\":\"https:\/\/metahospitalar.com.br\/es\/productos\/nd-1150-vida-care\/#breadcrumb\",\"itemListElement\":[{\"@type\":\"ListItem\",\"position\":1,\"name\":\"In\u00edcio\",\"item\":\"https:\/\/metahospitalar.com.br\/es\/\"},{\"@type\":\"ListItem\",\"position\":2,\"name\":\"Productos Metahospitalar\",\"item\":\"https:\/\/metahospitalar.com.br\/es\/productos-metahospitalarios\/\"},{\"@type\":\"ListItem\",\"position\":3,\"name\":\"ND 1150 \u2013 Vida Care\"}]},{\"@type\":\"WebSite\",\"@id\":\"https:\/\/metahospitalar.com.br\/es\/#website\",\"url\":\"https:\/\/metahospitalar.com.br\/es\/\",\"name\":\"Metahospitalar\",\"description\":\"M\u00f3veis hospitalares\",\"publisher\":{\"@id\":\"https:\/\/metahospitalar.com.br\/es\/#organization\"},\"potentialAction\":[{\"@type\":\"SearchAction\",\"target\":{\"@type\":\"EntryPoint\",\"urlTemplate\":\"https:\/\/metahospitalar.com.br\/es\/?s={search_term_string}\"},\"query-input\":{\"@type\":\"PropertyValueSpecification\",\"valueRequired\":true,\"valueName\":\"search_term_string\"}}],\"inLanguage\":\"es\"},{\"@type\":\"Organization\",\"@id\":\"https:\/\/metahospitalar.com.br\/es\/#organization\",\"name\":\"metahospitalar\",\"alternateName\":\"Meta m\u00f3veis\",\"url\":\"https:\/\/metahospitalar.com.br\/es\/\",\"logo\":{\"@type\":\"ImageObject\",\"inLanguage\":\"es\",\"@id\":\"https:\/\/metahospitalar.com.br\/es\/#\/schema\/logo\/image\/\",\"url\":\"https:\/\/metahospitalar.com.br\/wp-content\/uploads\/2022\/06\/META-HOSPITALAR-curva-icone-copiar.webp\",\"contentUrl\":\"https:\/\/metahospitalar.com.br\/wp-content\/uploads\/2022\/06\/META-HOSPITALAR-curva-icone-copiar.webp\",\"width\":512,\"height\":512,\"caption\":\"metahospitalar\"},\"image\":{\"@id\":\"https:\/\/metahospitalar.com.br\/es\/#\/schema\/logo\/image\/\"},\"sameAs\":[\"https:\/\/www.facebook.com\/metahospitalar\",\"https:\/\/x.com\/Metahospitalar\",\"https:\/\/www.instagram.com\/metahospitalar\/\",\"https:\/\/www.linkedin.com\/company\/metahospitalar\/\"]}]}<\/script>\n<!-- \/ Yoast SEO plugin. -->","yoast_head_json":{"title":"ND 1150 \u2013 Vida Care - Metahospitalar","robots":{"index":"index","follow":"follow","max-snippet":"max-snippet:-1","max-image-preview":"max-image-preview:large","max-video-preview":"max-video-preview:-1"},"canonical":"https:\/\/metahospitalar.com.br\/es\/productos\/nd-1150-vida-care\/","og_locale":"es_ES","og_type":"article","og_title":"ND 1150 \u2013 Vida Care - Metahospitalar","og_description":"Producto Registrado:     Inscripci\u00f3n: 80581990009 Consulte Anvisa   Control remoto  Motorizada  Reposapiernas el\u00e9ctrico  Barandas de protecci\u00f3n parcial  Base con carenado parcial  Cabecero y piecero removibles con sistema exclusivo (F\u00e1cil Montaje)  Freno individual en las 4 ruedas  Ruedas de 4\u2019\u2019  Estructura met\u00e1lica con pintura electrost\u00e1tica  Indicadores de \u00e1ngulo del respaldo  Superficie o lecho r\u00edgida de paciente (somier) lavable, desinfectable y desmontable  Indicadores de \u00e1ngulo para Trendelenburg y Proclive  Protecci\u00f3n contra salpicaduras de l\u00edquidos IPX4","og_url":"https:\/\/metahospitalar.com.br\/es\/productos\/nd-1150-vida-care\/","og_site_name":"Metahospitalar","article_publisher":"https:\/\/www.facebook.com\/metahospitalar","article_modified_time":"2026-01-29T15:58:10+00:00","og_image":[{"width":2560,"height":2560,"url":"https:\/\/metahospitalar.com.br\/wp-content\/uploads\/2022\/07\/MT-1150-cama-hospitalar-com-controle-remoto-1-scaled.webp","type":"image\/webp"}],"twitter_card":"summary_large_image","twitter_site":"@Metahospitalar","twitter_misc":{"Tiempo de lectura":"1 minuto"},"schema":{"@context":"https:\/\/schema.org","@graph":[{"@type":"WebPage","@id":"https:\/\/metahospitalar.com.br\/es\/productos\/nd-1150-vida-care\/","url":"https:\/\/metahospitalar.com.br\/es\/productos\/nd-1150-vida-care\/","name":"ND 1150 \u2013 Vida Care - Metahospitalar","isPartOf":{"@id":"https:\/\/metahospitalar.com.br\/es\/#website"},"primaryImageOfPage":{"@id":"https:\/\/metahospitalar.com.br\/es\/productos\/nd-1150-vida-care\/#primaryimage"},"image":{"@id":"https:\/\/metahospitalar.com.br\/es\/productos\/nd-1150-vida-care\/#primaryimage"},"thumbnailUrl":"https:\/\/metahospitalar.com.br\/wp-content\/uploads\/2022\/07\/MT-1150-cama-hospitalar-com-controle-remoto-1-scaled.webp","datePublished":"2022-07-11T03:02:40+00:00","dateModified":"2026-01-29T15:58:10+00:00","breadcrumb":{"@id":"https:\/\/metahospitalar.com.br\/es\/productos\/nd-1150-vida-care\/#breadcrumb"},"inLanguage":"es","potentialAction":[{"@type":"ReadAction","target":["https:\/\/metahospitalar.com.br\/es\/productos\/nd-1150-vida-care\/"]}]},{"@type":"ImageObject","inLanguage":"es","@id":"https:\/\/metahospitalar.com.br\/es\/productos\/nd-1150-vida-care\/#primaryimage","url":"https:\/\/metahospitalar.com.br\/wp-content\/uploads\/2022\/07\/MT-1150-cama-hospitalar-com-controle-remoto-1-scaled.webp","contentUrl":"https:\/\/metahospitalar.com.br\/wp-content\/uploads\/2022\/07\/MT-1150-cama-hospitalar-com-controle-remoto-1-scaled.webp","width":2560,"height":2560,"caption":"cama hospitalar com controle remoto"},{"@type":"BreadcrumbList","@id":"https:\/\/metahospitalar.com.br\/es\/productos\/nd-1150-vida-care\/#breadcrumb","itemListElement":[{"@type":"ListItem","position":1,"name":"In\u00edcio","item":"https:\/\/metahospitalar.com.br\/es\/"},{"@type":"ListItem","position":2,"name":"Productos Metahospitalar","item":"https:\/\/metahospitalar.com.br\/es\/productos-metahospitalarios\/"},{"@type":"ListItem","position":3,"name":"ND 1150 \u2013 Vida Care"}]},{"@type":"WebSite","@id":"https:\/\/metahospitalar.com.br\/es\/#website","url":"https:\/\/metahospitalar.com.br\/es\/","name":"Metahospitalar","description":"M\u00f3veis hospitalares","publisher":{"@id":"https:\/\/metahospitalar.com.br\/es\/#organization"},"potentialAction":[{"@type":"SearchAction","target":{"@type":"EntryPoint","urlTemplate":"https:\/\/metahospitalar.com.br\/es\/?s={search_term_string}"},"query-input":{"@type":"PropertyValueSpecification","valueRequired":true,"valueName":"search_term_string"}}],"inLanguage":"es"},{"@type":"Organization","@id":"https:\/\/metahospitalar.com.br\/es\/#organization","name":"metahospitalar","alternateName":"Meta m\u00f3veis","url":"https:\/\/metahospitalar.com.br\/es\/","logo":{"@type":"ImageObject","inLanguage":"es","@id":"https:\/\/metahospitalar.com.br\/es\/#\/schema\/logo\/image\/","url":"https:\/\/metahospitalar.com.br\/wp-content\/uploads\/2022\/06\/META-HOSPITALAR-curva-icone-copiar.webp","contentUrl":"https:\/\/metahospitalar.com.br\/wp-content\/uploads\/2022\/06\/META-HOSPITALAR-curva-icone-copiar.webp","width":512,"height":512,"caption":"metahospitalar"},"image":{"@id":"https:\/\/metahospitalar.com.br\/es\/#\/schema\/logo\/image\/"},"sameAs":["https:\/\/www.facebook.com\/metahospitalar","https:\/\/x.com\/Metahospitalar","https:\/\/www.instagram.com\/metahospitalar\/","https:\/\/www.linkedin.com\/company\/metahospitalar\/"]}]}},"_links":{"self":[{"href":"https:\/\/metahospitalar.com.br\/es\/wp-json\/wp\/v2\/product\/25405","targetHints":{"allow":["GET"]}}],"collection":[{"href":"https:\/\/metahospitalar.com.br\/es\/wp-json\/wp\/v2\/product"}],"about":[{"href":"https:\/\/metahospitalar.com.br\/es\/wp-json\/wp\/v2\/types\/product"}],"version-history":[{"count":13,"href":"https:\/\/metahospitalar.com.br\/es\/wp-json\/wp\/v2\/product\/25405\/revisions"}],"predecessor-version":[{"id":28904,"href":"https:\/\/metahospitalar.com.br\/es\/wp-json\/wp\/v2\/product\/25405\/revisions\/28904"}],"wp:featuredmedia":[{"embeddable":true,"href":"https:\/\/metahospitalar.com.br\/es\/wp-json\/wp\/v2\/media\/28254"}],"wp:attachment":[{"href":"https:\/\/metahospitalar.com.br\/es\/wp-json\/wp\/v2\/media?parent=25405"}],"wp:term":[{"taxonomy":"product_brand","embeddable":true,"href":"https:\/\/metahospitalar.com.br\/es\/wp-json\/wp\/v2\/product_brand?post=25405"},{"taxonomy":"product_cat","embeddable":true,"href":"https:\/\/metahospitalar.com.br\/es\/wp-json\/wp\/v2\/product_cat?post=25405"},{"taxonomy":"product_tag","embeddable":true,"href":"https:\/\/metahospitalar.com.br\/es\/wp-json\/wp\/v2\/product_tag?post=25405"}],"curies":[{"name":"wp","href":"https:\/\/api.w.org\/{rel}","templated":true}]}}