{"id":25837,"date":"2022-06-30T13:36:56","date_gmt":"2022-06-30T16:36:56","guid":{"rendered":"https:\/\/metahospitalar.com.br\/produto\/mt-413-camilla-600mm\/"},"modified":"2026-01-29T14:28:40","modified_gmt":"2026-01-29T17:28:40","slug":"mt-413-camilla-600mm","status":"publish","type":"product","link":"https:\/\/metahospitalar.com.br\/es\/productos\/mt-413-camilla-600mm\/","title":{"rendered":"MT 413 &#8211; Camilla 600mm"},"content":{"rendered":"<p>Cuando se trata de versatilidad en espacios reducidos, la CAMILLA 413 es la soluci\u00f3n ideal! El sistema de elevaci\u00f3n se acciona mediante pedales que mueven de manera suave y sin sacudidas al paciente.<\/p>\n<p>Tambi\u00e9n cuenta con un soporte para cilindro de ox\u00edgeno y suero. Freno individual y quinta rueda ya de f\u00e1brica.<\/p>\n<p>&nbsp;<\/p>\n<hr>\n<h4>DESCRIPCI\u00d3N GENERAL<\/h4>\n<p>\u2022 Soporte para suero con ajuste de altura.<br \/>\n\u2022 Soporte para Cilindro de Oxigeno.<br \/>\n\u2022 Barandas abatibles.<br \/>\n\u2022 Bumper para protecion completa.<br \/>\n\u2022 Lecho termopl\u00e1stico.<br \/>\n\u2022 Pedales de accionamiento f\u00e1cil para elevaci\u00f3n.<br \/>\n\u2022 Sistema de elevaci\u00f3n hidr\u00e1ulico.<br \/>\n\u2022 Estructura met\u00e1lica con pintura electrost\u00e1tica.<br \/>\n\u2022 Ruedas de 5&#8243; de alta resistencia.<br \/>\n\u2022 Freno individual por rueda.<br \/>\n\u2022 Carenado de alta resistencia y f\u00e1cil limpieza.<\/p>\n","protected":false},"excerpt":{"rendered":"<p>El lecho en termopl\u00e1stico removible aporta ligereza y facilita la higienizaci\u00f3n para el equipo multidisciplinario de la salud; esta camilla es muy resistente y soporta hasta 230 kg (\u2248507 lbs).<br \/>Dispone de dos modelos en estas configuraciones, ambos con 600 mm (\u224824&#8243;) de ancho en el lecho.<br \/>La quinta rueda es un accesorio incluido que otorga a esta camilla mayor agilidad y reducci\u00f3n del esfuerzo para el profesional.<br \/>\nRegistro: 80581990007<\/p>\n<p><a href=\"https:\/\/consultas.anvisa.gov.br\/#\/saude\/q\/?cnpj=01866388000170\" target=\"_blank\" rel=\"noopener\">Consulte Anvisa<\/a><\/p>\n","protected":false},"featured_media":23614,"template":"","meta":{"googlesitekit_rrm_CAow0fHbCw:productID":"","content-type":""},"product_brand":[],"product_cat":[490],"product_tag":[],"class_list":{"0":"post-25837","1":"product","2":"type-product","3":"status-publish","4":"has-post-thumbnail","6":"product_cat-camillas-y-transporte","8":"first","9":"instock","10":"virtual","11":"product-type-simple"},"yoast_head":"<!-- This site is optimized with the Yoast SEO plugin v27.2 - https:\/\/yoast.com\/product\/yoast-seo-wordpress\/ -->\n<title>MT 413 - Camilla 600mm - Metahospitalar<\/title>\n<meta name=\"description\" content=\"Cuando se trata de versatilidad en espacios reducidos, la CAMILLA 413 es la soluci\u00f3n ideal! Cuenta con una plataforma de termopl\u00e1stico s\u00faper resistente.\" \/>\n<meta name=\"robots\" content=\"index, follow, max-snippet:-1, max-image-preview:large, max-video-preview:-1\" \/>\n<link rel=\"canonical\" href=\"https:\/\/metahospitalar.com.br\/es\/productos\/mt-413-camilla-600mm\/\" \/>\n<meta property=\"og:locale\" content=\"es_ES\" \/>\n<meta property=\"og:type\" content=\"article\" \/>\n<meta property=\"og:title\" content=\"MT 413 - Camilla 600mm - Metahospitalar\" \/>\n<meta property=\"og:description\" content=\"Cuando se trata de versatilidad en espacios reducidos, la CAMILLA 413 es la soluci\u00f3n ideal! Cuenta con una plataforma de termopl\u00e1stico s\u00faper resistente.\" \/>\n<meta property=\"og:url\" content=\"https:\/\/metahospitalar.com.br\/es\/productos\/mt-413-camilla-600mm\/\" \/>\n<meta property=\"og:site_name\" content=\"Metahospitalar\" \/>\n<meta property=\"article:publisher\" content=\"https:\/\/www.facebook.com\/metahospitalar\" \/>\n<meta property=\"article:modified_time\" content=\"2026-01-29T17:28:40+00:00\" \/>\n<meta property=\"og:image\" content=\"https:\/\/metahospitalar.com.br\/wp-content\/uploads\/2022\/06\/MT-413-site.webp\" \/>\n\t<meta property=\"og:image:width\" content=\"2400\" \/>\n\t<meta property=\"og:image:height\" content=\"2400\" \/>\n\t<meta property=\"og:image:type\" content=\"image\/webp\" \/>\n<meta name=\"twitter:card\" content=\"summary_large_image\" \/>\n<meta name=\"twitter:site\" content=\"@Metahospitalar\" \/>\n<meta name=\"twitter:label1\" content=\"Tiempo de lectura\" \/>\n\t<meta name=\"twitter:data1\" content=\"1 minuto\" \/>\n<script type=\"application\/ld+json\" class=\"yoast-schema-graph\">{\"@context\":\"https:\/\/schema.org\",\"@graph\":[{\"@type\":\"WebPage\",\"@id\":\"https:\/\/metahospitalar.com.br\/es\/productos\/mt-413-camilla-600mm\/\",\"url\":\"https:\/\/metahospitalar.com.br\/es\/productos\/mt-413-camilla-600mm\/\",\"name\":\"MT 413 - Camilla 600mm - Metahospitalar\",\"isPartOf\":{\"@id\":\"https:\/\/metahospitalar.com.br\/es\/#website\"},\"primaryImageOfPage\":{\"@id\":\"https:\/\/metahospitalar.com.br\/es\/productos\/mt-413-camilla-600mm\/#primaryimage\"},\"image\":{\"@id\":\"https:\/\/metahospitalar.com.br\/es\/productos\/mt-413-camilla-600mm\/#primaryimage\"},\"thumbnailUrl\":\"https:\/\/metahospitalar.com.br\/wp-content\/uploads\/2022\/06\/MT-413-site.webp\",\"datePublished\":\"2022-06-30T16:36:56+00:00\",\"dateModified\":\"2026-01-29T17:28:40+00:00\",\"description\":\"Cuando se trata de versatilidad en espacios reducidos, la CAMILLA 413 es la soluci\u00f3n ideal! Cuenta con una plataforma de termopl\u00e1stico s\u00faper resistente.\",\"breadcrumb\":{\"@id\":\"https:\/\/metahospitalar.com.br\/es\/productos\/mt-413-camilla-600mm\/#breadcrumb\"},\"inLanguage\":\"es\",\"potentialAction\":[{\"@type\":\"ReadAction\",\"target\":[\"https:\/\/metahospitalar.com.br\/es\/productos\/mt-413-camilla-600mm\/\"]}]},{\"@type\":\"ImageObject\",\"inLanguage\":\"es\",\"@id\":\"https:\/\/metahospitalar.com.br\/es\/productos\/mt-413-camilla-600mm\/#primaryimage\",\"url\":\"https:\/\/metahospitalar.com.br\/wp-content\/uploads\/2022\/06\/MT-413-site.webp\",\"contentUrl\":\"https:\/\/metahospitalar.com.br\/wp-content\/uploads\/2022\/06\/MT-413-site.webp\",\"width\":2400,\"height\":2400,\"caption\":\"camilla\"},{\"@type\":\"BreadcrumbList\",\"@id\":\"https:\/\/metahospitalar.com.br\/es\/productos\/mt-413-camilla-600mm\/#breadcrumb\",\"itemListElement\":[{\"@type\":\"ListItem\",\"position\":1,\"name\":\"In\u00edcio\",\"item\":\"https:\/\/metahospitalar.com.br\/es\/\"},{\"@type\":\"ListItem\",\"position\":2,\"name\":\"Productos Metahospitalar\",\"item\":\"https:\/\/metahospitalar.com.br\/es\/productos-metahospitalarios\/\"},{\"@type\":\"ListItem\",\"position\":3,\"name\":\"MT 413 &#8211; Camilla 600mm\"}]},{\"@type\":\"WebSite\",\"@id\":\"https:\/\/metahospitalar.com.br\/es\/#website\",\"url\":\"https:\/\/metahospitalar.com.br\/es\/\",\"name\":\"Metahospitalar\",\"description\":\"M\u00f3veis hospitalares\",\"publisher\":{\"@id\":\"https:\/\/metahospitalar.com.br\/es\/#organization\"},\"potentialAction\":[{\"@type\":\"SearchAction\",\"target\":{\"@type\":\"EntryPoint\",\"urlTemplate\":\"https:\/\/metahospitalar.com.br\/es\/?s={search_term_string}\"},\"query-input\":{\"@type\":\"PropertyValueSpecification\",\"valueRequired\":true,\"valueName\":\"search_term_string\"}}],\"inLanguage\":\"es\"},{\"@type\":\"Organization\",\"@id\":\"https:\/\/metahospitalar.com.br\/es\/#organization\",\"name\":\"metahospitalar\",\"alternateName\":\"Meta m\u00f3veis\",\"url\":\"https:\/\/metahospitalar.com.br\/es\/\",\"logo\":{\"@type\":\"ImageObject\",\"inLanguage\":\"es\",\"@id\":\"https:\/\/metahospitalar.com.br\/es\/#\/schema\/logo\/image\/\",\"url\":\"https:\/\/metahospitalar.com.br\/wp-content\/uploads\/2022\/06\/META-HOSPITALAR-curva-icone-copiar.webp\",\"contentUrl\":\"https:\/\/metahospitalar.com.br\/wp-content\/uploads\/2022\/06\/META-HOSPITALAR-curva-icone-copiar.webp\",\"width\":512,\"height\":512,\"caption\":\"metahospitalar\"},\"image\":{\"@id\":\"https:\/\/metahospitalar.com.br\/es\/#\/schema\/logo\/image\/\"},\"sameAs\":[\"https:\/\/www.facebook.com\/metahospitalar\",\"https:\/\/x.com\/Metahospitalar\",\"https:\/\/www.instagram.com\/metahospitalar\/\",\"https:\/\/www.linkedin.com\/company\/metahospitalar\/\"]}]}<\/script>\n<!-- \/ Yoast SEO plugin. -->","yoast_head_json":{"title":"MT 413 - Camilla 600mm - Metahospitalar","description":"Cuando se trata de versatilidad en espacios reducidos, la CAMILLA 413 es la soluci\u00f3n ideal! Cuenta con una plataforma de termopl\u00e1stico s\u00faper resistente.","robots":{"index":"index","follow":"follow","max-snippet":"max-snippet:-1","max-image-preview":"max-image-preview:large","max-video-preview":"max-video-preview:-1"},"canonical":"https:\/\/metahospitalar.com.br\/es\/productos\/mt-413-camilla-600mm\/","og_locale":"es_ES","og_type":"article","og_title":"MT 413 - Camilla 600mm - Metahospitalar","og_description":"Cuando se trata de versatilidad en espacios reducidos, la CAMILLA 413 es la soluci\u00f3n ideal! Cuenta con una plataforma de termopl\u00e1stico s\u00faper resistente.","og_url":"https:\/\/metahospitalar.com.br\/es\/productos\/mt-413-camilla-600mm\/","og_site_name":"Metahospitalar","article_publisher":"https:\/\/www.facebook.com\/metahospitalar","article_modified_time":"2026-01-29T17:28:40+00:00","og_image":[{"width":2400,"height":2400,"url":"https:\/\/metahospitalar.com.br\/wp-content\/uploads\/2022\/06\/MT-413-site.webp","type":"image\/webp"}],"twitter_card":"summary_large_image","twitter_site":"@Metahospitalar","twitter_misc":{"Tiempo de lectura":"1 minuto"},"schema":{"@context":"https:\/\/schema.org","@graph":[{"@type":"WebPage","@id":"https:\/\/metahospitalar.com.br\/es\/productos\/mt-413-camilla-600mm\/","url":"https:\/\/metahospitalar.com.br\/es\/productos\/mt-413-camilla-600mm\/","name":"MT 413 - Camilla 600mm - Metahospitalar","isPartOf":{"@id":"https:\/\/metahospitalar.com.br\/es\/#website"},"primaryImageOfPage":{"@id":"https:\/\/metahospitalar.com.br\/es\/productos\/mt-413-camilla-600mm\/#primaryimage"},"image":{"@id":"https:\/\/metahospitalar.com.br\/es\/productos\/mt-413-camilla-600mm\/#primaryimage"},"thumbnailUrl":"https:\/\/metahospitalar.com.br\/wp-content\/uploads\/2022\/06\/MT-413-site.webp","datePublished":"2022-06-30T16:36:56+00:00","dateModified":"2026-01-29T17:28:40+00:00","description":"Cuando se trata de versatilidad en espacios reducidos, la CAMILLA 413 es la soluci\u00f3n ideal! Cuenta con una plataforma de termopl\u00e1stico s\u00faper resistente.","breadcrumb":{"@id":"https:\/\/metahospitalar.com.br\/es\/productos\/mt-413-camilla-600mm\/#breadcrumb"},"inLanguage":"es","potentialAction":[{"@type":"ReadAction","target":["https:\/\/metahospitalar.com.br\/es\/productos\/mt-413-camilla-600mm\/"]}]},{"@type":"ImageObject","inLanguage":"es","@id":"https:\/\/metahospitalar.com.br\/es\/productos\/mt-413-camilla-600mm\/#primaryimage","url":"https:\/\/metahospitalar.com.br\/wp-content\/uploads\/2022\/06\/MT-413-site.webp","contentUrl":"https:\/\/metahospitalar.com.br\/wp-content\/uploads\/2022\/06\/MT-413-site.webp","width":2400,"height":2400,"caption":"camilla"},{"@type":"BreadcrumbList","@id":"https:\/\/metahospitalar.com.br\/es\/productos\/mt-413-camilla-600mm\/#breadcrumb","itemListElement":[{"@type":"ListItem","position":1,"name":"In\u00edcio","item":"https:\/\/metahospitalar.com.br\/es\/"},{"@type":"ListItem","position":2,"name":"Productos Metahospitalar","item":"https:\/\/metahospitalar.com.br\/es\/productos-metahospitalarios\/"},{"@type":"ListItem","position":3,"name":"MT 413 &#8211; Camilla 600mm"}]},{"@type":"WebSite","@id":"https:\/\/metahospitalar.com.br\/es\/#website","url":"https:\/\/metahospitalar.com.br\/es\/","name":"Metahospitalar","description":"M\u00f3veis hospitalares","publisher":{"@id":"https:\/\/metahospitalar.com.br\/es\/#organization"},"potentialAction":[{"@type":"SearchAction","target":{"@type":"EntryPoint","urlTemplate":"https:\/\/metahospitalar.com.br\/es\/?s={search_term_string}"},"query-input":{"@type":"PropertyValueSpecification","valueRequired":true,"valueName":"search_term_string"}}],"inLanguage":"es"},{"@type":"Organization","@id":"https:\/\/metahospitalar.com.br\/es\/#organization","name":"metahospitalar","alternateName":"Meta m\u00f3veis","url":"https:\/\/metahospitalar.com.br\/es\/","logo":{"@type":"ImageObject","inLanguage":"es","@id":"https:\/\/metahospitalar.com.br\/es\/#\/schema\/logo\/image\/","url":"https:\/\/metahospitalar.com.br\/wp-content\/uploads\/2022\/06\/META-HOSPITALAR-curva-icone-copiar.webp","contentUrl":"https:\/\/metahospitalar.com.br\/wp-content\/uploads\/2022\/06\/META-HOSPITALAR-curva-icone-copiar.webp","width":512,"height":512,"caption":"metahospitalar"},"image":{"@id":"https:\/\/metahospitalar.com.br\/es\/#\/schema\/logo\/image\/"},"sameAs":["https:\/\/www.facebook.com\/metahospitalar","https:\/\/x.com\/Metahospitalar","https:\/\/www.instagram.com\/metahospitalar\/","https:\/\/www.linkedin.com\/company\/metahospitalar\/"]}]}},"_links":{"self":[{"href":"https:\/\/metahospitalar.com.br\/es\/wp-json\/wp\/v2\/product\/25837","targetHints":{"allow":["GET"]}}],"collection":[{"href":"https:\/\/metahospitalar.com.br\/es\/wp-json\/wp\/v2\/product"}],"about":[{"href":"https:\/\/metahospitalar.com.br\/es\/wp-json\/wp\/v2\/types\/product"}],"version-history":[{"count":6,"href":"https:\/\/metahospitalar.com.br\/es\/wp-json\/wp\/v2\/product\/25837\/revisions"}],"predecessor-version":[{"id":32522,"href":"https:\/\/metahospitalar.com.br\/es\/wp-json\/wp\/v2\/product\/25837\/revisions\/32522"}],"wp:featuredmedia":[{"embeddable":true,"href":"https:\/\/metahospitalar.com.br\/es\/wp-json\/wp\/v2\/media\/23614"}],"wp:attachment":[{"href":"https:\/\/metahospitalar.com.br\/es\/wp-json\/wp\/v2\/media?parent=25837"}],"wp:term":[{"taxonomy":"product_brand","embeddable":true,"href":"https:\/\/metahospitalar.com.br\/es\/wp-json\/wp\/v2\/product_brand?post=25837"},{"taxonomy":"product_cat","embeddable":true,"href":"https:\/\/metahospitalar.com.br\/es\/wp-json\/wp\/v2\/product_cat?post=25837"},{"taxonomy":"product_tag","embeddable":true,"href":"https:\/\/metahospitalar.com.br\/es\/wp-json\/wp\/v2\/product_tag?post=25837"}],"curies":[{"name":"wp","href":"https:\/\/api.w.org\/{rel}","templated":true}]}}