{"id":25936,"date":"2023-04-27T15:42:01","date_gmt":"2023-04-27T18:42:01","guid":{"rendered":"https:\/\/metahospitalar.com.br\/produto\/mt-450-silla-de-transporte\/"},"modified":"2026-01-29T12:54:40","modified_gmt":"2026-01-29T15:54:40","slug":"mt-450-silla-de-transporte","status":"publish","type":"product","link":"https:\/\/metahospitalar.com.br\/es\/productos\/mt-450-silla-de-transporte\/","title":{"rendered":"MT 450 &#8211; Silla de Transporte"},"content":{"rendered":"<p>Cada detalle cuenta cuando se trata de la experiencia del paciente. La Silla de Transporte Optimus fue desarrollada para facilitar el d\u00eda a d\u00eda del cuidador y crear un entorno m\u00e1s agradable y seguro para el usuario.<\/p>\n<p>Su estructura reforzada y materiales livianos soportan grandes pesos, ofrecen mayor durabilidad ante la alta rotaci\u00f3n hospitalaria y adem\u00e1s facilitan la movilidad.<\/p>\n<p>Tambi\u00e9n cuenta con soporte para suero, ox\u00edgeno, equipos de monitoreo y otros accesorios hospitalarios.<\/p>\n<p>Su dise\u00f1o \u00fanico proporciona a la instituci\u00f3n mayor confort, reduce los riesgos de accidentes, mejora la apariencia del entorno y garantiza una mejor experiencia para el equipo multidisciplinario, el paciente y sus familiares.<\/p>\n<p>&nbsp;<\/p>\n<hr>\n<h4>DESCRIPCI\u00d3N GENERAL<\/h4>\n<ul>\n<li>Soporte para Oxigeno.<\/li>\n<li>Soporte para Bolsas Foley.<\/li>\n<li>Soporte para Suero.<\/li>\n<li><span style=\"font-weight: 400;\">Ruedas de 8\u201d con sistema de bloqueo. <\/span><\/li>\n<li><span style=\"font-weight: 400;\">Ruedas delanteras de 4\u201d con sistema de direccionamiento. <\/span><\/li>\n<li><span style=\"font-weight: 400;\">Apoyo para pies abatible. <\/span><\/li>\n<li><span style=\"font-weight: 400;\">Brazos giratorios retr\u00e1ctiles. <\/span><\/li>\n<li><span style=\"font-weight: 400;\">Revestimiento de goma en el manillar y los brazos. <\/span><\/li>\n<li><span style=\"font-weight: 400;\">Acolchado del asiento y respaldo. <\/span><\/li>\n<li><span style=\"font-weight: 400;\">Revestimiento en cuero ecol\u00f3gico.<\/span><\/li>\n<\/ul>\n","protected":false},"excerpt":{"rendered":"<h4>7 BENEFICIOS<\/h4>\n<h4><img decoding=\"async\" class=\"alignnone wp-image-9355\" src=\"https:\/\/metahospitalar.com.br\/wp-content\/uploads\/2023\/04\/degrade-balao-colorido-300x8.webp\" alt=\"\" width=\"188\" height=\"5\" srcset=\"https:\/\/metahospitalar.com.br\/wp-content\/uploads\/2023\/04\/degrade-balao-colorido-300x8.webp 300w, https:\/\/metahospitalar.com.br\/wp-content\/uploads\/2023\/04\/degrade-balao-colorido-600x16.webp 600w, https:\/\/metahospitalar.com.br\/wp-content\/uploads\/2023\/04\/degrade-balao-colorido.webp 681w\" sizes=\"(max-width: 188px) 100vw, 188px\" \/><\/h4>\n<p><img decoding=\"async\" class=\"alignnone wp-image-9403 size-full\" src=\"https:\/\/metahospitalar.com.br\/wp-content\/uploads\/2023\/04\/empurrando-cadeira-1.webp\" alt=\"\" width=\"40\" height=\"40\">Maniobrabilidad: Gracias a las ruedas traseras de 8\u201d y delanteras de 4\u201d.<\/p>\n<p><img decoding=\"async\" class=\"alignnone wp-image-9404 size-full\" src=\"https:\/\/metahospitalar.com.br\/wp-content\/uploads\/2023\/04\/compacto-1.webp\" alt=\"\" width=\"40\" height=\"40\">Compacto: Su dise\u00f1o permite encajarlo en cualquier espacio.<\/p>\n<p><img loading=\"lazy\" decoding=\"async\" class=\"alignnone wp-image-9405 size-full\" src=\"https:\/\/metahospitalar.com.br\/wp-content\/uploads\/2023\/04\/conforto-1.webp\" alt=\"\" width=\"40\" height=\"40\">Confort: Acolchado con espuma de alta densidad y suavidad.<\/p>\n<p><img loading=\"lazy\" decoding=\"async\" class=\"alignnone wp-image-9406 size-full\" src=\"https:\/\/metahospitalar.com.br\/wp-content\/uploads\/2023\/04\/metal-forte-1.webp\" alt=\"\" width=\"40\" height=\"40\">Durabilidad: Estructura met\u00e1lica resistente con pintura anticorrosi\u00f3n.<\/p>\n<p><img loading=\"lazy\" decoding=\"async\" class=\"alignnone wp-image-9407 size-full\" src=\"https:\/\/metahospitalar.com.br\/wp-content\/uploads\/2023\/04\/atemporal-1.webp\" alt=\"\" width=\"40\" height=\"40\">Ambientaci\u00f3n: Dise\u00f1o atemporal que se adapta a su arquitectura.<\/p>\n<p><img loading=\"lazy\" decoding=\"async\" class=\"alignnone wp-image-9408 size-full\" src=\"https:\/\/metahospitalar.com.br\/wp-content\/uploads\/2023\/04\/lbs-1.webp\" alt=\"\" width=\"40\" height=\"40\">Seguro: Sistema de bloqueo de ruedas.<\/p>\n<p><img loading=\"lazy\" decoding=\"async\" class=\"alignnone wp-image-9409 size-full\" src=\"https:\/\/metahospitalar.com.br\/wp-content\/uploads\/2023\/04\/oxigenio-1.webp\" alt=\"\" width=\"40\" height=\"40\">Siempre listo: Con diversos soportes.<\/p>\n<p>&nbsp;<\/p>\n","protected":false},"featured_media":27176,"template":"","meta":{"googlesitekit_rrm_CAow0fHbCw:productID":"","content-type":""},"product_brand":[],"product_cat":[490,505],"product_tag":[],"class_list":{"0":"post-25936","1":"product","2":"type-product","3":"status-publish","4":"has-post-thumbnail","6":"product_cat-camillas-y-transporte","7":"product_cat-productos","9":"first","10":"instock","11":"featured","12":"shipping-taxable","13":"purchasable","14":"product-type-simple"},"yoast_head":"<!-- This site is optimized with the Yoast SEO plugin v27.2 - https:\/\/yoast.com\/product\/yoast-seo-wordpress\/ -->\n<title>MT 450 - Silla de Transporte - Metahospitalar<\/title>\n<meta name=\"description\" content=\"La Silla de Transporte Diamond Care fue dise\u00f1ada para facilitar el d\u00eda a d\u00eda del cuidador y crear un entorno m\u00e1s agradable y seguro para el usuario.\" \/>\n<meta name=\"robots\" content=\"index, follow, max-snippet:-1, max-image-preview:large, max-video-preview:-1\" \/>\n<link rel=\"canonical\" href=\"https:\/\/metahospitalar.com.br\/es\/productos\/mt-450-silla-de-transporte\/\" \/>\n<meta property=\"og:locale\" content=\"es_ES\" \/>\n<meta property=\"og:type\" content=\"article\" \/>\n<meta property=\"og:title\" content=\"MT 450 - Silla de Transporte - Metahospitalar\" \/>\n<meta property=\"og:description\" content=\"La Silla de Transporte Diamond Care fue dise\u00f1ada para facilitar el d\u00eda a d\u00eda del cuidador y crear un entorno m\u00e1s agradable y seguro para el usuario.\" \/>\n<meta property=\"og:url\" content=\"https:\/\/metahospitalar.com.br\/es\/productos\/mt-450-silla-de-transporte\/\" \/>\n<meta property=\"og:site_name\" content=\"Metahospitalar\" \/>\n<meta property=\"article:publisher\" content=\"https:\/\/www.facebook.com\/metahospitalar\" \/>\n<meta property=\"article:modified_time\" content=\"2026-01-29T15:54:40+00:00\" \/>\n<meta property=\"og:image\" content=\"https:\/\/metahospitalar.com.br\/wp-content\/uploads\/2023\/04\/MT-450-1.webp\" \/>\n\t<meta property=\"og:image:width\" content=\"1800\" \/>\n\t<meta property=\"og:image:height\" content=\"1800\" \/>\n\t<meta property=\"og:image:type\" content=\"image\/webp\" \/>\n<meta name=\"twitter:card\" content=\"summary_large_image\" \/>\n<meta name=\"twitter:site\" content=\"@Metahospitalar\" \/>\n<meta name=\"twitter:label1\" content=\"Tiempo de lectura\" \/>\n\t<meta name=\"twitter:data1\" content=\"1 minuto\" \/>\n<script type=\"application\/ld+json\" class=\"yoast-schema-graph\">{\"@context\":\"https:\/\/schema.org\",\"@graph\":[{\"@type\":\"WebPage\",\"@id\":\"https:\/\/metahospitalar.com.br\/es\/productos\/mt-450-silla-de-transporte\/\",\"url\":\"https:\/\/metahospitalar.com.br\/es\/productos\/mt-450-silla-de-transporte\/\",\"name\":\"MT 450 - Silla de Transporte - Metahospitalar\",\"isPartOf\":{\"@id\":\"https:\/\/metahospitalar.com.br\/es\/#website\"},\"primaryImageOfPage\":{\"@id\":\"https:\/\/metahospitalar.com.br\/es\/productos\/mt-450-silla-de-transporte\/#primaryimage\"},\"image\":{\"@id\":\"https:\/\/metahospitalar.com.br\/es\/productos\/mt-450-silla-de-transporte\/#primaryimage\"},\"thumbnailUrl\":\"https:\/\/metahospitalar.com.br\/wp-content\/uploads\/2023\/04\/MT-450-1.webp\",\"datePublished\":\"2023-04-27T18:42:01+00:00\",\"dateModified\":\"2026-01-29T15:54:40+00:00\",\"description\":\"La Silla de Transporte Diamond Care fue dise\u00f1ada para facilitar el d\u00eda a d\u00eda del cuidador y crear un entorno m\u00e1s agradable y seguro para el usuario.\",\"breadcrumb\":{\"@id\":\"https:\/\/metahospitalar.com.br\/es\/productos\/mt-450-silla-de-transporte\/#breadcrumb\"},\"inLanguage\":\"es\",\"potentialAction\":[{\"@type\":\"ReadAction\",\"target\":[\"https:\/\/metahospitalar.com.br\/es\/productos\/mt-450-silla-de-transporte\/\"]}]},{\"@type\":\"ImageObject\",\"inLanguage\":\"es\",\"@id\":\"https:\/\/metahospitalar.com.br\/es\/productos\/mt-450-silla-de-transporte\/#primaryimage\",\"url\":\"https:\/\/metahospitalar.com.br\/wp-content\/uploads\/2023\/04\/MT-450-1.webp\",\"contentUrl\":\"https:\/\/metahospitalar.com.br\/wp-content\/uploads\/2023\/04\/MT-450-1.webp\",\"width\":1800,\"height\":1800,\"caption\":\"Silla de Transporte\"},{\"@type\":\"BreadcrumbList\",\"@id\":\"https:\/\/metahospitalar.com.br\/es\/productos\/mt-450-silla-de-transporte\/#breadcrumb\",\"itemListElement\":[{\"@type\":\"ListItem\",\"position\":1,\"name\":\"In\u00edcio\",\"item\":\"https:\/\/metahospitalar.com.br\/es\/\"},{\"@type\":\"ListItem\",\"position\":2,\"name\":\"Productos Metahospitalar\",\"item\":\"https:\/\/metahospitalar.com.br\/es\/productos-metahospitalarios\/\"},{\"@type\":\"ListItem\",\"position\":3,\"name\":\"MT 450 &#8211; Silla de Transporte\"}]},{\"@type\":\"WebSite\",\"@id\":\"https:\/\/metahospitalar.com.br\/es\/#website\",\"url\":\"https:\/\/metahospitalar.com.br\/es\/\",\"name\":\"Metahospitalar\",\"description\":\"M\u00f3veis hospitalares\",\"publisher\":{\"@id\":\"https:\/\/metahospitalar.com.br\/es\/#organization\"},\"potentialAction\":[{\"@type\":\"SearchAction\",\"target\":{\"@type\":\"EntryPoint\",\"urlTemplate\":\"https:\/\/metahospitalar.com.br\/es\/?s={search_term_string}\"},\"query-input\":{\"@type\":\"PropertyValueSpecification\",\"valueRequired\":true,\"valueName\":\"search_term_string\"}}],\"inLanguage\":\"es\"},{\"@type\":\"Organization\",\"@id\":\"https:\/\/metahospitalar.com.br\/es\/#organization\",\"name\":\"metahospitalar\",\"alternateName\":\"Meta m\u00f3veis\",\"url\":\"https:\/\/metahospitalar.com.br\/es\/\",\"logo\":{\"@type\":\"ImageObject\",\"inLanguage\":\"es\",\"@id\":\"https:\/\/metahospitalar.com.br\/es\/#\/schema\/logo\/image\/\",\"url\":\"https:\/\/metahospitalar.com.br\/wp-content\/uploads\/2022\/06\/META-HOSPITALAR-curva-icone-copiar.webp\",\"contentUrl\":\"https:\/\/metahospitalar.com.br\/wp-content\/uploads\/2022\/06\/META-HOSPITALAR-curva-icone-copiar.webp\",\"width\":512,\"height\":512,\"caption\":\"metahospitalar\"},\"image\":{\"@id\":\"https:\/\/metahospitalar.com.br\/es\/#\/schema\/logo\/image\/\"},\"sameAs\":[\"https:\/\/www.facebook.com\/metahospitalar\",\"https:\/\/x.com\/Metahospitalar\",\"https:\/\/www.instagram.com\/metahospitalar\/\",\"https:\/\/www.linkedin.com\/company\/metahospitalar\/\"]}]}<\/script>\n<!-- \/ Yoast SEO plugin. -->","yoast_head_json":{"title":"MT 450 - Silla de Transporte - Metahospitalar","description":"La Silla de Transporte Diamond Care fue dise\u00f1ada para facilitar el d\u00eda a d\u00eda del cuidador y crear un entorno m\u00e1s agradable y seguro para el usuario.","robots":{"index":"index","follow":"follow","max-snippet":"max-snippet:-1","max-image-preview":"max-image-preview:large","max-video-preview":"max-video-preview:-1"},"canonical":"https:\/\/metahospitalar.com.br\/es\/productos\/mt-450-silla-de-transporte\/","og_locale":"es_ES","og_type":"article","og_title":"MT 450 - Silla de Transporte - Metahospitalar","og_description":"La Silla de Transporte Diamond Care fue dise\u00f1ada para facilitar el d\u00eda a d\u00eda del cuidador y crear un entorno m\u00e1s agradable y seguro para el usuario.","og_url":"https:\/\/metahospitalar.com.br\/es\/productos\/mt-450-silla-de-transporte\/","og_site_name":"Metahospitalar","article_publisher":"https:\/\/www.facebook.com\/metahospitalar","article_modified_time":"2026-01-29T15:54:40+00:00","og_image":[{"width":1800,"height":1800,"url":"https:\/\/metahospitalar.com.br\/wp-content\/uploads\/2023\/04\/MT-450-1.webp","type":"image\/webp"}],"twitter_card":"summary_large_image","twitter_site":"@Metahospitalar","twitter_misc":{"Tiempo de lectura":"1 minuto"},"schema":{"@context":"https:\/\/schema.org","@graph":[{"@type":"WebPage","@id":"https:\/\/metahospitalar.com.br\/es\/productos\/mt-450-silla-de-transporte\/","url":"https:\/\/metahospitalar.com.br\/es\/productos\/mt-450-silla-de-transporte\/","name":"MT 450 - Silla de Transporte - Metahospitalar","isPartOf":{"@id":"https:\/\/metahospitalar.com.br\/es\/#website"},"primaryImageOfPage":{"@id":"https:\/\/metahospitalar.com.br\/es\/productos\/mt-450-silla-de-transporte\/#primaryimage"},"image":{"@id":"https:\/\/metahospitalar.com.br\/es\/productos\/mt-450-silla-de-transporte\/#primaryimage"},"thumbnailUrl":"https:\/\/metahospitalar.com.br\/wp-content\/uploads\/2023\/04\/MT-450-1.webp","datePublished":"2023-04-27T18:42:01+00:00","dateModified":"2026-01-29T15:54:40+00:00","description":"La Silla de Transporte Diamond Care fue dise\u00f1ada para facilitar el d\u00eda a d\u00eda del cuidador y crear un entorno m\u00e1s agradable y seguro para el usuario.","breadcrumb":{"@id":"https:\/\/metahospitalar.com.br\/es\/productos\/mt-450-silla-de-transporte\/#breadcrumb"},"inLanguage":"es","potentialAction":[{"@type":"ReadAction","target":["https:\/\/metahospitalar.com.br\/es\/productos\/mt-450-silla-de-transporte\/"]}]},{"@type":"ImageObject","inLanguage":"es","@id":"https:\/\/metahospitalar.com.br\/es\/productos\/mt-450-silla-de-transporte\/#primaryimage","url":"https:\/\/metahospitalar.com.br\/wp-content\/uploads\/2023\/04\/MT-450-1.webp","contentUrl":"https:\/\/metahospitalar.com.br\/wp-content\/uploads\/2023\/04\/MT-450-1.webp","width":1800,"height":1800,"caption":"Silla de Transporte"},{"@type":"BreadcrumbList","@id":"https:\/\/metahospitalar.com.br\/es\/productos\/mt-450-silla-de-transporte\/#breadcrumb","itemListElement":[{"@type":"ListItem","position":1,"name":"In\u00edcio","item":"https:\/\/metahospitalar.com.br\/es\/"},{"@type":"ListItem","position":2,"name":"Productos Metahospitalar","item":"https:\/\/metahospitalar.com.br\/es\/productos-metahospitalarios\/"},{"@type":"ListItem","position":3,"name":"MT 450 &#8211; Silla de Transporte"}]},{"@type":"WebSite","@id":"https:\/\/metahospitalar.com.br\/es\/#website","url":"https:\/\/metahospitalar.com.br\/es\/","name":"Metahospitalar","description":"M\u00f3veis hospitalares","publisher":{"@id":"https:\/\/metahospitalar.com.br\/es\/#organization"},"potentialAction":[{"@type":"SearchAction","target":{"@type":"EntryPoint","urlTemplate":"https:\/\/metahospitalar.com.br\/es\/?s={search_term_string}"},"query-input":{"@type":"PropertyValueSpecification","valueRequired":true,"valueName":"search_term_string"}}],"inLanguage":"es"},{"@type":"Organization","@id":"https:\/\/metahospitalar.com.br\/es\/#organization","name":"metahospitalar","alternateName":"Meta m\u00f3veis","url":"https:\/\/metahospitalar.com.br\/es\/","logo":{"@type":"ImageObject","inLanguage":"es","@id":"https:\/\/metahospitalar.com.br\/es\/#\/schema\/logo\/image\/","url":"https:\/\/metahospitalar.com.br\/wp-content\/uploads\/2022\/06\/META-HOSPITALAR-curva-icone-copiar.webp","contentUrl":"https:\/\/metahospitalar.com.br\/wp-content\/uploads\/2022\/06\/META-HOSPITALAR-curva-icone-copiar.webp","width":512,"height":512,"caption":"metahospitalar"},"image":{"@id":"https:\/\/metahospitalar.com.br\/es\/#\/schema\/logo\/image\/"},"sameAs":["https:\/\/www.facebook.com\/metahospitalar","https:\/\/x.com\/Metahospitalar","https:\/\/www.instagram.com\/metahospitalar\/","https:\/\/www.linkedin.com\/company\/metahospitalar\/"]}]}},"_links":{"self":[{"href":"https:\/\/metahospitalar.com.br\/es\/wp-json\/wp\/v2\/product\/25936","targetHints":{"allow":["GET"]}}],"collection":[{"href":"https:\/\/metahospitalar.com.br\/es\/wp-json\/wp\/v2\/product"}],"about":[{"href":"https:\/\/metahospitalar.com.br\/es\/wp-json\/wp\/v2\/types\/product"}],"version-history":[{"count":6,"href":"https:\/\/metahospitalar.com.br\/es\/wp-json\/wp\/v2\/product\/25936\/revisions"}],"predecessor-version":[{"id":32509,"href":"https:\/\/metahospitalar.com.br\/es\/wp-json\/wp\/v2\/product\/25936\/revisions\/32509"}],"wp:featuredmedia":[{"embeddable":true,"href":"https:\/\/metahospitalar.com.br\/es\/wp-json\/wp\/v2\/media\/27176"}],"wp:attachment":[{"href":"https:\/\/metahospitalar.com.br\/es\/wp-json\/wp\/v2\/media?parent=25936"}],"wp:term":[{"taxonomy":"product_brand","embeddable":true,"href":"https:\/\/metahospitalar.com.br\/es\/wp-json\/wp\/v2\/product_brand?post=25936"},{"taxonomy":"product_cat","embeddable":true,"href":"https:\/\/metahospitalar.com.br\/es\/wp-json\/wp\/v2\/product_cat?post=25936"},{"taxonomy":"product_tag","embeddable":true,"href":"https:\/\/metahospitalar.com.br\/es\/wp-json\/wp\/v2\/product_tag?post=25936"}],"curies":[{"name":"wp","href":"https:\/\/api.w.org\/{rel}","templated":true}]}}