{"id":32233,"date":"2022-06-30T13:36:56","date_gmt":"2022-06-30T16:36:56","guid":{"rendered":"https:\/\/metahospitalar.com.br\/produto\/mt-212-diamond-intensive-care\/"},"modified":"2026-01-20T12:58:30","modified_gmt":"2026-01-20T15:58:30","slug":"mt-212-diamond-intensive-care","status":"publish","type":"product","link":"https:\/\/metahospitalar.com.br\/es\/productos\/mt-212-diamond-intensive-care\/","title":{"rendered":"MT 212 &#8211; Diamond Intensive Care"},"content":{"rendered":"<h2>Cama Hospitalaria Motorizado MT 212<\/h2>\n<p data-start=\"1569\" data-end=\"1933\">La Cama Hospitalaria MT 212 de Metahospitalar fue desarrollada para atender con excelencia a los sectores m\u00e1s exigentes del \u00e1rea de la salud, como las Unidades de Cuidados Intensivos (UCI), los centros quir\u00fargicos y las \u00e1reas de hospitalizaci\u00f3n de alta complejidad. Su estructura robusta y sus funcionalidades inteligentes garantizan mayor seguridad para el paciente y mayor practicidad para el equipo asistencial.<br \/>Entre sus principales diferenciales se destacan:<br \/>\nSistema CPR manual bilateral (quick release) que permite la liberaci\u00f3n r\u00e1pida del respaldo en situaciones de emergencia.<br \/>\nRespaldo radio transparente con caj\u00f3n<br \/>\nDoble control en las barandas.<\/p>\n","protected":false},"excerpt":{"rendered":"<p>La Cama Hospitalaria MT 212 ofrece lo m\u00e1s moderno en el cuidado del paciente cr\u00edtico. Con funci\u00f3n sill\u00f3n One Touch, CPR bilateral, b\u00e1scula integrada y Respaldo radio transparente, es la elecci\u00f3n ideal para UCI y unidades de hospitalizaci\u00f3n que buscan seguridad, eficiencia y tecnolog\u00eda. <\/p>\n<p><strong>*Imagen meramente ilustrativa.<\/strong><\/p>\n<p>Producto Registrado:<\/p>\n<p><img decoding=\"async\" class=\"alignnone wp-image-24700\" src=\"https:\/\/metahospitalar.com.br\/wp-content\/uploads\/2023\/04\/fda-277x300.webp\" alt=\"\" width=\"71\" height=\"77\" srcset=\"https:\/\/metahospitalar.com.br\/wp-content\/uploads\/2023\/04\/fda-277x300.webp 277w, https:\/\/metahospitalar.com.br\/wp-content\/uploads\/2023\/04\/fda-300x325.webp 300w, https:\/\/metahospitalar.com.br\/wp-content\/uploads\/2023\/04\/fda-600x649.webp 600w, https:\/\/metahospitalar.com.br\/wp-content\/uploads\/2023\/04\/fda.webp 720w\" sizes=\"(max-width: 71px) 100vw, 71px\" \/>  <img decoding=\"async\" class=\"alignnone wp-image-24786\" src=\"https:\/\/metahospitalar.com.br\/wp-content\/uploads\/2023\/04\/certificadora-site-300x111.webp\" alt=\"\" width=\"165\" height=\"61\" srcset=\"https:\/\/metahospitalar.com.br\/wp-content\/uploads\/2023\/04\/certificadora-site-300x111.webp 300w, https:\/\/metahospitalar.com.br\/wp-content\/uploads\/2023\/04\/certificadora-site-768x284.webp 768w, https:\/\/metahospitalar.com.br\/wp-content\/uploads\/2023\/04\/certificadora-site-600x222.webp 600w, https:\/\/metahospitalar.com.br\/wp-content\/uploads\/2023\/04\/certificadora-site.webp 845w\" sizes=\"(max-width: 165px) 100vw, 165px\" \/><\/p>\n<p><span style=\"vertical-align: inherit;\">Inscri\u00e7\u00f5es: 80581990009<\/span><\/p>\n<p><a href=\"https:\/\/consultas.anvisa.gov.br\/#\/saude\/25351421430201602\/?cnpj=01866388000170\" target=\"_blank\" rel=\"noopener\">Consulte Anvisa<\/a><\/p>\n","protected":false},"featured_media":29229,"template":"","meta":{"googlesitekit_rrm_CAow0fHbCw:productID":"","content-type":""},"product_brand":[],"product_cat":[481,483],"product_tag":[],"class_list":{"0":"post-32233","1":"product","2":"type-product","3":"status-publish","4":"has-post-thumbnail","6":"product_cat-cama-hospitalaria","7":"product_cat-cama-uci","9":"first","10":"instock","11":"featured","12":"virtual","13":"purchasable","14":"product-type-simple"},"yoast_head":"<!-- This site is optimized with the Yoast SEO plugin v27.2 - https:\/\/yoast.com\/product\/yoast-seo-wordpress\/ -->\n<title>Cama Hospitalar Motorizado - Metahospitalar<\/title>\n<meta name=\"description\" content=\"Conozca la cama hospitalaria MT 212 con CPR bilateral, sill\u00f3n autom\u00e1tico One Touch, b\u00e1scula integrada, ond* Respaldo radio transparente y sistema de elevaci\u00f3n motorizada. Ideal para UCI y hospitales que exigen alto desempe\u00f1o.\" \/>\n<meta name=\"robots\" content=\"index, follow, max-snippet:-1, max-image-preview:large, max-video-preview:-1\" \/>\n<link rel=\"canonical\" href=\"https:\/\/metahospitalar.com.br\/es\/productos\/mt-212-diamond-intensive-care\/\" \/>\n<meta property=\"og:locale\" content=\"es_ES\" \/>\n<meta property=\"og:type\" content=\"article\" \/>\n<meta property=\"og:title\" content=\"Cama Hospitalar Motorizado - Metahospitalar\" \/>\n<meta property=\"og:description\" content=\"Conozca la cama hospitalaria MT 212 con CPR bilateral, sill\u00f3n autom\u00e1tico One Touch, b\u00e1scula integrada, ond* Respaldo radio transparente y sistema de elevaci\u00f3n motorizada. Ideal para UCI y hospitales que exigen alto desempe\u00f1o.\" \/>\n<meta property=\"og:url\" content=\"https:\/\/metahospitalar.com.br\/es\/productos\/mt-212-diamond-intensive-care\/\" \/>\n<meta property=\"og:site_name\" content=\"Metahospitalar\" \/>\n<meta property=\"article:publisher\" content=\"https:\/\/www.facebook.com\/metahospitalar\" \/>\n<meta property=\"article:modified_time\" content=\"2026-01-20T15:58:30+00:00\" \/>\n<meta property=\"og:image\" content=\"https:\/\/metahospitalar.com.br\/wp-content\/uploads\/2022\/06\/Cama-Hospitalar-Motorizado--scaled.webp\" \/>\n\t<meta property=\"og:image:width\" content=\"2560\" \/>\n\t<meta property=\"og:image:height\" content=\"2133\" \/>\n\t<meta property=\"og:image:type\" content=\"image\/webp\" \/>\n<meta name=\"twitter:card\" content=\"summary_large_image\" \/>\n<meta name=\"twitter:site\" content=\"@Metahospitalar\" \/>\n<meta name=\"twitter:label1\" content=\"Tiempo de lectura\" \/>\n\t<meta name=\"twitter:data1\" content=\"1 minuto\" \/>\n<script type=\"application\/ld+json\" class=\"yoast-schema-graph\">{\"@context\":\"https:\/\/schema.org\",\"@graph\":[{\"@type\":\"WebPage\",\"@id\":\"https:\/\/metahospitalar.com.br\/es\/productos\/mt-212-diamond-intensive-care\/\",\"url\":\"https:\/\/metahospitalar.com.br\/es\/productos\/mt-212-diamond-intensive-care\/\",\"name\":\"Cama Hospitalar Motorizado - Metahospitalar\",\"isPartOf\":{\"@id\":\"https:\/\/metahospitalar.com.br\/es\/#website\"},\"primaryImageOfPage\":{\"@id\":\"https:\/\/metahospitalar.com.br\/es\/productos\/mt-212-diamond-intensive-care\/#primaryimage\"},\"image\":{\"@id\":\"https:\/\/metahospitalar.com.br\/es\/productos\/mt-212-diamond-intensive-care\/#primaryimage\"},\"thumbnailUrl\":\"https:\/\/metahospitalar.com.br\/wp-content\/uploads\/2022\/06\/Cama-Hospitalar-Motorizado--scaled.webp\",\"datePublished\":\"2022-06-30T16:36:56+00:00\",\"dateModified\":\"2026-01-20T15:58:30+00:00\",\"description\":\"Conozca la cama hospitalaria MT 212 con CPR bilateral, sill\u00f3n autom\u00e1tico One Touch, b\u00e1scula integrada, ond* Respaldo radio transparente y sistema de elevaci\u00f3n motorizada. Ideal para UCI y hospitales que exigen alto desempe\u00f1o.\",\"breadcrumb\":{\"@id\":\"https:\/\/metahospitalar.com.br\/es\/productos\/mt-212-diamond-intensive-care\/#breadcrumb\"},\"inLanguage\":\"es\",\"potentialAction\":[{\"@type\":\"ReadAction\",\"target\":[\"https:\/\/metahospitalar.com.br\/es\/productos\/mt-212-diamond-intensive-care\/\"]}]},{\"@type\":\"ImageObject\",\"inLanguage\":\"es\",\"@id\":\"https:\/\/metahospitalar.com.br\/es\/productos\/mt-212-diamond-intensive-care\/#primaryimage\",\"url\":\"https:\/\/metahospitalar.com.br\/wp-content\/uploads\/2022\/06\/Cama-Hospitalar-Motorizado--scaled.webp\",\"contentUrl\":\"https:\/\/metahospitalar.com.br\/wp-content\/uploads\/2022\/06\/Cama-Hospitalar-Motorizado--scaled.webp\",\"width\":2560,\"height\":2133,\"caption\":\"cama hospitalar motorizado\"},{\"@type\":\"BreadcrumbList\",\"@id\":\"https:\/\/metahospitalar.com.br\/es\/productos\/mt-212-diamond-intensive-care\/#breadcrumb\",\"itemListElement\":[{\"@type\":\"ListItem\",\"position\":1,\"name\":\"In\u00edcio\",\"item\":\"https:\/\/metahospitalar.com.br\/es\/\"},{\"@type\":\"ListItem\",\"position\":2,\"name\":\"Productos Metahospitalar\",\"item\":\"https:\/\/metahospitalar.com.br\/es\/productos-metahospitalarios\/\"},{\"@type\":\"ListItem\",\"position\":3,\"name\":\"MT 212 &#8211; Diamond Intensive Care\"}]},{\"@type\":\"WebSite\",\"@id\":\"https:\/\/metahospitalar.com.br\/es\/#website\",\"url\":\"https:\/\/metahospitalar.com.br\/es\/\",\"name\":\"Metahospitalar\",\"description\":\"M\u00f3veis hospitalares\",\"publisher\":{\"@id\":\"https:\/\/metahospitalar.com.br\/es\/#organization\"},\"potentialAction\":[{\"@type\":\"SearchAction\",\"target\":{\"@type\":\"EntryPoint\",\"urlTemplate\":\"https:\/\/metahospitalar.com.br\/es\/?s={search_term_string}\"},\"query-input\":{\"@type\":\"PropertyValueSpecification\",\"valueRequired\":true,\"valueName\":\"search_term_string\"}}],\"inLanguage\":\"es\"},{\"@type\":\"Organization\",\"@id\":\"https:\/\/metahospitalar.com.br\/es\/#organization\",\"name\":\"metahospitalar\",\"alternateName\":\"Meta m\u00f3veis\",\"url\":\"https:\/\/metahospitalar.com.br\/es\/\",\"logo\":{\"@type\":\"ImageObject\",\"inLanguage\":\"es\",\"@id\":\"https:\/\/metahospitalar.com.br\/es\/#\/schema\/logo\/image\/\",\"url\":\"https:\/\/metahospitalar.com.br\/wp-content\/uploads\/2022\/06\/META-HOSPITALAR-curva-icone-copiar.webp\",\"contentUrl\":\"https:\/\/metahospitalar.com.br\/wp-content\/uploads\/2022\/06\/META-HOSPITALAR-curva-icone-copiar.webp\",\"width\":512,\"height\":512,\"caption\":\"metahospitalar\"},\"image\":{\"@id\":\"https:\/\/metahospitalar.com.br\/es\/#\/schema\/logo\/image\/\"},\"sameAs\":[\"https:\/\/www.facebook.com\/metahospitalar\",\"https:\/\/x.com\/Metahospitalar\",\"https:\/\/www.instagram.com\/metahospitalar\/\",\"https:\/\/www.linkedin.com\/company\/metahospitalar\/\"]}]}<\/script>\n<!-- \/ Yoast SEO plugin. -->","yoast_head_json":{"title":"Cama Hospitalar Motorizado - Metahospitalar","description":"Conozca la cama hospitalaria MT 212 con CPR bilateral, sill\u00f3n autom\u00e1tico One Touch, b\u00e1scula integrada, ond* Respaldo radio transparente y sistema de elevaci\u00f3n motorizada. Ideal para UCI y hospitales que exigen alto desempe\u00f1o.","robots":{"index":"index","follow":"follow","max-snippet":"max-snippet:-1","max-image-preview":"max-image-preview:large","max-video-preview":"max-video-preview:-1"},"canonical":"https:\/\/metahospitalar.com.br\/es\/productos\/mt-212-diamond-intensive-care\/","og_locale":"es_ES","og_type":"article","og_title":"Cama Hospitalar Motorizado - Metahospitalar","og_description":"Conozca la cama hospitalaria MT 212 con CPR bilateral, sill\u00f3n autom\u00e1tico One Touch, b\u00e1scula integrada, ond* Respaldo radio transparente y sistema de elevaci\u00f3n motorizada. Ideal para UCI y hospitales que exigen alto desempe\u00f1o.","og_url":"https:\/\/metahospitalar.com.br\/es\/productos\/mt-212-diamond-intensive-care\/","og_site_name":"Metahospitalar","article_publisher":"https:\/\/www.facebook.com\/metahospitalar","article_modified_time":"2026-01-20T15:58:30+00:00","og_image":[{"width":2560,"height":2133,"url":"https:\/\/metahospitalar.com.br\/wp-content\/uploads\/2022\/06\/Cama-Hospitalar-Motorizado--scaled.webp","type":"image\/webp"}],"twitter_card":"summary_large_image","twitter_site":"@Metahospitalar","twitter_misc":{"Tiempo de lectura":"1 minuto"},"schema":{"@context":"https:\/\/schema.org","@graph":[{"@type":"WebPage","@id":"https:\/\/metahospitalar.com.br\/es\/productos\/mt-212-diamond-intensive-care\/","url":"https:\/\/metahospitalar.com.br\/es\/productos\/mt-212-diamond-intensive-care\/","name":"Cama Hospitalar Motorizado - Metahospitalar","isPartOf":{"@id":"https:\/\/metahospitalar.com.br\/es\/#website"},"primaryImageOfPage":{"@id":"https:\/\/metahospitalar.com.br\/es\/productos\/mt-212-diamond-intensive-care\/#primaryimage"},"image":{"@id":"https:\/\/metahospitalar.com.br\/es\/productos\/mt-212-diamond-intensive-care\/#primaryimage"},"thumbnailUrl":"https:\/\/metahospitalar.com.br\/wp-content\/uploads\/2022\/06\/Cama-Hospitalar-Motorizado--scaled.webp","datePublished":"2022-06-30T16:36:56+00:00","dateModified":"2026-01-20T15:58:30+00:00","description":"Conozca la cama hospitalaria MT 212 con CPR bilateral, sill\u00f3n autom\u00e1tico One Touch, b\u00e1scula integrada, ond* Respaldo radio transparente y sistema de elevaci\u00f3n motorizada. Ideal para UCI y hospitales que exigen alto desempe\u00f1o.","breadcrumb":{"@id":"https:\/\/metahospitalar.com.br\/es\/productos\/mt-212-diamond-intensive-care\/#breadcrumb"},"inLanguage":"es","potentialAction":[{"@type":"ReadAction","target":["https:\/\/metahospitalar.com.br\/es\/productos\/mt-212-diamond-intensive-care\/"]}]},{"@type":"ImageObject","inLanguage":"es","@id":"https:\/\/metahospitalar.com.br\/es\/productos\/mt-212-diamond-intensive-care\/#primaryimage","url":"https:\/\/metahospitalar.com.br\/wp-content\/uploads\/2022\/06\/Cama-Hospitalar-Motorizado--scaled.webp","contentUrl":"https:\/\/metahospitalar.com.br\/wp-content\/uploads\/2022\/06\/Cama-Hospitalar-Motorizado--scaled.webp","width":2560,"height":2133,"caption":"cama hospitalar motorizado"},{"@type":"BreadcrumbList","@id":"https:\/\/metahospitalar.com.br\/es\/productos\/mt-212-diamond-intensive-care\/#breadcrumb","itemListElement":[{"@type":"ListItem","position":1,"name":"In\u00edcio","item":"https:\/\/metahospitalar.com.br\/es\/"},{"@type":"ListItem","position":2,"name":"Productos Metahospitalar","item":"https:\/\/metahospitalar.com.br\/es\/productos-metahospitalarios\/"},{"@type":"ListItem","position":3,"name":"MT 212 &#8211; Diamond Intensive Care"}]},{"@type":"WebSite","@id":"https:\/\/metahospitalar.com.br\/es\/#website","url":"https:\/\/metahospitalar.com.br\/es\/","name":"Metahospitalar","description":"M\u00f3veis hospitalares","publisher":{"@id":"https:\/\/metahospitalar.com.br\/es\/#organization"},"potentialAction":[{"@type":"SearchAction","target":{"@type":"EntryPoint","urlTemplate":"https:\/\/metahospitalar.com.br\/es\/?s={search_term_string}"},"query-input":{"@type":"PropertyValueSpecification","valueRequired":true,"valueName":"search_term_string"}}],"inLanguage":"es"},{"@type":"Organization","@id":"https:\/\/metahospitalar.com.br\/es\/#organization","name":"metahospitalar","alternateName":"Meta m\u00f3veis","url":"https:\/\/metahospitalar.com.br\/es\/","logo":{"@type":"ImageObject","inLanguage":"es","@id":"https:\/\/metahospitalar.com.br\/es\/#\/schema\/logo\/image\/","url":"https:\/\/metahospitalar.com.br\/wp-content\/uploads\/2022\/06\/META-HOSPITALAR-curva-icone-copiar.webp","contentUrl":"https:\/\/metahospitalar.com.br\/wp-content\/uploads\/2022\/06\/META-HOSPITALAR-curva-icone-copiar.webp","width":512,"height":512,"caption":"metahospitalar"},"image":{"@id":"https:\/\/metahospitalar.com.br\/es\/#\/schema\/logo\/image\/"},"sameAs":["https:\/\/www.facebook.com\/metahospitalar","https:\/\/x.com\/Metahospitalar","https:\/\/www.instagram.com\/metahospitalar\/","https:\/\/www.linkedin.com\/company\/metahospitalar\/"]}]}},"_links":{"self":[{"href":"https:\/\/metahospitalar.com.br\/es\/wp-json\/wp\/v2\/product\/32233","targetHints":{"allow":["GET"]}}],"collection":[{"href":"https:\/\/metahospitalar.com.br\/es\/wp-json\/wp\/v2\/product"}],"about":[{"href":"https:\/\/metahospitalar.com.br\/es\/wp-json\/wp\/v2\/types\/product"}],"version-history":[{"count":1,"href":"https:\/\/metahospitalar.com.br\/es\/wp-json\/wp\/v2\/product\/32233\/revisions"}],"predecessor-version":[{"id":32321,"href":"https:\/\/metahospitalar.com.br\/es\/wp-json\/wp\/v2\/product\/32233\/revisions\/32321"}],"wp:featuredmedia":[{"embeddable":true,"href":"https:\/\/metahospitalar.com.br\/es\/wp-json\/wp\/v2\/media\/29229"}],"wp:attachment":[{"href":"https:\/\/metahospitalar.com.br\/es\/wp-json\/wp\/v2\/media?parent=32233"}],"wp:term":[{"taxonomy":"product_brand","embeddable":true,"href":"https:\/\/metahospitalar.com.br\/es\/wp-json\/wp\/v2\/product_brand?post=32233"},{"taxonomy":"product_cat","embeddable":true,"href":"https:\/\/metahospitalar.com.br\/es\/wp-json\/wp\/v2\/product_cat?post=32233"},{"taxonomy":"product_tag","embeddable":true,"href":"https:\/\/metahospitalar.com.br\/es\/wp-json\/wp\/v2\/product_tag?post=32233"}],"curies":[{"name":"wp","href":"https:\/\/api.w.org\/{rel}","templated":true}]}}