{"id":32236,"date":"2022-06-30T13:38:51","date_gmt":"2022-06-30T16:38:51","guid":{"rendered":"https:\/\/metahospitalar.com.br\/produto\/mt-933-soporte-para-suero\/"},"modified":"2026-01-14T10:03:03","modified_gmt":"2026-01-14T13:03:03","slug":"mt-933-soporte-para-suero","status":"publish","type":"product","link":"https:\/\/metahospitalar.com.br\/es\/productos\/mt-933-soporte-para-suero\/","title":{"rendered":"MT 933 &#8211; Portasuero"},"content":{"rendered":"<p><span style=\"font-weight: 400;\">Los portasueros de Metahospitalar son \u00fanicos y exclusivos, ya que cuentan con 4 postes para sueros con regulaci\u00f3n de altura.<\/p>\n<p><\/span><\/p>\n<p><span style=\"font-weight: 400;\">Su soporte patentado de Metahospitalar, adem\u00e1s de servir como apoyo para el paciente durante la deambulaci\u00f3n por el hospital, presenta un dise\u00f1o que permite colocar una ri\u00f1onera como soporte al administrar medicamentos en el suero del paciente.<\/p>\n<p><\/span><\/p>\n<p><span style=\"font-weight: 400;\">Tambi\u00e9n cuenta con 2 postes inferiores para el soporte del colector de orina.<\/p>\n<p><\/span><\/p>\n<p><span style=\"font-weight: 400;\">Su estructura totalmente en acero inoxidable permite que sea robusto y resistente a todo tipo de productos qu\u00edmicos, facilitando y mejorando la asepsia.<\/p>\n<p> <\/span><\/p>\n<hr>\n<h4>Recursos Est\u00e1ndar<\/h4>\n<ul>\n<li>Estructura en acero inoxidable.\n<p><\/li>\n<li>Base en termopl\u00e1stico.<\/li>\n<li>5 ruedas dobles con protecci\u00f3n antirayaduras.\n<p><\/li>\n<li>4 postes con regulaci\u00f3n de altura<\/li>\n<li> 2 postes inferiores para el soporte del colector de orina<\/li>\n<li>Dise\u00f1o con soporte para auxiliar en la deambulaci\u00f3n del paciente y apoyo para ri\u00f1onera.\n<p><\/li>\n<\/ul>\n","protected":false},"excerpt":{"rendered":"<p>Los portasueros de Metahospitalar son \u00fanicos y exclusivos, ya que cuentan con 4 postes para sueros con regulaci\u00f3n de altura.<\/p>\n<p>Registro: 80581990002<\/p>\n<p><a href=\"https:\/\/consultas.anvisa.gov.br\/#\/saude\/q\/?cnpj=01866388000170\" target=\"_blank\" rel=\"noopener\">Consulte Anvisa<\/a><\/p>\n","protected":false},"featured_media":23580,"template":"","meta":{"googlesitekit_rrm_CAow0fHbCw:productID":"","content-type":""},"product_brand":[],"product_cat":[809,505],"product_tag":[],"class_list":{"0":"post-32236","1":"product","2":"type-product","3":"status-publish","4":"has-post-thumbnail","6":"product_cat-accesorios-meta","7":"product_cat-productos","9":"first","10":"instock","11":"shipping-taxable","12":"product-type-simple"},"yoast_head":"<!-- This site is optimized with the Yoast SEO plugin v27.2 - https:\/\/yoast.com\/product\/yoast-seo-wordpress\/ -->\n<title>MT 933 - Portasuero - Metahospitalar<\/title>\n<meta name=\"description\" content=\"Los soportes para suero de Metahospitalar son \u00fanicos y exclusivos, ya que cuentan con 4 postes para sueros con regulaci\u00f3n de altura.\" \/>\n<meta name=\"robots\" content=\"index, follow, max-snippet:-1, max-image-preview:large, max-video-preview:-1\" \/>\n<link rel=\"canonical\" href=\"https:\/\/metahospitalar.com.br\/es\/productos\/mt-933-soporte-para-suero\/\" \/>\n<meta property=\"og:locale\" content=\"es_ES\" \/>\n<meta property=\"og:type\" content=\"article\" \/>\n<meta property=\"og:title\" content=\"MT 933 - Portasuero - Metahospitalar\" \/>\n<meta property=\"og:description\" content=\"Los soportes para suero de Metahospitalar son \u00fanicos y exclusivos, ya que cuentan con 4 postes para sueros con regulaci\u00f3n de altura.\" \/>\n<meta property=\"og:url\" content=\"https:\/\/metahospitalar.com.br\/es\/productos\/mt-933-soporte-para-suero\/\" \/>\n<meta property=\"og:site_name\" content=\"Metahospitalar\" \/>\n<meta property=\"article:publisher\" content=\"https:\/\/www.facebook.com\/metahospitalar\" \/>\n<meta property=\"article:modified_time\" content=\"2026-01-14T13:03:03+00:00\" \/>\n<meta property=\"og:image\" content=\"https:\/\/metahospitalar.com.br\/wp-content\/uploads\/2022\/06\/mt-933-scaled.webp\" \/>\n\t<meta property=\"og:image:width\" content=\"2560\" \/>\n\t<meta property=\"og:image:height\" content=\"2560\" \/>\n\t<meta property=\"og:image:type\" content=\"image\/webp\" \/>\n<meta name=\"twitter:card\" content=\"summary_large_image\" \/>\n<meta name=\"twitter:site\" content=\"@Metahospitalar\" \/>\n<meta name=\"twitter:label1\" content=\"Tiempo de lectura\" \/>\n\t<meta name=\"twitter:data1\" content=\"1 minuto\" \/>\n<script type=\"application\/ld+json\" class=\"yoast-schema-graph\">{\"@context\":\"https:\/\/schema.org\",\"@graph\":[{\"@type\":\"WebPage\",\"@id\":\"https:\/\/metahospitalar.com.br\/es\/productos\/mt-933-soporte-para-suero\/\",\"url\":\"https:\/\/metahospitalar.com.br\/es\/productos\/mt-933-soporte-para-suero\/\",\"name\":\"MT 933 - Portasuero - Metahospitalar\",\"isPartOf\":{\"@id\":\"https:\/\/metahospitalar.com.br\/es\/#website\"},\"primaryImageOfPage\":{\"@id\":\"https:\/\/metahospitalar.com.br\/es\/productos\/mt-933-soporte-para-suero\/#primaryimage\"},\"image\":{\"@id\":\"https:\/\/metahospitalar.com.br\/es\/productos\/mt-933-soporte-para-suero\/#primaryimage\"},\"thumbnailUrl\":\"https:\/\/metahospitalar.com.br\/wp-content\/uploads\/2022\/06\/mt-933-scaled.webp\",\"datePublished\":\"2022-06-30T16:38:51+00:00\",\"dateModified\":\"2026-01-14T13:03:03+00:00\",\"description\":\"Los soportes para suero de Metahospitalar son \u00fanicos y exclusivos, ya que cuentan con 4 postes para sueros con regulaci\u00f3n de altura.\",\"breadcrumb\":{\"@id\":\"https:\/\/metahospitalar.com.br\/es\/productos\/mt-933-soporte-para-suero\/#breadcrumb\"},\"inLanguage\":\"es\",\"potentialAction\":[{\"@type\":\"ReadAction\",\"target\":[\"https:\/\/metahospitalar.com.br\/es\/productos\/mt-933-soporte-para-suero\/\"]}]},{\"@type\":\"ImageObject\",\"inLanguage\":\"es\",\"@id\":\"https:\/\/metahospitalar.com.br\/es\/productos\/mt-933-soporte-para-suero\/#primaryimage\",\"url\":\"https:\/\/metahospitalar.com.br\/wp-content\/uploads\/2022\/06\/mt-933-scaled.webp\",\"contentUrl\":\"https:\/\/metahospitalar.com.br\/wp-content\/uploads\/2022\/06\/mt-933-scaled.webp\",\"width\":2560,\"height\":2560,\"caption\":\"Suporte para soro\"},{\"@type\":\"BreadcrumbList\",\"@id\":\"https:\/\/metahospitalar.com.br\/es\/productos\/mt-933-soporte-para-suero\/#breadcrumb\",\"itemListElement\":[{\"@type\":\"ListItem\",\"position\":1,\"name\":\"In\u00edcio\",\"item\":\"https:\/\/metahospitalar.com.br\/es\/\"},{\"@type\":\"ListItem\",\"position\":2,\"name\":\"Productos Metahospitalar\",\"item\":\"https:\/\/metahospitalar.com.br\/es\/productos-metahospitalarios\/\"},{\"@type\":\"ListItem\",\"position\":3,\"name\":\"MT 933 &#8211; Portasuero\"}]},{\"@type\":\"WebSite\",\"@id\":\"https:\/\/metahospitalar.com.br\/es\/#website\",\"url\":\"https:\/\/metahospitalar.com.br\/es\/\",\"name\":\"Metahospitalar\",\"description\":\"M\u00f3veis hospitalares\",\"publisher\":{\"@id\":\"https:\/\/metahospitalar.com.br\/es\/#organization\"},\"potentialAction\":[{\"@type\":\"SearchAction\",\"target\":{\"@type\":\"EntryPoint\",\"urlTemplate\":\"https:\/\/metahospitalar.com.br\/es\/?s={search_term_string}\"},\"query-input\":{\"@type\":\"PropertyValueSpecification\",\"valueRequired\":true,\"valueName\":\"search_term_string\"}}],\"inLanguage\":\"es\"},{\"@type\":\"Organization\",\"@id\":\"https:\/\/metahospitalar.com.br\/es\/#organization\",\"name\":\"metahospitalar\",\"alternateName\":\"Meta m\u00f3veis\",\"url\":\"https:\/\/metahospitalar.com.br\/es\/\",\"logo\":{\"@type\":\"ImageObject\",\"inLanguage\":\"es\",\"@id\":\"https:\/\/metahospitalar.com.br\/es\/#\/schema\/logo\/image\/\",\"url\":\"https:\/\/metahospitalar.com.br\/wp-content\/uploads\/2022\/06\/META-HOSPITALAR-curva-icone-copiar.webp\",\"contentUrl\":\"https:\/\/metahospitalar.com.br\/wp-content\/uploads\/2022\/06\/META-HOSPITALAR-curva-icone-copiar.webp\",\"width\":512,\"height\":512,\"caption\":\"metahospitalar\"},\"image\":{\"@id\":\"https:\/\/metahospitalar.com.br\/es\/#\/schema\/logo\/image\/\"},\"sameAs\":[\"https:\/\/www.facebook.com\/metahospitalar\",\"https:\/\/x.com\/Metahospitalar\",\"https:\/\/www.instagram.com\/metahospitalar\/\",\"https:\/\/www.linkedin.com\/company\/metahospitalar\/\"]}]}<\/script>\n<!-- \/ Yoast SEO plugin. -->","yoast_head_json":{"title":"MT 933 - Portasuero - Metahospitalar","description":"Los soportes para suero de Metahospitalar son \u00fanicos y exclusivos, ya que cuentan con 4 postes para sueros con regulaci\u00f3n de altura.","robots":{"index":"index","follow":"follow","max-snippet":"max-snippet:-1","max-image-preview":"max-image-preview:large","max-video-preview":"max-video-preview:-1"},"canonical":"https:\/\/metahospitalar.com.br\/es\/productos\/mt-933-soporte-para-suero\/","og_locale":"es_ES","og_type":"article","og_title":"MT 933 - Portasuero - Metahospitalar","og_description":"Los soportes para suero de Metahospitalar son \u00fanicos y exclusivos, ya que cuentan con 4 postes para sueros con regulaci\u00f3n de altura.","og_url":"https:\/\/metahospitalar.com.br\/es\/productos\/mt-933-soporte-para-suero\/","og_site_name":"Metahospitalar","article_publisher":"https:\/\/www.facebook.com\/metahospitalar","article_modified_time":"2026-01-14T13:03:03+00:00","og_image":[{"width":2560,"height":2560,"url":"https:\/\/metahospitalar.com.br\/wp-content\/uploads\/2022\/06\/mt-933-scaled.webp","type":"image\/webp"}],"twitter_card":"summary_large_image","twitter_site":"@Metahospitalar","twitter_misc":{"Tiempo de lectura":"1 minuto"},"schema":{"@context":"https:\/\/schema.org","@graph":[{"@type":"WebPage","@id":"https:\/\/metahospitalar.com.br\/es\/productos\/mt-933-soporte-para-suero\/","url":"https:\/\/metahospitalar.com.br\/es\/productos\/mt-933-soporte-para-suero\/","name":"MT 933 - Portasuero - Metahospitalar","isPartOf":{"@id":"https:\/\/metahospitalar.com.br\/es\/#website"},"primaryImageOfPage":{"@id":"https:\/\/metahospitalar.com.br\/es\/productos\/mt-933-soporte-para-suero\/#primaryimage"},"image":{"@id":"https:\/\/metahospitalar.com.br\/es\/productos\/mt-933-soporte-para-suero\/#primaryimage"},"thumbnailUrl":"https:\/\/metahospitalar.com.br\/wp-content\/uploads\/2022\/06\/mt-933-scaled.webp","datePublished":"2022-06-30T16:38:51+00:00","dateModified":"2026-01-14T13:03:03+00:00","description":"Los soportes para suero de Metahospitalar son \u00fanicos y exclusivos, ya que cuentan con 4 postes para sueros con regulaci\u00f3n de altura.","breadcrumb":{"@id":"https:\/\/metahospitalar.com.br\/es\/productos\/mt-933-soporte-para-suero\/#breadcrumb"},"inLanguage":"es","potentialAction":[{"@type":"ReadAction","target":["https:\/\/metahospitalar.com.br\/es\/productos\/mt-933-soporte-para-suero\/"]}]},{"@type":"ImageObject","inLanguage":"es","@id":"https:\/\/metahospitalar.com.br\/es\/productos\/mt-933-soporte-para-suero\/#primaryimage","url":"https:\/\/metahospitalar.com.br\/wp-content\/uploads\/2022\/06\/mt-933-scaled.webp","contentUrl":"https:\/\/metahospitalar.com.br\/wp-content\/uploads\/2022\/06\/mt-933-scaled.webp","width":2560,"height":2560,"caption":"Suporte para soro"},{"@type":"BreadcrumbList","@id":"https:\/\/metahospitalar.com.br\/es\/productos\/mt-933-soporte-para-suero\/#breadcrumb","itemListElement":[{"@type":"ListItem","position":1,"name":"In\u00edcio","item":"https:\/\/metahospitalar.com.br\/es\/"},{"@type":"ListItem","position":2,"name":"Productos Metahospitalar","item":"https:\/\/metahospitalar.com.br\/es\/productos-metahospitalarios\/"},{"@type":"ListItem","position":3,"name":"MT 933 &#8211; Portasuero"}]},{"@type":"WebSite","@id":"https:\/\/metahospitalar.com.br\/es\/#website","url":"https:\/\/metahospitalar.com.br\/es\/","name":"Metahospitalar","description":"M\u00f3veis hospitalares","publisher":{"@id":"https:\/\/metahospitalar.com.br\/es\/#organization"},"potentialAction":[{"@type":"SearchAction","target":{"@type":"EntryPoint","urlTemplate":"https:\/\/metahospitalar.com.br\/es\/?s={search_term_string}"},"query-input":{"@type":"PropertyValueSpecification","valueRequired":true,"valueName":"search_term_string"}}],"inLanguage":"es"},{"@type":"Organization","@id":"https:\/\/metahospitalar.com.br\/es\/#organization","name":"metahospitalar","alternateName":"Meta m\u00f3veis","url":"https:\/\/metahospitalar.com.br\/es\/","logo":{"@type":"ImageObject","inLanguage":"es","@id":"https:\/\/metahospitalar.com.br\/es\/#\/schema\/logo\/image\/","url":"https:\/\/metahospitalar.com.br\/wp-content\/uploads\/2022\/06\/META-HOSPITALAR-curva-icone-copiar.webp","contentUrl":"https:\/\/metahospitalar.com.br\/wp-content\/uploads\/2022\/06\/META-HOSPITALAR-curva-icone-copiar.webp","width":512,"height":512,"caption":"metahospitalar"},"image":{"@id":"https:\/\/metahospitalar.com.br\/es\/#\/schema\/logo\/image\/"},"sameAs":["https:\/\/www.facebook.com\/metahospitalar","https:\/\/x.com\/Metahospitalar","https:\/\/www.instagram.com\/metahospitalar\/","https:\/\/www.linkedin.com\/company\/metahospitalar\/"]}]}},"_links":{"self":[{"href":"https:\/\/metahospitalar.com.br\/es\/wp-json\/wp\/v2\/product\/32236","targetHints":{"allow":["GET"]}}],"collection":[{"href":"https:\/\/metahospitalar.com.br\/es\/wp-json\/wp\/v2\/product"}],"about":[{"href":"https:\/\/metahospitalar.com.br\/es\/wp-json\/wp\/v2\/types\/product"}],"version-history":[{"count":1,"href":"https:\/\/metahospitalar.com.br\/es\/wp-json\/wp\/v2\/product\/32236\/revisions"}],"predecessor-version":[{"id":32238,"href":"https:\/\/metahospitalar.com.br\/es\/wp-json\/wp\/v2\/product\/32236\/revisions\/32238"}],"wp:featuredmedia":[{"embeddable":true,"href":"https:\/\/metahospitalar.com.br\/es\/wp-json\/wp\/v2\/media\/23580"}],"wp:attachment":[{"href":"https:\/\/metahospitalar.com.br\/es\/wp-json\/wp\/v2\/media?parent=32236"}],"wp:term":[{"taxonomy":"product_brand","embeddable":true,"href":"https:\/\/metahospitalar.com.br\/es\/wp-json\/wp\/v2\/product_brand?post=32236"},{"taxonomy":"product_cat","embeddable":true,"href":"https:\/\/metahospitalar.com.br\/es\/wp-json\/wp\/v2\/product_cat?post=32236"},{"taxonomy":"product_tag","embeddable":true,"href":"https:\/\/metahospitalar.com.br\/es\/wp-json\/wp\/v2\/product_tag?post=32236"}],"curies":[{"name":"wp","href":"https:\/\/api.w.org\/{rel}","templated":true}]}}