{"id":32482,"date":"2025-06-25T07:41:12","date_gmt":"2025-06-25T10:41:12","guid":{"rendered":"https:\/\/metahospitalar.com.br\/produto\/nd-1142-vida-care\/"},"modified":"2025-06-25T07:41:12","modified_gmt":"2025-06-25T10:41:12","slug":"nd-1142-vida-care","status":"publish","type":"product","link":"https:\/\/metahospitalar.com.br\/es\/productos\/nd-1142-vida-care\/","title":{"rendered":"ND 1142 &#8211; Vida Care"},"content":{"rendered":"<p>La cama hospitalaria manual Vida Care combina est\u00e9tica y practicidad en la rutina diaria del hospital.<br \/>\nLa pintura electrost\u00e1tica aplicada sobre la estructura tubular de acero garantiza mayor durabilidad, evitando as\u00ed la corrosi\u00f3n.<\/p>\n<p><em>Normas Aplic\u00e1veis Applicable Standard<\/em><br \/>\nIEC 60601-1:2005\/ Amd1:2012 \/ Amd 2:2020; ABNT NBR IEC 60601-1-6:2020; ABNT NBR IEC 60601-1-9:2014; ABNT NBR IEC 60601-2-52:2020<\/p>\n<hr>\n<h4>DESCRIPCI\u00d3N GENERAL<\/h4>\n<p>\u2022 Barandas de protecci\u00f3n total.<br \/>\n\u2022 Carenado Parcial.<br \/>\n\u2022 Piesera y cabecera removibles.<br \/>\n\u2022 Freno diagonal.<br \/>\n\u2022 Rueda de 4&#8243; .<br \/>\n\u2022 Estructura met\u00e1lica con pintura electrost\u00e1tica.<br \/>\n\u2022 Indicadores de \u00e1ngulo de respaldo.<br \/>\n\u2022 Indicadores de \u00e1ngulo para Trendelenburg y Proclive.<br \/>\n\u2022 Movimientos a trav\u00e9s de un sistema mec\u00e1nico f\u00e1cil de usar.<br \/>\n\u2022 4 manivelas para movimientos: dorso, piernas, elevaci\u00f3n, proclive y Trendelenburg.<\/p>\n<p><!--more--><\/p>\n<blockquote><p><strong>Conhe\u00e7a:<\/strong><\/p>\n<p><a href=\"https:\/\/metahospitalar.com.br\/2024\/10\/22\/pintura-eletrostatica-o-segredo-da-durabilidade\/\">PINTURA ELETROST\u00c1TICA: O Segredo da Durabilidade<\/a><\/p>\n<p><a href=\"https:\/\/metahospitalar.com.br\/2024\/06\/28\/higienizacao-hospitalar-guia-de-limpeza-de-camas-hospitalares\/\">Higieniza\u00e7\u00e3o Hospitalar: Guia de Limpeza de Camas Hospitalares<\/a><\/p>\n<p><a href=\"https:\/\/youtu.be\/un7jQ8jcDko?si=dvoipvUpkO3s3q3v\">Cama Hospitalar Motorizada &#8211; Metahospitalar &#8211; Evolution Care MT- 160<\/a><\/p>\n<p>&nbsp;<\/p><\/blockquote>\n","protected":false},"excerpt":{"rendered":"<p>Articulada Manual<\/p>\n<p>Las cuatro manivelas est\u00e1n fabricadas en acero inoxidable con manija giratoria en termopl\u00e1stico.<br \/>\nEl lecho est\u00e1 articulado en cuatro secciones, lo que proporciona mayor confort al paciente, aliviando la presi\u00f3n en las zonas del cuerpo con mayor riesgo; cuenta con bandejas de acero que facilitan la higienizaci\u00f3n de la cama.<br \/>\nLas 04 barandas en polietileno de alta densidad, con sistema retr\u00e1ctil, facilitan la transferencia del paciente de la camilla a la cama.<\/p>\n<p>Colch\u00f3n recomendado: <a href=\"https:\/\/metahospitalar.com.br\/produto\/colchao-hospitalar\/\">Clic aqu\u00ed<\/a><\/p>\n<p><strong>Imagen meramente ilustrativa.<\/strong><\/p>\n<p>Producto Registrado:<\/p>\n<p><img decoding=\"async\" class=\"alignnone wp-image-24700\" src=\"https:\/\/metahospitalar.com.br\/wp-content\/uploads\/2023\/04\/fda-277x300.webp\" alt=\"\" width=\"71\" height=\"77\" srcset=\"https:\/\/metahospitalar.com.br\/wp-content\/uploads\/2023\/04\/fda-277x300.webp 277w, https:\/\/metahospitalar.com.br\/wp-content\/uploads\/2023\/04\/fda-300x325.webp 300w, https:\/\/metahospitalar.com.br\/wp-content\/uploads\/2023\/04\/fda-600x649.webp 600w, https:\/\/metahospitalar.com.br\/wp-content\/uploads\/2023\/04\/fda.webp 720w\" sizes=\"(max-width: 71px) 100vw, 71px\" \/>  <img decoding=\"async\" class=\"alignnone wp-image-24786\" src=\"https:\/\/metahospitalar.com.br\/wp-content\/uploads\/2023\/04\/certificadora-site-300x111.webp\" alt=\"\" width=\"165\" height=\"61\" srcset=\"https:\/\/metahospitalar.com.br\/wp-content\/uploads\/2023\/04\/certificadora-site-300x111.webp 300w, https:\/\/metahospitalar.com.br\/wp-content\/uploads\/2023\/04\/certificadora-site-768x284.webp 768w, https:\/\/metahospitalar.com.br\/wp-content\/uploads\/2023\/04\/certificadora-site-600x222.webp 600w, https:\/\/metahospitalar.com.br\/wp-content\/uploads\/2023\/04\/certificadora-site.webp 845w\" sizes=\"(max-width: 165px) 100vw, 165px\" \/><\/p>\n<p>Registro: 80581990008<\/p>\n<p><a href=\"https:\/\/consultas.anvisa.gov.br\/#\/saude\/q\/?cnpj=01866388000170\" target=\"_blank\" rel=\"noopener\">Consulte Anvisa<\/a><\/p>\n","protected":false},"featured_media":28091,"template":"","meta":{"googlesitekit_rrm_CAow0fHbCw:productID":"","content-type":""},"product_brand":[],"product_cat":[481,787,487,778],"product_tag":[],"class_list":{"0":"post-32482","1":"product","2":"type-product","3":"status-publish","4":"has-post-thumbnail","6":"product_cat-cama-hospitalaria","7":"product_cat-cama-nicovida","8":"product_cat-cuidado-a-largo-plazo","9":"product_cat-nicovida-es","11":"first","12":"instock","13":"featured","14":"shipping-taxable","15":"purchasable","16":"product-type-simple"},"yoast_head":"<!-- This site is optimized with the Yoast SEO plugin v27.2 - https:\/\/yoast.com\/product\/yoast-seo-wordpress\/ -->\n<title>ND 1142 - Vida Care - Metahospitalar<\/title>\n<meta name=\"description\" content=\"La cama hospitalaria manual VidaCare combina est\u00e9tica y practicidad en la rutina diaria del hospital. El lecho est\u00e1 articulado en cuatro secciones.\" \/>\n<meta name=\"robots\" content=\"index, follow, max-snippet:-1, max-image-preview:large, max-video-preview:-1\" \/>\n<link rel=\"canonical\" href=\"https:\/\/metahospitalar.com.br\/es\/productos\/nd-1142-vida-care\/\" \/>\n<meta property=\"og:locale\" content=\"es_ES\" \/>\n<meta property=\"og:type\" content=\"article\" \/>\n<meta property=\"og:title\" content=\"ND 1142 - Vida Care - Metahospitalar\" \/>\n<meta property=\"og:description\" content=\"La cama hospitalaria manual VidaCare combina est\u00e9tica y practicidad en la rutina diaria del hospital. El lecho est\u00e1 articulado en cuatro secciones.\" \/>\n<meta property=\"og:url\" content=\"https:\/\/metahospitalar.com.br\/es\/productos\/nd-1142-vida-care\/\" \/>\n<meta property=\"og:site_name\" content=\"Metahospitalar\" \/>\n<meta property=\"article:publisher\" content=\"https:\/\/www.facebook.com\/metahospitalar\" \/>\n<meta property=\"og:image\" content=\"https:\/\/metahospitalar.com.br\/wp-content\/uploads\/2022\/07\/ND-1142-cama-hospitalar-.webp\" \/>\n\t<meta property=\"og:image:width\" content=\"2400\" \/>\n\t<meta property=\"og:image:height\" content=\"2400\" \/>\n\t<meta property=\"og:image:type\" content=\"image\/webp\" \/>\n<meta name=\"twitter:card\" content=\"summary_large_image\" \/>\n<meta name=\"twitter:site\" content=\"@Metahospitalar\" \/>\n<meta name=\"twitter:label1\" content=\"Tiempo de lectura\" \/>\n\t<meta name=\"twitter:data1\" content=\"1 minuto\" \/>\n<script type=\"application\/ld+json\" class=\"yoast-schema-graph\">{\"@context\":\"https:\/\/schema.org\",\"@graph\":[{\"@type\":\"WebPage\",\"@id\":\"https:\/\/metahospitalar.com.br\/es\/productos\/nd-1142-vida-care\/\",\"url\":\"https:\/\/metahospitalar.com.br\/es\/productos\/nd-1142-vida-care\/\",\"name\":\"ND 1142 - Vida Care - Metahospitalar\",\"isPartOf\":{\"@id\":\"https:\/\/metahospitalar.com.br\/es\/#website\"},\"primaryImageOfPage\":{\"@id\":\"https:\/\/metahospitalar.com.br\/es\/productos\/nd-1142-vida-care\/#primaryimage\"},\"image\":{\"@id\":\"https:\/\/metahospitalar.com.br\/es\/productos\/nd-1142-vida-care\/#primaryimage\"},\"thumbnailUrl\":\"https:\/\/metahospitalar.com.br\/wp-content\/uploads\/2022\/07\/ND-1142-cama-hospitalar-.webp\",\"datePublished\":\"2025-06-25T10:41:12+00:00\",\"description\":\"La cama hospitalaria manual VidaCare combina est\u00e9tica y practicidad en la rutina diaria del hospital. El lecho est\u00e1 articulado en cuatro secciones.\",\"breadcrumb\":{\"@id\":\"https:\/\/metahospitalar.com.br\/es\/productos\/nd-1142-vida-care\/#breadcrumb\"},\"inLanguage\":\"es\",\"potentialAction\":[{\"@type\":\"ReadAction\",\"target\":[\"https:\/\/metahospitalar.com.br\/es\/productos\/nd-1142-vida-care\/\"]}]},{\"@type\":\"ImageObject\",\"inLanguage\":\"es\",\"@id\":\"https:\/\/metahospitalar.com.br\/es\/productos\/nd-1142-vida-care\/#primaryimage\",\"url\":\"https:\/\/metahospitalar.com.br\/wp-content\/uploads\/2022\/07\/ND-1142-cama-hospitalar-.webp\",\"contentUrl\":\"https:\/\/metahospitalar.com.br\/wp-content\/uploads\/2022\/07\/ND-1142-cama-hospitalar-.webp\",\"width\":2400,\"height\":2400,\"caption\":\"Cama hospitalar manual\"},{\"@type\":\"BreadcrumbList\",\"@id\":\"https:\/\/metahospitalar.com.br\/es\/productos\/nd-1142-vida-care\/#breadcrumb\",\"itemListElement\":[{\"@type\":\"ListItem\",\"position\":1,\"name\":\"In\u00edcio\",\"item\":\"https:\/\/metahospitalar.com.br\/es\/\"},{\"@type\":\"ListItem\",\"position\":2,\"name\":\"Productos Metahospitalar\",\"item\":\"https:\/\/metahospitalar.com.br\/es\/productos-metahospitalarios\/\"},{\"@type\":\"ListItem\",\"position\":3,\"name\":\"ND 1142 &#8211; Vida Care\"}]},{\"@type\":\"WebSite\",\"@id\":\"https:\/\/metahospitalar.com.br\/es\/#website\",\"url\":\"https:\/\/metahospitalar.com.br\/es\/\",\"name\":\"Metahospitalar\",\"description\":\"M\u00f3veis hospitalares\",\"publisher\":{\"@id\":\"https:\/\/metahospitalar.com.br\/es\/#organization\"},\"potentialAction\":[{\"@type\":\"SearchAction\",\"target\":{\"@type\":\"EntryPoint\",\"urlTemplate\":\"https:\/\/metahospitalar.com.br\/es\/?s={search_term_string}\"},\"query-input\":{\"@type\":\"PropertyValueSpecification\",\"valueRequired\":true,\"valueName\":\"search_term_string\"}}],\"inLanguage\":\"es\"},{\"@type\":\"Organization\",\"@id\":\"https:\/\/metahospitalar.com.br\/es\/#organization\",\"name\":\"metahospitalar\",\"alternateName\":\"Meta m\u00f3veis\",\"url\":\"https:\/\/metahospitalar.com.br\/es\/\",\"logo\":{\"@type\":\"ImageObject\",\"inLanguage\":\"es\",\"@id\":\"https:\/\/metahospitalar.com.br\/es\/#\/schema\/logo\/image\/\",\"url\":\"https:\/\/metahospitalar.com.br\/wp-content\/uploads\/2022\/06\/META-HOSPITALAR-curva-icone-copiar.webp\",\"contentUrl\":\"https:\/\/metahospitalar.com.br\/wp-content\/uploads\/2022\/06\/META-HOSPITALAR-curva-icone-copiar.webp\",\"width\":512,\"height\":512,\"caption\":\"metahospitalar\"},\"image\":{\"@id\":\"https:\/\/metahospitalar.com.br\/es\/#\/schema\/logo\/image\/\"},\"sameAs\":[\"https:\/\/www.facebook.com\/metahospitalar\",\"https:\/\/x.com\/Metahospitalar\",\"https:\/\/www.instagram.com\/metahospitalar\/\",\"https:\/\/www.linkedin.com\/company\/metahospitalar\/\"]}]}<\/script>\n<!-- \/ Yoast SEO plugin. -->","yoast_head_json":{"title":"ND 1142 - Vida Care - Metahospitalar","description":"La cama hospitalaria manual VidaCare combina est\u00e9tica y practicidad en la rutina diaria del hospital. El lecho est\u00e1 articulado en cuatro secciones.","robots":{"index":"index","follow":"follow","max-snippet":"max-snippet:-1","max-image-preview":"max-image-preview:large","max-video-preview":"max-video-preview:-1"},"canonical":"https:\/\/metahospitalar.com.br\/es\/productos\/nd-1142-vida-care\/","og_locale":"es_ES","og_type":"article","og_title":"ND 1142 - Vida Care - Metahospitalar","og_description":"La cama hospitalaria manual VidaCare combina est\u00e9tica y practicidad en la rutina diaria del hospital. El lecho est\u00e1 articulado en cuatro secciones.","og_url":"https:\/\/metahospitalar.com.br\/es\/productos\/nd-1142-vida-care\/","og_site_name":"Metahospitalar","article_publisher":"https:\/\/www.facebook.com\/metahospitalar","og_image":[{"width":2400,"height":2400,"url":"https:\/\/metahospitalar.com.br\/wp-content\/uploads\/2022\/07\/ND-1142-cama-hospitalar-.webp","type":"image\/webp"}],"twitter_card":"summary_large_image","twitter_site":"@Metahospitalar","twitter_misc":{"Tiempo de lectura":"1 minuto"},"schema":{"@context":"https:\/\/schema.org","@graph":[{"@type":"WebPage","@id":"https:\/\/metahospitalar.com.br\/es\/productos\/nd-1142-vida-care\/","url":"https:\/\/metahospitalar.com.br\/es\/productos\/nd-1142-vida-care\/","name":"ND 1142 - Vida Care - Metahospitalar","isPartOf":{"@id":"https:\/\/metahospitalar.com.br\/es\/#website"},"primaryImageOfPage":{"@id":"https:\/\/metahospitalar.com.br\/es\/productos\/nd-1142-vida-care\/#primaryimage"},"image":{"@id":"https:\/\/metahospitalar.com.br\/es\/productos\/nd-1142-vida-care\/#primaryimage"},"thumbnailUrl":"https:\/\/metahospitalar.com.br\/wp-content\/uploads\/2022\/07\/ND-1142-cama-hospitalar-.webp","datePublished":"2025-06-25T10:41:12+00:00","description":"La cama hospitalaria manual VidaCare combina est\u00e9tica y practicidad en la rutina diaria del hospital. El lecho est\u00e1 articulado en cuatro secciones.","breadcrumb":{"@id":"https:\/\/metahospitalar.com.br\/es\/productos\/nd-1142-vida-care\/#breadcrumb"},"inLanguage":"es","potentialAction":[{"@type":"ReadAction","target":["https:\/\/metahospitalar.com.br\/es\/productos\/nd-1142-vida-care\/"]}]},{"@type":"ImageObject","inLanguage":"es","@id":"https:\/\/metahospitalar.com.br\/es\/productos\/nd-1142-vida-care\/#primaryimage","url":"https:\/\/metahospitalar.com.br\/wp-content\/uploads\/2022\/07\/ND-1142-cama-hospitalar-.webp","contentUrl":"https:\/\/metahospitalar.com.br\/wp-content\/uploads\/2022\/07\/ND-1142-cama-hospitalar-.webp","width":2400,"height":2400,"caption":"Cama hospitalar manual"},{"@type":"BreadcrumbList","@id":"https:\/\/metahospitalar.com.br\/es\/productos\/nd-1142-vida-care\/#breadcrumb","itemListElement":[{"@type":"ListItem","position":1,"name":"In\u00edcio","item":"https:\/\/metahospitalar.com.br\/es\/"},{"@type":"ListItem","position":2,"name":"Productos Metahospitalar","item":"https:\/\/metahospitalar.com.br\/es\/productos-metahospitalarios\/"},{"@type":"ListItem","position":3,"name":"ND 1142 &#8211; Vida Care"}]},{"@type":"WebSite","@id":"https:\/\/metahospitalar.com.br\/es\/#website","url":"https:\/\/metahospitalar.com.br\/es\/","name":"Metahospitalar","description":"M\u00f3veis hospitalares","publisher":{"@id":"https:\/\/metahospitalar.com.br\/es\/#organization"},"potentialAction":[{"@type":"SearchAction","target":{"@type":"EntryPoint","urlTemplate":"https:\/\/metahospitalar.com.br\/es\/?s={search_term_string}"},"query-input":{"@type":"PropertyValueSpecification","valueRequired":true,"valueName":"search_term_string"}}],"inLanguage":"es"},{"@type":"Organization","@id":"https:\/\/metahospitalar.com.br\/es\/#organization","name":"metahospitalar","alternateName":"Meta m\u00f3veis","url":"https:\/\/metahospitalar.com.br\/es\/","logo":{"@type":"ImageObject","inLanguage":"es","@id":"https:\/\/metahospitalar.com.br\/es\/#\/schema\/logo\/image\/","url":"https:\/\/metahospitalar.com.br\/wp-content\/uploads\/2022\/06\/META-HOSPITALAR-curva-icone-copiar.webp","contentUrl":"https:\/\/metahospitalar.com.br\/wp-content\/uploads\/2022\/06\/META-HOSPITALAR-curva-icone-copiar.webp","width":512,"height":512,"caption":"metahospitalar"},"image":{"@id":"https:\/\/metahospitalar.com.br\/es\/#\/schema\/logo\/image\/"},"sameAs":["https:\/\/www.facebook.com\/metahospitalar","https:\/\/x.com\/Metahospitalar","https:\/\/www.instagram.com\/metahospitalar\/","https:\/\/www.linkedin.com\/company\/metahospitalar\/"]}]}},"_links":{"self":[{"href":"https:\/\/metahospitalar.com.br\/es\/wp-json\/wp\/v2\/product\/32482","targetHints":{"allow":["GET"]}}],"collection":[{"href":"https:\/\/metahospitalar.com.br\/es\/wp-json\/wp\/v2\/product"}],"about":[{"href":"https:\/\/metahospitalar.com.br\/es\/wp-json\/wp\/v2\/types\/product"}],"version-history":[{"count":0,"href":"https:\/\/metahospitalar.com.br\/es\/wp-json\/wp\/v2\/product\/32482\/revisions"}],"wp:featuredmedia":[{"embeddable":true,"href":"https:\/\/metahospitalar.com.br\/es\/wp-json\/wp\/v2\/media\/28091"}],"wp:attachment":[{"href":"https:\/\/metahospitalar.com.br\/es\/wp-json\/wp\/v2\/media?parent=32482"}],"wp:term":[{"taxonomy":"product_brand","embeddable":true,"href":"https:\/\/metahospitalar.com.br\/es\/wp-json\/wp\/v2\/product_brand?post=32482"},{"taxonomy":"product_cat","embeddable":true,"href":"https:\/\/metahospitalar.com.br\/es\/wp-json\/wp\/v2\/product_cat?post=32482"},{"taxonomy":"product_tag","embeddable":true,"href":"https:\/\/metahospitalar.com.br\/es\/wp-json\/wp\/v2\/product_tag?post=32482"}],"curies":[{"name":"wp","href":"https:\/\/api.w.org\/{rel}","templated":true}]}}