{"id":32494,"date":"2026-01-29T09:33:11","date_gmt":"2026-01-29T12:33:11","guid":{"rendered":"https:\/\/metahospitalar.com.br\/?post_type=product&#038;p=32494"},"modified":"2026-01-29T09:57:19","modified_gmt":"2026-01-29T12:57:19","slug":"camilla-carro-concepto-con-elevacion","status":"publish","type":"product","link":"https:\/\/metahospitalar.com.br\/es\/productos\/camilla-carro-concepto-con-elevacion\/","title":{"rendered":"ND 1402 &#8211; Camilla carro concepto con elevaci\u00f3n"},"content":{"rendered":"<p>Carro camilla hospitalario dise\u00f1ado para el transporte de pacientes, con regulaci\u00f3n de altura mediante una manivela para la elevaci\u00f3n de la cama. Cuenta con un par de barandillas laterales abatibles y soporte para suero. El carro camilla con elevaci\u00f3n de la cama es ideal para hospitales, maternidades y cl\u00ednicas m\u00e9dicas en general. Incluye soporte para ox\u00edgeno.<\/p>\n<p>*Oxig\u00eanio no incluido.<\/p>\n<p><a href=\"http:\/\/metahospitalar.com.br\/wp-content\/uploads\/2022\/09\/caracteristicas-tecnicas-maca-1402.pdf\">Descargar especificaciones t\u00e9cnicas<\/a><\/p>\n<hr \/>\n<h4>DESCRIPCI\u00d3N GENERAL<\/h4>\n<p>\u2022 Barandas en acero inoxidable.<br \/>\n\u2022 Soporte para oxigeno.<br \/>\n\u2022 Soporte para Suero.<br \/>\n\u2022 Manillar.<br \/>\n\u2022 Parachoques de Protecci\u00f3n Total.<br \/>\n\u2022 Respado con con sistema de ajuste por cremallera.<br \/>\n\u2022 Movimiento a trav\u00e9s de un sistema mec\u00e1nico f\u00e1cil de usar.<br \/>\n\u2022 Rudas de 6&#8243; con freno individual.<\/p>\n<p>&nbsp;<\/p>\n","protected":false},"excerpt":{"rendered":"<p>Carro camilla resistente y vers\u00e1til con elevaci\u00f3n de la cama y elevaci\u00f3n del respaldo. La camilla ya cuenta con soporte para cilindro de ox\u00edgeno y soporte para suero, proporcionando mayor funcionalidad durante el traslado del paciente.<\/p>\n<p>Sus barandas de acero inoxidable brindan protecci\u00f3n y durabilidad al producto, adem\u00e1s de su manillar, que proporciona al profesional mayor maniobrabilidad y comodidad al conducir este producto.<\/p>\n<p>El diferencial de los carros camilla de Nicovida es su protecci\u00f3n contra impactos en todo su per\u00edmetro de color caracter\u00edstico, que adem\u00e1s de indicar objeto en movimiento, protege contra golpes que podr\u00edan causar da\u00f1os mayores.<\/p>\n<p><strong>Carga de Trabajo <\/strong><\/p>\n<p>(Indica la suma de los pesos del paciente, colch\u00f3n y accesorios): 230 kg.<\/p>\n<p>Registro: 80581990007<\/p>\n<p><a href=\"https:\/\/consultas.anvisa.gov.br\/#\/saude\/q\/?cnpj=01866388000170\" target=\"_blank\" rel=\"noopener\">Consulte Anvisa<\/a><\/p>\n","protected":false},"featured_media":22302,"template":"","meta":{"googlesitekit_rrm_CAow0fHbCw:productID":"","content-type":""},"product_brand":[],"product_cat":[490,778,505],"product_tag":[],"class_list":{"0":"post-32494","1":"product","2":"type-product","3":"status-publish","4":"has-post-thumbnail","6":"product_cat-camillas-y-transporte","7":"product_cat-nicovida-es","8":"product_cat-productos","10":"first","11":"instock","12":"shipping-taxable","13":"product-type-simple"},"yoast_head":"<!-- This site is optimized with the Yoast SEO plugin v27.2 - https:\/\/yoast.com\/product\/yoast-seo-wordpress\/ -->\n<title>ND 1402 - Camilla carro concepto con elevaci\u00f3n - Metahospitalar<\/title>\n<meta name=\"description\" content=\"Carro Camilla Hospitalaria para transporte de pacientes con regulaci\u00f3n de altura mediante una manivela para elevaci\u00f3n del lecho.\" \/>\n<meta name=\"robots\" content=\"index, follow, max-snippet:-1, max-image-preview:large, max-video-preview:-1\" \/>\n<link rel=\"canonical\" href=\"https:\/\/metahospitalar.com.br\/es\/productos\/camilla-carro-concepto-con-elevacion\/\" \/>\n<meta property=\"og:locale\" content=\"es_ES\" \/>\n<meta property=\"og:type\" content=\"article\" \/>\n<meta property=\"og:title\" content=\"ND 1402 - Camilla carro concepto con elevaci\u00f3n - Metahospitalar\" \/>\n<meta property=\"og:description\" content=\"Carro Camilla Hospitalaria para transporte de pacientes con regulaci\u00f3n de altura mediante una manivela para elevaci\u00f3n del lecho.\" \/>\n<meta property=\"og:url\" content=\"https:\/\/metahospitalar.com.br\/es\/productos\/camilla-carro-concepto-con-elevacion\/\" \/>\n<meta property=\"og:site_name\" content=\"Metahospitalar\" \/>\n<meta property=\"article:publisher\" content=\"https:\/\/www.facebook.com\/metahospitalar\" \/>\n<meta property=\"article:modified_time\" content=\"2026-01-29T12:57:19+00:00\" \/>\n<meta property=\"og:image\" content=\"https:\/\/metahospitalar.com.br\/wp-content\/uploads\/2022\/07\/ND-1402.webp\" \/>\n\t<meta property=\"og:image:width\" content=\"1200\" \/>\n\t<meta property=\"og:image:height\" content=\"1200\" \/>\n\t<meta property=\"og:image:type\" content=\"image\/webp\" \/>\n<meta name=\"twitter:card\" content=\"summary_large_image\" \/>\n<meta name=\"twitter:site\" content=\"@Metahospitalar\" \/>\n<meta name=\"twitter:label1\" content=\"Tiempo de lectura\" \/>\n\t<meta name=\"twitter:data1\" content=\"1 minuto\" \/>\n<script type=\"application\/ld+json\" class=\"yoast-schema-graph\">{\"@context\":\"https:\/\/schema.org\",\"@graph\":[{\"@type\":\"WebPage\",\"@id\":\"https:\/\/metahospitalar.com.br\/es\/productos\/camilla-carro-concepto-con-elevacion\/\",\"url\":\"https:\/\/metahospitalar.com.br\/es\/productos\/camilla-carro-concepto-con-elevacion\/\",\"name\":\"ND 1402 - Camilla carro concepto con elevaci\u00f3n - Metahospitalar\",\"isPartOf\":{\"@id\":\"https:\/\/metahospitalar.com.br\/es\/#website\"},\"primaryImageOfPage\":{\"@id\":\"https:\/\/metahospitalar.com.br\/es\/productos\/camilla-carro-concepto-con-elevacion\/#primaryimage\"},\"image\":{\"@id\":\"https:\/\/metahospitalar.com.br\/es\/productos\/camilla-carro-concepto-con-elevacion\/#primaryimage\"},\"thumbnailUrl\":\"https:\/\/metahospitalar.com.br\/wp-content\/uploads\/2022\/07\/ND-1402.webp\",\"datePublished\":\"2026-01-29T12:33:11+00:00\",\"dateModified\":\"2026-01-29T12:57:19+00:00\",\"description\":\"Carro Camilla Hospitalaria para transporte de pacientes con regulaci\u00f3n de altura mediante una manivela para elevaci\u00f3n del lecho.\",\"breadcrumb\":{\"@id\":\"https:\/\/metahospitalar.com.br\/es\/productos\/camilla-carro-concepto-con-elevacion\/#breadcrumb\"},\"inLanguage\":\"es\",\"potentialAction\":[{\"@type\":\"ReadAction\",\"target\":[\"https:\/\/metahospitalar.com.br\/es\/productos\/camilla-carro-concepto-con-elevacion\/\"]}]},{\"@type\":\"ImageObject\",\"inLanguage\":\"es\",\"@id\":\"https:\/\/metahospitalar.com.br\/es\/productos\/camilla-carro-concepto-con-elevacion\/#primaryimage\",\"url\":\"https:\/\/metahospitalar.com.br\/wp-content\/uploads\/2022\/07\/ND-1402.webp\",\"contentUrl\":\"https:\/\/metahospitalar.com.br\/wp-content\/uploads\/2022\/07\/ND-1402.webp\",\"width\":1200,\"height\":1200},{\"@type\":\"BreadcrumbList\",\"@id\":\"https:\/\/metahospitalar.com.br\/es\/productos\/camilla-carro-concepto-con-elevacion\/#breadcrumb\",\"itemListElement\":[{\"@type\":\"ListItem\",\"position\":1,\"name\":\"In\u00edcio\",\"item\":\"https:\/\/metahospitalar.com.br\/es\/\"},{\"@type\":\"ListItem\",\"position\":2,\"name\":\"Productos Metahospitalar\",\"item\":\"https:\/\/metahospitalar.com.br\/es\/productos-metahospitalarios\/\"},{\"@type\":\"ListItem\",\"position\":3,\"name\":\"ND 1402 &#8211; Camilla carro concepto con elevaci\u00f3n\"}]},{\"@type\":\"WebSite\",\"@id\":\"https:\/\/metahospitalar.com.br\/es\/#website\",\"url\":\"https:\/\/metahospitalar.com.br\/es\/\",\"name\":\"Metahospitalar\",\"description\":\"M\u00f3veis hospitalares\",\"publisher\":{\"@id\":\"https:\/\/metahospitalar.com.br\/es\/#organization\"},\"potentialAction\":[{\"@type\":\"SearchAction\",\"target\":{\"@type\":\"EntryPoint\",\"urlTemplate\":\"https:\/\/metahospitalar.com.br\/es\/?s={search_term_string}\"},\"query-input\":{\"@type\":\"PropertyValueSpecification\",\"valueRequired\":true,\"valueName\":\"search_term_string\"}}],\"inLanguage\":\"es\"},{\"@type\":\"Organization\",\"@id\":\"https:\/\/metahospitalar.com.br\/es\/#organization\",\"name\":\"metahospitalar\",\"alternateName\":\"Meta m\u00f3veis\",\"url\":\"https:\/\/metahospitalar.com.br\/es\/\",\"logo\":{\"@type\":\"ImageObject\",\"inLanguage\":\"es\",\"@id\":\"https:\/\/metahospitalar.com.br\/es\/#\/schema\/logo\/image\/\",\"url\":\"https:\/\/metahospitalar.com.br\/wp-content\/uploads\/2022\/06\/META-HOSPITALAR-curva-icone-copiar.webp\",\"contentUrl\":\"https:\/\/metahospitalar.com.br\/wp-content\/uploads\/2022\/06\/META-HOSPITALAR-curva-icone-copiar.webp\",\"width\":512,\"height\":512,\"caption\":\"metahospitalar\"},\"image\":{\"@id\":\"https:\/\/metahospitalar.com.br\/es\/#\/schema\/logo\/image\/\"},\"sameAs\":[\"https:\/\/www.facebook.com\/metahospitalar\",\"https:\/\/x.com\/Metahospitalar\",\"https:\/\/www.instagram.com\/metahospitalar\/\",\"https:\/\/www.linkedin.com\/company\/metahospitalar\/\"]}]}<\/script>\n<!-- \/ Yoast SEO plugin. -->","yoast_head_json":{"title":"ND 1402 - Camilla carro concepto con elevaci\u00f3n - Metahospitalar","description":"Carro Camilla Hospitalaria para transporte de pacientes con regulaci\u00f3n de altura mediante una manivela para elevaci\u00f3n del lecho.","robots":{"index":"index","follow":"follow","max-snippet":"max-snippet:-1","max-image-preview":"max-image-preview:large","max-video-preview":"max-video-preview:-1"},"canonical":"https:\/\/metahospitalar.com.br\/es\/productos\/camilla-carro-concepto-con-elevacion\/","og_locale":"es_ES","og_type":"article","og_title":"ND 1402 - Camilla carro concepto con elevaci\u00f3n - Metahospitalar","og_description":"Carro Camilla Hospitalaria para transporte de pacientes con regulaci\u00f3n de altura mediante una manivela para elevaci\u00f3n del lecho.","og_url":"https:\/\/metahospitalar.com.br\/es\/productos\/camilla-carro-concepto-con-elevacion\/","og_site_name":"Metahospitalar","article_publisher":"https:\/\/www.facebook.com\/metahospitalar","article_modified_time":"2026-01-29T12:57:19+00:00","og_image":[{"width":1200,"height":1200,"url":"https:\/\/metahospitalar.com.br\/wp-content\/uploads\/2022\/07\/ND-1402.webp","type":"image\/webp"}],"twitter_card":"summary_large_image","twitter_site":"@Metahospitalar","twitter_misc":{"Tiempo de lectura":"1 minuto"},"schema":{"@context":"https:\/\/schema.org","@graph":[{"@type":"WebPage","@id":"https:\/\/metahospitalar.com.br\/es\/productos\/camilla-carro-concepto-con-elevacion\/","url":"https:\/\/metahospitalar.com.br\/es\/productos\/camilla-carro-concepto-con-elevacion\/","name":"ND 1402 - Camilla carro concepto con elevaci\u00f3n - Metahospitalar","isPartOf":{"@id":"https:\/\/metahospitalar.com.br\/es\/#website"},"primaryImageOfPage":{"@id":"https:\/\/metahospitalar.com.br\/es\/productos\/camilla-carro-concepto-con-elevacion\/#primaryimage"},"image":{"@id":"https:\/\/metahospitalar.com.br\/es\/productos\/camilla-carro-concepto-con-elevacion\/#primaryimage"},"thumbnailUrl":"https:\/\/metahospitalar.com.br\/wp-content\/uploads\/2022\/07\/ND-1402.webp","datePublished":"2026-01-29T12:33:11+00:00","dateModified":"2026-01-29T12:57:19+00:00","description":"Carro Camilla Hospitalaria para transporte de pacientes con regulaci\u00f3n de altura mediante una manivela para elevaci\u00f3n del lecho.","breadcrumb":{"@id":"https:\/\/metahospitalar.com.br\/es\/productos\/camilla-carro-concepto-con-elevacion\/#breadcrumb"},"inLanguage":"es","potentialAction":[{"@type":"ReadAction","target":["https:\/\/metahospitalar.com.br\/es\/productos\/camilla-carro-concepto-con-elevacion\/"]}]},{"@type":"ImageObject","inLanguage":"es","@id":"https:\/\/metahospitalar.com.br\/es\/productos\/camilla-carro-concepto-con-elevacion\/#primaryimage","url":"https:\/\/metahospitalar.com.br\/wp-content\/uploads\/2022\/07\/ND-1402.webp","contentUrl":"https:\/\/metahospitalar.com.br\/wp-content\/uploads\/2022\/07\/ND-1402.webp","width":1200,"height":1200},{"@type":"BreadcrumbList","@id":"https:\/\/metahospitalar.com.br\/es\/productos\/camilla-carro-concepto-con-elevacion\/#breadcrumb","itemListElement":[{"@type":"ListItem","position":1,"name":"In\u00edcio","item":"https:\/\/metahospitalar.com.br\/es\/"},{"@type":"ListItem","position":2,"name":"Productos Metahospitalar","item":"https:\/\/metahospitalar.com.br\/es\/productos-metahospitalarios\/"},{"@type":"ListItem","position":3,"name":"ND 1402 &#8211; Camilla carro concepto con elevaci\u00f3n"}]},{"@type":"WebSite","@id":"https:\/\/metahospitalar.com.br\/es\/#website","url":"https:\/\/metahospitalar.com.br\/es\/","name":"Metahospitalar","description":"M\u00f3veis hospitalares","publisher":{"@id":"https:\/\/metahospitalar.com.br\/es\/#organization"},"potentialAction":[{"@type":"SearchAction","target":{"@type":"EntryPoint","urlTemplate":"https:\/\/metahospitalar.com.br\/es\/?s={search_term_string}"},"query-input":{"@type":"PropertyValueSpecification","valueRequired":true,"valueName":"search_term_string"}}],"inLanguage":"es"},{"@type":"Organization","@id":"https:\/\/metahospitalar.com.br\/es\/#organization","name":"metahospitalar","alternateName":"Meta m\u00f3veis","url":"https:\/\/metahospitalar.com.br\/es\/","logo":{"@type":"ImageObject","inLanguage":"es","@id":"https:\/\/metahospitalar.com.br\/es\/#\/schema\/logo\/image\/","url":"https:\/\/metahospitalar.com.br\/wp-content\/uploads\/2022\/06\/META-HOSPITALAR-curva-icone-copiar.webp","contentUrl":"https:\/\/metahospitalar.com.br\/wp-content\/uploads\/2022\/06\/META-HOSPITALAR-curva-icone-copiar.webp","width":512,"height":512,"caption":"metahospitalar"},"image":{"@id":"https:\/\/metahospitalar.com.br\/es\/#\/schema\/logo\/image\/"},"sameAs":["https:\/\/www.facebook.com\/metahospitalar","https:\/\/x.com\/Metahospitalar","https:\/\/www.instagram.com\/metahospitalar\/","https:\/\/www.linkedin.com\/company\/metahospitalar\/"]}]}},"_links":{"self":[{"href":"https:\/\/metahospitalar.com.br\/es\/wp-json\/wp\/v2\/product\/32494","targetHints":{"allow":["GET"]}}],"collection":[{"href":"https:\/\/metahospitalar.com.br\/es\/wp-json\/wp\/v2\/product"}],"about":[{"href":"https:\/\/metahospitalar.com.br\/es\/wp-json\/wp\/v2\/types\/product"}],"version-history":[{"count":2,"href":"https:\/\/metahospitalar.com.br\/es\/wp-json\/wp\/v2\/product\/32494\/revisions"}],"predecessor-version":[{"id":32496,"href":"https:\/\/metahospitalar.com.br\/es\/wp-json\/wp\/v2\/product\/32494\/revisions\/32496"}],"wp:featuredmedia":[{"embeddable":true,"href":"https:\/\/metahospitalar.com.br\/es\/wp-json\/wp\/v2\/media\/22302"}],"wp:attachment":[{"href":"https:\/\/metahospitalar.com.br\/es\/wp-json\/wp\/v2\/media?parent=32494"}],"wp:term":[{"taxonomy":"product_brand","embeddable":true,"href":"https:\/\/metahospitalar.com.br\/es\/wp-json\/wp\/v2\/product_brand?post=32494"},{"taxonomy":"product_cat","embeddable":true,"href":"https:\/\/metahospitalar.com.br\/es\/wp-json\/wp\/v2\/product_cat?post=32494"},{"taxonomy":"product_tag","embeddable":true,"href":"https:\/\/metahospitalar.com.br\/es\/wp-json\/wp\/v2\/product_tag?post=32494"}],"curies":[{"name":"wp","href":"https:\/\/api.w.org\/{rel}","templated":true}]}}