{"id":32499,"date":"2026-01-29T09:58:53","date_gmt":"2026-01-29T12:58:53","guid":{"rendered":"https:\/\/metahospitalar.com.br\/?post_type=product&#038;p=32499"},"modified":"2026-02-04T10:44:30","modified_gmt":"2026-02-04T13:44:30","slug":"nd-1805-mesa-para-examen-ginecologico","status":"publish","type":"product","link":"https:\/\/metahospitalar.com.br\/es\/productos\/nd-1805-mesa-para-examen-ginecologico\/","title":{"rendered":"ND 1805 &#8211; Mesa para Examen Ginecol\u00f3gico"},"content":{"rendered":"<p><span style=\"font-weight: 400;\">Mesa para examen ginecol\u00f3gico Metahospitalar, con base de MDF y tirador met\u00e1lico. Cuenta con movimiento de dorso y piernas, apoyo para las piernas y soporte para papel descartable, ofreciendo comodidad y practicidad durante el examen.<\/span><\/p>\n<p>&nbsp;<\/p>\n<hr \/>\n<h4>Recursos Est\u00e1ndar<\/h4>\n<ul>\n<li>Soporte para Papel Descartable.<\/li>\n<li>Estructura de MDF.<\/li>\n<li>Acolchado en cuero ecol\u00f3gico de alta resistencia.<\/li>\n<li>2 Cajones.<\/li>\n<li>Elevaci\u00f3n de dorso.<\/li>\n<li>Ajuste del respaldo y de la piecera.<\/li>\n<li>Soporte p\/ muslos.<\/li>\n<li>Nicho.<\/li>\n<\/ul>\n<p>&nbsp;<\/p>\n<h4>RECURSOS OPCIONAL<\/h4>\n<p><strong>Cuero ecol\u00f3gico:<\/strong> Color s\u00f3lido<\/p>\n","protected":false},"excerpt":{"rendered":"<p>Mesa para examen ginecol\u00f3gico con elevaci\u00f3n del respaldo y ajuste de altura del piecero. Una mesa con buena estructura en MDF de alta calidad y patas en acero al carbono con tratamiento anticorrosivo.<\/p>\n<p>Cuenta con 2 cajones.<\/p>\n<p>Acolchado dividido en 3 partes: cabecera, lecho y piecero, fabricadas en l\u00e1minas de acero al carbono con espuma que proporciona confort al paciente y alta durabilidad.<\/p>\n<p><strong>*Imagen meramente ilustrativa.<\/strong><\/p>\n<p>Producto Registrado:<\/p>\n<p><img decoding=\"async\" class=\"alignnone wp-image-24700\" src=\"https:\/\/metahospitalar.com.br\/wp-content\/uploads\/2023\/04\/fda-277x300.webp\" alt=\"\" width=\"71\" height=\"77\" srcset=\"https:\/\/metahospitalar.com.br\/wp-content\/uploads\/2023\/04\/fda-277x300.webp 277w, https:\/\/metahospitalar.com.br\/wp-content\/uploads\/2023\/04\/fda-300x325.webp 300w, https:\/\/metahospitalar.com.br\/wp-content\/uploads\/2023\/04\/fda-600x649.webp 600w, https:\/\/metahospitalar.com.br\/wp-content\/uploads\/2023\/04\/fda.webp 720w\" sizes=\"(max-width: 71px) 100vw, 71px\" \/> <img decoding=\"async\" class=\"alignnone wp-image-24786\" src=\"https:\/\/metahospitalar.com.br\/wp-content\/uploads\/2023\/04\/certificadora-site-300x111.webp\" alt=\"\" width=\"165\" height=\"61\" srcset=\"https:\/\/metahospitalar.com.br\/wp-content\/uploads\/2023\/04\/certificadora-site-300x111.webp 300w, https:\/\/metahospitalar.com.br\/wp-content\/uploads\/2023\/04\/certificadora-site-768x284.webp 768w, https:\/\/metahospitalar.com.br\/wp-content\/uploads\/2023\/04\/certificadora-site-600x222.webp 600w, https:\/\/metahospitalar.com.br\/wp-content\/uploads\/2023\/04\/certificadora-site.webp 845w\" sizes=\"(max-width: 165px) 100vw, 165px\" \/><\/p>\n<p><span style=\"vertical-align: inherit;\">Inscri\u00e7\u00f5es: 80581990012<\/span><\/p>\n<p><a href=\"https:\/\/consultas.anvisa.gov.br\/#\/saude\/q\/?cnpj=01866388000170\" target=\"_blank\" rel=\"noopener\">Consulte Anvisa<\/a><\/p>\n","protected":false},"featured_media":26809,"template":"","meta":{"googlesitekit_rrm_CAow0fHbCw:productID":"","content-type":""},"product_brand":[],"product_cat":[572,776],"product_tag":[],"class_list":{"0":"post-32499","1":"product","2":"type-product","3":"status-publish","4":"has-post-thumbnail","6":"product_cat-mesa-para-examenes","7":"product_cat-nacimiento-y-bebe-es","9":"first","10":"instock","11":"shipping-taxable","12":"product-type-simple"},"yoast_head":"<!-- This site is optimized with the Yoast SEO plugin v27.2 - https:\/\/yoast.com\/product\/yoast-seo-wordpress\/ -->\n<title>ND 1805 - Mesa para Examen Ginecol\u00f3gico - Metahospitalar<\/title>\n<meta name=\"description\" content=\"Mesa para examen ginecol\u00f3gico Metahospitalar, con base de MDF y tirador met\u00e1lico. Cuenta con movimiento de dorso y piernas, adem\u00e1s de un soporte para las piernas, proporcionando comodidad y funcionalidad durante el examen.\" \/>\n<meta name=\"robots\" content=\"index, follow, max-snippet:-1, max-image-preview:large, max-video-preview:-1\" \/>\n<link rel=\"canonical\" href=\"https:\/\/metahospitalar.com.br\/es\/productos\/nd-1805-mesa-para-examen-ginecologico\/\" \/>\n<meta property=\"og:locale\" content=\"es_ES\" \/>\n<meta property=\"og:type\" content=\"article\" \/>\n<meta property=\"og:title\" content=\"ND 1805 - Mesa para Examen Ginecol\u00f3gico - Metahospitalar\" \/>\n<meta property=\"og:description\" content=\"Mesa para examen ginecol\u00f3gico Metahospitalar, con base de MDF y tirador met\u00e1lico. Cuenta con movimiento de dorso y piernas, adem\u00e1s de un soporte para las piernas, proporcionando comodidad y funcionalidad durante el examen.\" \/>\n<meta property=\"og:url\" content=\"https:\/\/metahospitalar.com.br\/es\/productos\/nd-1805-mesa-para-examen-ginecologico\/\" \/>\n<meta property=\"og:site_name\" content=\"Metahospitalar\" \/>\n<meta property=\"article:publisher\" content=\"https:\/\/www.facebook.com\/metahospitalar\" \/>\n<meta property=\"article:modified_time\" content=\"2026-02-04T13:44:30+00:00\" \/>\n<meta property=\"og:image\" content=\"https:\/\/metahospitalar.com.br\/wp-content\/uploads\/2022\/07\/ND-1805-pernas-baixadas-1-scaled.webp\" \/>\n\t<meta property=\"og:image:width\" content=\"2560\" \/>\n\t<meta property=\"og:image:height\" content=\"2560\" \/>\n\t<meta property=\"og:image:type\" content=\"image\/webp\" \/>\n<meta name=\"twitter:card\" content=\"summary_large_image\" \/>\n<meta name=\"twitter:site\" content=\"@Metahospitalar\" \/>\n<script type=\"application\/ld+json\" class=\"yoast-schema-graph\">{\"@context\":\"https:\/\/schema.org\",\"@graph\":[{\"@type\":\"WebPage\",\"@id\":\"https:\/\/metahospitalar.com.br\/es\/productos\/nd-1805-mesa-para-examen-ginecologico\/\",\"url\":\"https:\/\/metahospitalar.com.br\/es\/productos\/nd-1805-mesa-para-examen-ginecologico\/\",\"name\":\"ND 1805 - Mesa para Examen Ginecol\u00f3gico - Metahospitalar\",\"isPartOf\":{\"@id\":\"https:\/\/metahospitalar.com.br\/es\/#website\"},\"primaryImageOfPage\":{\"@id\":\"https:\/\/metahospitalar.com.br\/es\/productos\/nd-1805-mesa-para-examen-ginecologico\/#primaryimage\"},\"image\":{\"@id\":\"https:\/\/metahospitalar.com.br\/es\/productos\/nd-1805-mesa-para-examen-ginecologico\/#primaryimage\"},\"thumbnailUrl\":\"https:\/\/metahospitalar.com.br\/wp-content\/uploads\/2022\/07\/ND-1805-pernas-baixadas-1-scaled.webp\",\"datePublished\":\"2026-01-29T12:58:53+00:00\",\"dateModified\":\"2026-02-04T13:44:30+00:00\",\"description\":\"Mesa para examen ginecol\u00f3gico Metahospitalar, con base de MDF y tirador met\u00e1lico. Cuenta con movimiento de dorso y piernas, adem\u00e1s de un soporte para las piernas, proporcionando comodidad y funcionalidad durante el examen.\",\"breadcrumb\":{\"@id\":\"https:\/\/metahospitalar.com.br\/es\/productos\/nd-1805-mesa-para-examen-ginecologico\/#breadcrumb\"},\"inLanguage\":\"es\",\"potentialAction\":[{\"@type\":\"ReadAction\",\"target\":[\"https:\/\/metahospitalar.com.br\/es\/productos\/nd-1805-mesa-para-examen-ginecologico\/\"]}]},{\"@type\":\"ImageObject\",\"inLanguage\":\"es\",\"@id\":\"https:\/\/metahospitalar.com.br\/es\/productos\/nd-1805-mesa-para-examen-ginecologico\/#primaryimage\",\"url\":\"https:\/\/metahospitalar.com.br\/wp-content\/uploads\/2022\/07\/ND-1805-pernas-baixadas-1-scaled.webp\",\"contentUrl\":\"https:\/\/metahospitalar.com.br\/wp-content\/uploads\/2022\/07\/ND-1805-pernas-baixadas-1-scaled.webp\",\"width\":2560,\"height\":2560},{\"@type\":\"BreadcrumbList\",\"@id\":\"https:\/\/metahospitalar.com.br\/es\/productos\/nd-1805-mesa-para-examen-ginecologico\/#breadcrumb\",\"itemListElement\":[{\"@type\":\"ListItem\",\"position\":1,\"name\":\"In\u00edcio\",\"item\":\"https:\/\/metahospitalar.com.br\/es\/\"},{\"@type\":\"ListItem\",\"position\":2,\"name\":\"Productos Metahospitalar\",\"item\":\"https:\/\/metahospitalar.com.br\/es\/productos-metahospitalarios\/\"},{\"@type\":\"ListItem\",\"position\":3,\"name\":\"ND 1805 &#8211; Mesa para Examen Ginecol\u00f3gico\"}]},{\"@type\":\"WebSite\",\"@id\":\"https:\/\/metahospitalar.com.br\/es\/#website\",\"url\":\"https:\/\/metahospitalar.com.br\/es\/\",\"name\":\"Metahospitalar\",\"description\":\"M\u00f3veis hospitalares\",\"publisher\":{\"@id\":\"https:\/\/metahospitalar.com.br\/es\/#organization\"},\"potentialAction\":[{\"@type\":\"SearchAction\",\"target\":{\"@type\":\"EntryPoint\",\"urlTemplate\":\"https:\/\/metahospitalar.com.br\/es\/?s={search_term_string}\"},\"query-input\":{\"@type\":\"PropertyValueSpecification\",\"valueRequired\":true,\"valueName\":\"search_term_string\"}}],\"inLanguage\":\"es\"},{\"@type\":\"Organization\",\"@id\":\"https:\/\/metahospitalar.com.br\/es\/#organization\",\"name\":\"metahospitalar\",\"alternateName\":\"Meta m\u00f3veis\",\"url\":\"https:\/\/metahospitalar.com.br\/es\/\",\"logo\":{\"@type\":\"ImageObject\",\"inLanguage\":\"es\",\"@id\":\"https:\/\/metahospitalar.com.br\/es\/#\/schema\/logo\/image\/\",\"url\":\"https:\/\/metahospitalar.com.br\/wp-content\/uploads\/2022\/06\/META-HOSPITALAR-curva-icone-copiar.webp\",\"contentUrl\":\"https:\/\/metahospitalar.com.br\/wp-content\/uploads\/2022\/06\/META-HOSPITALAR-curva-icone-copiar.webp\",\"width\":512,\"height\":512,\"caption\":\"metahospitalar\"},\"image\":{\"@id\":\"https:\/\/metahospitalar.com.br\/es\/#\/schema\/logo\/image\/\"},\"sameAs\":[\"https:\/\/www.facebook.com\/metahospitalar\",\"https:\/\/x.com\/Metahospitalar\",\"https:\/\/www.instagram.com\/metahospitalar\/\",\"https:\/\/www.linkedin.com\/company\/metahospitalar\/\"]}]}<\/script>\n<!-- \/ Yoast SEO plugin. -->","yoast_head_json":{"title":"ND 1805 - Mesa para Examen Ginecol\u00f3gico - Metahospitalar","description":"Mesa para examen ginecol\u00f3gico Metahospitalar, con base de MDF y tirador met\u00e1lico. Cuenta con movimiento de dorso y piernas, adem\u00e1s de un soporte para las piernas, proporcionando comodidad y funcionalidad durante el examen.","robots":{"index":"index","follow":"follow","max-snippet":"max-snippet:-1","max-image-preview":"max-image-preview:large","max-video-preview":"max-video-preview:-1"},"canonical":"https:\/\/metahospitalar.com.br\/es\/productos\/nd-1805-mesa-para-examen-ginecologico\/","og_locale":"es_ES","og_type":"article","og_title":"ND 1805 - Mesa para Examen Ginecol\u00f3gico - Metahospitalar","og_description":"Mesa para examen ginecol\u00f3gico Metahospitalar, con base de MDF y tirador met\u00e1lico. Cuenta con movimiento de dorso y piernas, adem\u00e1s de un soporte para las piernas, proporcionando comodidad y funcionalidad durante el examen.","og_url":"https:\/\/metahospitalar.com.br\/es\/productos\/nd-1805-mesa-para-examen-ginecologico\/","og_site_name":"Metahospitalar","article_publisher":"https:\/\/www.facebook.com\/metahospitalar","article_modified_time":"2026-02-04T13:44:30+00:00","og_image":[{"width":2560,"height":2560,"url":"https:\/\/metahospitalar.com.br\/wp-content\/uploads\/2022\/07\/ND-1805-pernas-baixadas-1-scaled.webp","type":"image\/webp"}],"twitter_card":"summary_large_image","twitter_site":"@Metahospitalar","schema":{"@context":"https:\/\/schema.org","@graph":[{"@type":"WebPage","@id":"https:\/\/metahospitalar.com.br\/es\/productos\/nd-1805-mesa-para-examen-ginecologico\/","url":"https:\/\/metahospitalar.com.br\/es\/productos\/nd-1805-mesa-para-examen-ginecologico\/","name":"ND 1805 - Mesa para Examen Ginecol\u00f3gico - Metahospitalar","isPartOf":{"@id":"https:\/\/metahospitalar.com.br\/es\/#website"},"primaryImageOfPage":{"@id":"https:\/\/metahospitalar.com.br\/es\/productos\/nd-1805-mesa-para-examen-ginecologico\/#primaryimage"},"image":{"@id":"https:\/\/metahospitalar.com.br\/es\/productos\/nd-1805-mesa-para-examen-ginecologico\/#primaryimage"},"thumbnailUrl":"https:\/\/metahospitalar.com.br\/wp-content\/uploads\/2022\/07\/ND-1805-pernas-baixadas-1-scaled.webp","datePublished":"2026-01-29T12:58:53+00:00","dateModified":"2026-02-04T13:44:30+00:00","description":"Mesa para examen ginecol\u00f3gico Metahospitalar, con base de MDF y tirador met\u00e1lico. Cuenta con movimiento de dorso y piernas, adem\u00e1s de un soporte para las piernas, proporcionando comodidad y funcionalidad durante el examen.","breadcrumb":{"@id":"https:\/\/metahospitalar.com.br\/es\/productos\/nd-1805-mesa-para-examen-ginecologico\/#breadcrumb"},"inLanguage":"es","potentialAction":[{"@type":"ReadAction","target":["https:\/\/metahospitalar.com.br\/es\/productos\/nd-1805-mesa-para-examen-ginecologico\/"]}]},{"@type":"ImageObject","inLanguage":"es","@id":"https:\/\/metahospitalar.com.br\/es\/productos\/nd-1805-mesa-para-examen-ginecologico\/#primaryimage","url":"https:\/\/metahospitalar.com.br\/wp-content\/uploads\/2022\/07\/ND-1805-pernas-baixadas-1-scaled.webp","contentUrl":"https:\/\/metahospitalar.com.br\/wp-content\/uploads\/2022\/07\/ND-1805-pernas-baixadas-1-scaled.webp","width":2560,"height":2560},{"@type":"BreadcrumbList","@id":"https:\/\/metahospitalar.com.br\/es\/productos\/nd-1805-mesa-para-examen-ginecologico\/#breadcrumb","itemListElement":[{"@type":"ListItem","position":1,"name":"In\u00edcio","item":"https:\/\/metahospitalar.com.br\/es\/"},{"@type":"ListItem","position":2,"name":"Productos Metahospitalar","item":"https:\/\/metahospitalar.com.br\/es\/productos-metahospitalarios\/"},{"@type":"ListItem","position":3,"name":"ND 1805 &#8211; Mesa para Examen Ginecol\u00f3gico"}]},{"@type":"WebSite","@id":"https:\/\/metahospitalar.com.br\/es\/#website","url":"https:\/\/metahospitalar.com.br\/es\/","name":"Metahospitalar","description":"M\u00f3veis hospitalares","publisher":{"@id":"https:\/\/metahospitalar.com.br\/es\/#organization"},"potentialAction":[{"@type":"SearchAction","target":{"@type":"EntryPoint","urlTemplate":"https:\/\/metahospitalar.com.br\/es\/?s={search_term_string}"},"query-input":{"@type":"PropertyValueSpecification","valueRequired":true,"valueName":"search_term_string"}}],"inLanguage":"es"},{"@type":"Organization","@id":"https:\/\/metahospitalar.com.br\/es\/#organization","name":"metahospitalar","alternateName":"Meta m\u00f3veis","url":"https:\/\/metahospitalar.com.br\/es\/","logo":{"@type":"ImageObject","inLanguage":"es","@id":"https:\/\/metahospitalar.com.br\/es\/#\/schema\/logo\/image\/","url":"https:\/\/metahospitalar.com.br\/wp-content\/uploads\/2022\/06\/META-HOSPITALAR-curva-icone-copiar.webp","contentUrl":"https:\/\/metahospitalar.com.br\/wp-content\/uploads\/2022\/06\/META-HOSPITALAR-curva-icone-copiar.webp","width":512,"height":512,"caption":"metahospitalar"},"image":{"@id":"https:\/\/metahospitalar.com.br\/es\/#\/schema\/logo\/image\/"},"sameAs":["https:\/\/www.facebook.com\/metahospitalar","https:\/\/x.com\/Metahospitalar","https:\/\/www.instagram.com\/metahospitalar\/","https:\/\/www.linkedin.com\/company\/metahospitalar\/"]}]}},"_links":{"self":[{"href":"https:\/\/metahospitalar.com.br\/es\/wp-json\/wp\/v2\/product\/32499","targetHints":{"allow":["GET"]}}],"collection":[{"href":"https:\/\/metahospitalar.com.br\/es\/wp-json\/wp\/v2\/product"}],"about":[{"href":"https:\/\/metahospitalar.com.br\/es\/wp-json\/wp\/v2\/types\/product"}],"version-history":[{"count":2,"href":"https:\/\/metahospitalar.com.br\/es\/wp-json\/wp\/v2\/product\/32499\/revisions"}],"predecessor-version":[{"id":32501,"href":"https:\/\/metahospitalar.com.br\/es\/wp-json\/wp\/v2\/product\/32499\/revisions\/32501"}],"wp:featuredmedia":[{"embeddable":true,"href":"https:\/\/metahospitalar.com.br\/es\/wp-json\/wp\/v2\/media\/26809"}],"wp:attachment":[{"href":"https:\/\/metahospitalar.com.br\/es\/wp-json\/wp\/v2\/media?parent=32499"}],"wp:term":[{"taxonomy":"product_brand","embeddable":true,"href":"https:\/\/metahospitalar.com.br\/es\/wp-json\/wp\/v2\/product_brand?post=32499"},{"taxonomy":"product_cat","embeddable":true,"href":"https:\/\/metahospitalar.com.br\/es\/wp-json\/wp\/v2\/product_cat?post=32499"},{"taxonomy":"product_tag","embeddable":true,"href":"https:\/\/metahospitalar.com.br\/es\/wp-json\/wp\/v2\/product_tag?post=32499"}],"curies":[{"name":"wp","href":"https:\/\/api.w.org\/{rel}","templated":true}]}}