{"id":32870,"date":"2025-06-27T08:11:30","date_gmt":"2025-06-27T11:11:30","guid":{"rendered":"https:\/\/metahospitalar.com.br\/produto\/mt-166-evolution-care\/"},"modified":"2025-06-27T08:11:30","modified_gmt":"2025-06-27T11:11:30","slug":"mt-166-evolution-care","status":"publish","type":"product","link":"https:\/\/metahospitalar.com.br\/es\/productos\/mt-166-evolution-care\/","title":{"rendered":"MT 166 &#8211; Evolution Care"},"content":{"rendered":"<h2>Cama hospitalarias el\u00e9ctricas MT 166 Evolution Care<\/h2>\n<p>La cama Fowler motorizada MT 166 Evolution Care fue dise\u00f1ada para Unidades de Cuidados Intensivos que requieren robustez estructural, tecnolog\u00eda electr\u00f3nica avanzada e integraci\u00f3n total con los flujos de monitoreo. Con altura m\u00ednima de 33 cm, ruedas de 6\u2033 con sistema direccional y freno total, y CPR manual o digital integrado, la cama garantiza seguridad para el paciente y productividad cl\u00ednica para el equipo asistencial.<br \/><strong data-start=\"1502\" data-end=\"1517\">* Cuenta con variantes y opciones disponibles.<\/strong>   <\/p>\n<p>&nbsp;<\/p>\n","protected":false},"excerpt":{"rendered":"<p>UTI Motorizada<br \/>\nCantidad de posiciones: 8 | Bivolt | Con CPR | Ruedas de 6&#8243; | Freno total y direccional | Colch\u00f3n incluido<br \/>\nCuenta con variaciones. Con opcionales.<br \/>\nProducto registrado: <\/p>\n<p><img decoding=\"async\" class=\"alignnone wp-image-24700\" src=\"https:\/\/metahospitalar.com.br\/wp-content\/uploads\/2023\/04\/fda-277x300.webp\" alt=\"\" width=\"71\" height=\"77\" srcset=\"https:\/\/metahospitalar.com.br\/wp-content\/uploads\/2023\/04\/fda-277x300.webp 277w, https:\/\/metahospitalar.com.br\/wp-content\/uploads\/2023\/04\/fda-300x325.webp 300w, https:\/\/metahospitalar.com.br\/wp-content\/uploads\/2023\/04\/fda-600x649.webp 600w, https:\/\/metahospitalar.com.br\/wp-content\/uploads\/2023\/04\/fda.webp 720w\" sizes=\"(max-width: 71px) 100vw, 71px\" \/>  <img decoding=\"async\" class=\"alignnone wp-image-24786\" src=\"https:\/\/metahospitalar.com.br\/wp-content\/uploads\/2023\/04\/certificadora-site-300x111.webp\" alt=\"\" width=\"165\" height=\"61\" srcset=\"https:\/\/metahospitalar.com.br\/wp-content\/uploads\/2023\/04\/certificadora-site-300x111.webp 300w, https:\/\/metahospitalar.com.br\/wp-content\/uploads\/2023\/04\/certificadora-site-768x284.webp 768w, https:\/\/metahospitalar.com.br\/wp-content\/uploads\/2023\/04\/certificadora-site-600x222.webp 600w, https:\/\/metahospitalar.com.br\/wp-content\/uploads\/2023\/04\/certificadora-site.webp 845w\" sizes=\"(max-width: 165px) 100vw, 165px\" \/><\/p>\n<p><span style=\"vertical-align: inherit;\">Inscripciones: 80581990009<\/span><\/p>\n<p><a class=\"yoast-text-mark\" href=\"https:\/\/consultas.anvisa.gov.br\/#\/saude\/25351421430201602\/?cnpj=01866388000170\">Consulte Anvisa<\/a><\/p>\n","protected":false},"featured_media":32270,"template":"","meta":{"googlesitekit_rrm_CAow0fHbCw:productID":"","content-type":""},"product_brand":[],"product_cat":[481,483],"product_tag":[],"class_list":{"0":"post-32870","1":"product","2":"type-product","3":"status-publish","4":"has-post-thumbnail","6":"product_cat-cama-hospitalaria","7":"product_cat-cama-uci","9":"first","10":"instock","11":"featured","12":"virtual","13":"purchasable","14":"product-type-simple"},"yoast_head":"<!-- This site is optimized with the Yoast SEO plugin v27.2 - https:\/\/yoast.com\/product\/yoast-seo-wordpress\/ -->\n<title>Cama Fowler Motorizada MT 166 Evolution Care para UCI - Metahospitalar<\/title>\n<meta name=\"description\" content=\"Cama hospitalaria Fowler motorizada para UCI con CPR manual y digital, respaldo radiotransparente para rayos X, ruedas de 6\u2033 con freno total y direccional y altura m\u00ednima de 33 cm. Solicite su cotizaci\u00f3n inmediata.\" \/>\n<meta name=\"robots\" content=\"index, follow, max-snippet:-1, max-image-preview:large, max-video-preview:-1\" \/>\n<link rel=\"canonical\" href=\"https:\/\/metahospitalar.com.br\/es\/productos\/mt-166-evolution-care\/\" \/>\n<meta property=\"og:locale\" content=\"es_ES\" \/>\n<meta property=\"og:type\" content=\"article\" \/>\n<meta property=\"og:title\" content=\"Cama Fowler Motorizada MT 166 Evolution Care para UCI - Metahospitalar\" \/>\n<meta property=\"og:description\" content=\"Cama hospitalaria Fowler motorizada para UCI con CPR manual y digital, respaldo radiotransparente para rayos X, ruedas de 6\u2033 con freno total y direccional y altura m\u00ednima de 33 cm. Solicite su cotizaci\u00f3n inmediata.\" \/>\n<meta property=\"og:url\" content=\"https:\/\/metahospitalar.com.br\/es\/productos\/mt-166-evolution-care\/\" \/>\n<meta property=\"og:site_name\" content=\"Metahospitalar\" \/>\n<meta property=\"article:publisher\" content=\"https:\/\/www.facebook.com\/metahospitalar\" \/>\n<meta property=\"og:image\" content=\"https:\/\/metahospitalar.com.br\/wp-content\/uploads\/2025\/06\/MT-166-1-scaled.webp\" \/>\n\t<meta property=\"og:image:width\" content=\"2560\" \/>\n\t<meta property=\"og:image:height\" content=\"2133\" \/>\n\t<meta property=\"og:image:type\" content=\"image\/webp\" \/>\n<meta name=\"twitter:card\" content=\"summary_large_image\" \/>\n<meta name=\"twitter:site\" content=\"@Metahospitalar\" \/>\n<script type=\"application\/ld+json\" class=\"yoast-schema-graph\">{\"@context\":\"https:\/\/schema.org\",\"@graph\":[{\"@type\":\"WebPage\",\"@id\":\"https:\/\/metahospitalar.com.br\/es\/productos\/mt-166-evolution-care\/\",\"url\":\"https:\/\/metahospitalar.com.br\/es\/productos\/mt-166-evolution-care\/\",\"name\":\"Cama Fowler Motorizada MT 166 Evolution Care para UCI - Metahospitalar\",\"isPartOf\":{\"@id\":\"https:\/\/metahospitalar.com.br\/es\/#website\"},\"primaryImageOfPage\":{\"@id\":\"https:\/\/metahospitalar.com.br\/es\/productos\/mt-166-evolution-care\/#primaryimage\"},\"image\":{\"@id\":\"https:\/\/metahospitalar.com.br\/es\/productos\/mt-166-evolution-care\/#primaryimage\"},\"thumbnailUrl\":\"https:\/\/metahospitalar.com.br\/wp-content\/uploads\/2025\/06\/MT-166-1-scaled.webp\",\"datePublished\":\"2025-06-27T11:11:30+00:00\",\"description\":\"Cama hospitalaria Fowler motorizada para UCI con CPR manual y digital, respaldo radiotransparente para rayos X, ruedas de 6\u2033 con freno total y direccional y altura m\u00ednima de 33 cm. Solicite su cotizaci\u00f3n inmediata.\",\"breadcrumb\":{\"@id\":\"https:\/\/metahospitalar.com.br\/es\/productos\/mt-166-evolution-care\/#breadcrumb\"},\"inLanguage\":\"es\",\"potentialAction\":[{\"@type\":\"ReadAction\",\"target\":[\"https:\/\/metahospitalar.com.br\/es\/productos\/mt-166-evolution-care\/\"]}]},{\"@type\":\"ImageObject\",\"inLanguage\":\"es\",\"@id\":\"https:\/\/metahospitalar.com.br\/es\/productos\/mt-166-evolution-care\/#primaryimage\",\"url\":\"https:\/\/metahospitalar.com.br\/wp-content\/uploads\/2025\/06\/MT-166-1-scaled.webp\",\"contentUrl\":\"https:\/\/metahospitalar.com.br\/wp-content\/uploads\/2025\/06\/MT-166-1-scaled.webp\",\"width\":2560,\"height\":2133,\"caption\":\"cama fowler\"},{\"@type\":\"BreadcrumbList\",\"@id\":\"https:\/\/metahospitalar.com.br\/es\/productos\/mt-166-evolution-care\/#breadcrumb\",\"itemListElement\":[{\"@type\":\"ListItem\",\"position\":1,\"name\":\"In\u00edcio\",\"item\":\"https:\/\/metahospitalar.com.br\/es\/\"},{\"@type\":\"ListItem\",\"position\":2,\"name\":\"Productos Metahospitalar\",\"item\":\"https:\/\/metahospitalar.com.br\/es\/productos-metahospitalarios\/\"},{\"@type\":\"ListItem\",\"position\":3,\"name\":\"MT 166 &#8211; Evolution Care\"}]},{\"@type\":\"WebSite\",\"@id\":\"https:\/\/metahospitalar.com.br\/es\/#website\",\"url\":\"https:\/\/metahospitalar.com.br\/es\/\",\"name\":\"Metahospitalar\",\"description\":\"M\u00f3veis hospitalares\",\"publisher\":{\"@id\":\"https:\/\/metahospitalar.com.br\/es\/#organization\"},\"potentialAction\":[{\"@type\":\"SearchAction\",\"target\":{\"@type\":\"EntryPoint\",\"urlTemplate\":\"https:\/\/metahospitalar.com.br\/es\/?s={search_term_string}\"},\"query-input\":{\"@type\":\"PropertyValueSpecification\",\"valueRequired\":true,\"valueName\":\"search_term_string\"}}],\"inLanguage\":\"es\"},{\"@type\":\"Organization\",\"@id\":\"https:\/\/metahospitalar.com.br\/es\/#organization\",\"name\":\"metahospitalar\",\"alternateName\":\"Meta m\u00f3veis\",\"url\":\"https:\/\/metahospitalar.com.br\/es\/\",\"logo\":{\"@type\":\"ImageObject\",\"inLanguage\":\"es\",\"@id\":\"https:\/\/metahospitalar.com.br\/es\/#\/schema\/logo\/image\/\",\"url\":\"https:\/\/metahospitalar.com.br\/wp-content\/uploads\/2022\/06\/META-HOSPITALAR-curva-icone-copiar.webp\",\"contentUrl\":\"https:\/\/metahospitalar.com.br\/wp-content\/uploads\/2022\/06\/META-HOSPITALAR-curva-icone-copiar.webp\",\"width\":512,\"height\":512,\"caption\":\"metahospitalar\"},\"image\":{\"@id\":\"https:\/\/metahospitalar.com.br\/es\/#\/schema\/logo\/image\/\"},\"sameAs\":[\"https:\/\/www.facebook.com\/metahospitalar\",\"https:\/\/x.com\/Metahospitalar\",\"https:\/\/www.instagram.com\/metahospitalar\/\",\"https:\/\/www.linkedin.com\/company\/metahospitalar\/\"]}]}<\/script>\n<!-- \/ Yoast SEO plugin. -->","yoast_head_json":{"title":"Cama Fowler Motorizada MT 166 Evolution Care para UCI - Metahospitalar","description":"Cama hospitalaria Fowler motorizada para UCI con CPR manual y digital, respaldo radiotransparente para rayos X, ruedas de 6\u2033 con freno total y direccional y altura m\u00ednima de 33 cm. Solicite su cotizaci\u00f3n inmediata.","robots":{"index":"index","follow":"follow","max-snippet":"max-snippet:-1","max-image-preview":"max-image-preview:large","max-video-preview":"max-video-preview:-1"},"canonical":"https:\/\/metahospitalar.com.br\/es\/productos\/mt-166-evolution-care\/","og_locale":"es_ES","og_type":"article","og_title":"Cama Fowler Motorizada MT 166 Evolution Care para UCI - Metahospitalar","og_description":"Cama hospitalaria Fowler motorizada para UCI con CPR manual y digital, respaldo radiotransparente para rayos X, ruedas de 6\u2033 con freno total y direccional y altura m\u00ednima de 33 cm. Solicite su cotizaci\u00f3n inmediata.","og_url":"https:\/\/metahospitalar.com.br\/es\/productos\/mt-166-evolution-care\/","og_site_name":"Metahospitalar","article_publisher":"https:\/\/www.facebook.com\/metahospitalar","og_image":[{"width":2560,"height":2133,"url":"https:\/\/metahospitalar.com.br\/wp-content\/uploads\/2025\/06\/MT-166-1-scaled.webp","type":"image\/webp"}],"twitter_card":"summary_large_image","twitter_site":"@Metahospitalar","schema":{"@context":"https:\/\/schema.org","@graph":[{"@type":"WebPage","@id":"https:\/\/metahospitalar.com.br\/es\/productos\/mt-166-evolution-care\/","url":"https:\/\/metahospitalar.com.br\/es\/productos\/mt-166-evolution-care\/","name":"Cama Fowler Motorizada MT 166 Evolution Care para UCI - Metahospitalar","isPartOf":{"@id":"https:\/\/metahospitalar.com.br\/es\/#website"},"primaryImageOfPage":{"@id":"https:\/\/metahospitalar.com.br\/es\/productos\/mt-166-evolution-care\/#primaryimage"},"image":{"@id":"https:\/\/metahospitalar.com.br\/es\/productos\/mt-166-evolution-care\/#primaryimage"},"thumbnailUrl":"https:\/\/metahospitalar.com.br\/wp-content\/uploads\/2025\/06\/MT-166-1-scaled.webp","datePublished":"2025-06-27T11:11:30+00:00","description":"Cama hospitalaria Fowler motorizada para UCI con CPR manual y digital, respaldo radiotransparente para rayos X, ruedas de 6\u2033 con freno total y direccional y altura m\u00ednima de 33 cm. Solicite su cotizaci\u00f3n inmediata.","breadcrumb":{"@id":"https:\/\/metahospitalar.com.br\/es\/productos\/mt-166-evolution-care\/#breadcrumb"},"inLanguage":"es","potentialAction":[{"@type":"ReadAction","target":["https:\/\/metahospitalar.com.br\/es\/productos\/mt-166-evolution-care\/"]}]},{"@type":"ImageObject","inLanguage":"es","@id":"https:\/\/metahospitalar.com.br\/es\/productos\/mt-166-evolution-care\/#primaryimage","url":"https:\/\/metahospitalar.com.br\/wp-content\/uploads\/2025\/06\/MT-166-1-scaled.webp","contentUrl":"https:\/\/metahospitalar.com.br\/wp-content\/uploads\/2025\/06\/MT-166-1-scaled.webp","width":2560,"height":2133,"caption":"cama fowler"},{"@type":"BreadcrumbList","@id":"https:\/\/metahospitalar.com.br\/es\/productos\/mt-166-evolution-care\/#breadcrumb","itemListElement":[{"@type":"ListItem","position":1,"name":"In\u00edcio","item":"https:\/\/metahospitalar.com.br\/es\/"},{"@type":"ListItem","position":2,"name":"Productos Metahospitalar","item":"https:\/\/metahospitalar.com.br\/es\/productos-metahospitalarios\/"},{"@type":"ListItem","position":3,"name":"MT 166 &#8211; Evolution Care"}]},{"@type":"WebSite","@id":"https:\/\/metahospitalar.com.br\/es\/#website","url":"https:\/\/metahospitalar.com.br\/es\/","name":"Metahospitalar","description":"M\u00f3veis hospitalares","publisher":{"@id":"https:\/\/metahospitalar.com.br\/es\/#organization"},"potentialAction":[{"@type":"SearchAction","target":{"@type":"EntryPoint","urlTemplate":"https:\/\/metahospitalar.com.br\/es\/?s={search_term_string}"},"query-input":{"@type":"PropertyValueSpecification","valueRequired":true,"valueName":"search_term_string"}}],"inLanguage":"es"},{"@type":"Organization","@id":"https:\/\/metahospitalar.com.br\/es\/#organization","name":"metahospitalar","alternateName":"Meta m\u00f3veis","url":"https:\/\/metahospitalar.com.br\/es\/","logo":{"@type":"ImageObject","inLanguage":"es","@id":"https:\/\/metahospitalar.com.br\/es\/#\/schema\/logo\/image\/","url":"https:\/\/metahospitalar.com.br\/wp-content\/uploads\/2022\/06\/META-HOSPITALAR-curva-icone-copiar.webp","contentUrl":"https:\/\/metahospitalar.com.br\/wp-content\/uploads\/2022\/06\/META-HOSPITALAR-curva-icone-copiar.webp","width":512,"height":512,"caption":"metahospitalar"},"image":{"@id":"https:\/\/metahospitalar.com.br\/es\/#\/schema\/logo\/image\/"},"sameAs":["https:\/\/www.facebook.com\/metahospitalar","https:\/\/x.com\/Metahospitalar","https:\/\/www.instagram.com\/metahospitalar\/","https:\/\/www.linkedin.com\/company\/metahospitalar\/"]}]}},"_links":{"self":[{"href":"https:\/\/metahospitalar.com.br\/es\/wp-json\/wp\/v2\/product\/32870","targetHints":{"allow":["GET"]}}],"collection":[{"href":"https:\/\/metahospitalar.com.br\/es\/wp-json\/wp\/v2\/product"}],"about":[{"href":"https:\/\/metahospitalar.com.br\/es\/wp-json\/wp\/v2\/types\/product"}],"version-history":[{"count":0,"href":"https:\/\/metahospitalar.com.br\/es\/wp-json\/wp\/v2\/product\/32870\/revisions"}],"wp:featuredmedia":[{"embeddable":true,"href":"https:\/\/metahospitalar.com.br\/es\/wp-json\/wp\/v2\/media\/32270"}],"wp:attachment":[{"href":"https:\/\/metahospitalar.com.br\/es\/wp-json\/wp\/v2\/media?parent=32870"}],"wp:term":[{"taxonomy":"product_brand","embeddable":true,"href":"https:\/\/metahospitalar.com.br\/es\/wp-json\/wp\/v2\/product_brand?post=32870"},{"taxonomy":"product_cat","embeddable":true,"href":"https:\/\/metahospitalar.com.br\/es\/wp-json\/wp\/v2\/product_cat?post=32870"},{"taxonomy":"product_tag","embeddable":true,"href":"https:\/\/metahospitalar.com.br\/es\/wp-json\/wp\/v2\/product_tag?post=32870"}],"curies":[{"name":"wp","href":"https:\/\/api.w.org\/{rel}","templated":true}]}}